{"id":775,"date":"2016-06-29T11:26:42","date_gmt":"2016-06-29T10:26:42","guid":{"rendered":"https:\/\/www.chateau-brissac.fr\/association-des-amis-du-chateau-de-brissac\/"},"modified":"2024-01-21T17:40:21","modified_gmt":"2024-01-21T16:40:21","slug":"association-des-amis-du-chateau-de-brissac","status":"publish","type":"page","link":"https:\/\/brissac.net\/en\/association-des-amis-du-chateau-de-brissac\/","title":{"rendered":"Association des Amis du ch\u00e2teau de Brissac"},"content":{"rendered":"<div class=\"gb-container gb-container-ea523260 alignwide gb-container-banner-full-width\"><div class=\"gb-inside-container\"><\/div><\/div>\n\n<div class=\"gb-container gb-container-d78ff7ce\"><div class=\"gb-inside-container\">\n\n<blockquote class=\"wp-block-quote is-layout-flow wp-block-quote-is-layout-flow\">\n<p>Les Amis du Ch\u00e2teau de Brissac et de son parc, class\u00e9s Monument Historique le 03 novembre 1958<br>Association reconnue d\u2019int\u00e9r\u00eat g\u00e9n\u00e9ral, plac\u00e9e sous le r\u00e9gime de la loi du 1er juillet 1901 enregistr\u00e9e en pr\u00e9fecture du Maine et Loire N\u00b0 W149003558<\/p>\n<\/blockquote>\n\n\n<div class=\"gb-grid-wrapper gb-grid-wrapper-ca68d5e6\">\n<div class=\"gb-grid-column gb-grid-column-792035c8\"><div class=\"gb-container gb-container-792035c8\"><div class=\"gb-inside-container\">\n\n<p><strong>Les Amis du Ch\u00e2teau de Brissac contribuent \u00e0 la protection et au rayonnement d\u2019un patrimoine vivant dont l\u2019architecture et les collections d\u2019art sont des t\u00e9moignages majeurs de l\u2019Histoire de France.<\/strong><\/p>\n\n\n\n<p>Les membres de l\u2019association peuvent participer de fa\u00e7on active \u00e0 des programmes de restauration &#8211; en particulier des travaux de peinture de fen\u00eatres ou de r\u00e9novation de vitrines , et aux animations, notamment lors des journ\u00e9es du patrimoine ou du march\u00e9 de No\u00ebl par exemple.<\/p>\n\n\n\n<p>Les membres sont tenus inform\u00e9s des manifestations et des activit\u00e9s organis\u00e9es par l\u2019Association ou ayant pour cadre le Ch\u00e2teau de Brissac et son parc. Une assembl\u00e9e g\u00e9n\u00e9rale annuelle organis\u00e9e dans le cadre prestigieux des salons du ch\u00e2teau permet de pr\u00e9senter les nouveaux projets et les r\u00e9alisations in situ.<\/p>\n\n\n\n<p>L\u2019Association a notamment pour objet :<\/p>\n\n\n\n<ul class=\"wp-block-list\">\n<li>D\u2019apporter son appui moral et mat\u00e9riel \u00e0 la sauvegarde du Ch\u00e2teau de Brissac et de son parc, ainsi qu\u2019\u00e0 la protection de son site et de son environnement<\/li>\n\n\n\n<li>De contribuer \u00e0 la restauration et \u00e0 l\u2019enrichissement des collections d\u2019\u0153uvres d\u2019art que le ch\u00e2teau pr\u00e9sente au public<\/li>\n\n\n\n<li>De promouvoir toutes activit\u00e9s et animations afin de d\u00e9velopper le rayonnement culturel de Brissac aupr\u00e8s d\u2019un public tant fran\u00e7ais qu\u2019europ\u00e9en et international.<\/li>\n<\/ul>\n\n<\/div><\/div><\/div>\n\n<div class=\"gb-grid-column gb-grid-column-db0901a0\"><div class=\"gb-container gb-container-db0901a0\"><div class=\"gb-inside-container\"><\/div><\/div><\/div>\n\n<div class=\"gb-grid-column gb-grid-column-de5ee339\"><div class=\"gb-container gb-container-de5ee339\"><div class=\"gb-inside-container\"><\/div><\/div><\/div>\n\n<div class=\"gb-grid-column gb-grid-column-0111b5e3\"><div class=\"gb-container gb-container-0111b5e3\"><div class=\"gb-inside-container\">\n\n<h2 class=\"wp-block-heading\">R\u00e9alisations<\/h2>\n\n\n\n<p><strong>Au cours de ces derni\u00e8res ann\u00e9es, l\u2019association a permis d\u2019effectuer des travaux de restauration ext\u00e9rieure et int\u00e9rieure.<\/strong><\/p>\n\n\n\n<p>Au cours de ces derni\u00e8res ann\u00e9es, l\u2019association a permis d\u2019effectuer des travaux de restauration ext\u00e9rieure&nbsp;(en particulier restauration de la toiture de la tour gauche, toitures des fa\u00e7ades sud et ouest du corps central, couverture sur l\u2019aile est du ch\u00e2teau) et int\u00e9rieure. A ce titre elle a particip\u00e9 \u00e0 la restauration de plusieurs chambres et salles historiques du ch\u00e2teau, aux d\u00e9cors de ces salles et \u00e0 l\u2019acquisition de mobiliers, dont le Salon des Mar\u00e9chaux et r\u00e9cemment la chambre des M\u00e9tamorphoses.<\/p>\n\n\n\n<p>L\u2019association a \u00e9galement permis la restauration de plusieurs cadres de tableaux et d\u2019huiles sur toile embl\u00e9matiques des collections du ch\u00e2teau, prot\u00e9g\u00e9es au titre des Monuments Historiques dont&nbsp;:<\/p>\n\n\n\n<ul class=\"wp-block-list\">\n<li>Portrait en pied de Charles de Coss\u00e9<\/li>\n\n\n\n<li>Portrait d\u2019Anne de Coss\u00e9, Abbesse de Vernon<\/li>\n\n\n\n<li>Portrait de la veuve Clicquot par L\u00e9on Cogniet<\/li>\n\n\n\n<li>Portrait de Fran\u00e7ois 1<sup>er<\/sup><\/li>\n\n\n\n<li>Portrait en pied de Hyacinthe Hugues Timol\u00e9on de Coss\u00e9<\/li>\n\n\n\n<li>Portrait d\u2019Elisabeth Louise de Malide, duchesse de Brissac<\/li>\n\n\n\n<li>Portrait de Marguerite Leli\u00e8vre de La Grange, \u00e9pouse du 9<sup>\u00e9me<\/sup> duc de Brissac, elle-m\u00eame 10<sup>\u00e9me<\/sup> duchesse<\/li>\n\n\n\n<li>Portrait du Duc de Coss\u00e9, 9<sup>\u00e9me<\/sup> duc de Brissac<\/li>\n\n\n\n<li>Portrait de Saint Vincent Ferrier<\/li>\n<\/ul>\n\n<\/div><\/div><\/div>\n<\/div>\n\n<div class=\"gb-grid-wrapper gb-grid-wrapper-ef2c32ef\">\n<div class=\"gb-grid-column gb-grid-column-d8576d97\"><div class=\"gb-container gb-container-d8576d97\"><div class=\"gb-inside-container\">\n\n<figure class=\"wp-block-image size-large\"><a href=\"https:\/\/brissac.net\/wp-content\/uploads\/2020\/03\/restauration-chambre-chateau-brissac.jpg\"><img loading=\"lazy\" decoding=\"async\" width=\"1024\" height=\"736\" src=\"https:\/\/brissac.net\/wp-content\/uploads\/2020\/03\/restauration-chambre-chateau-brissac-1024x736.jpg\" alt=\"\" class=\"wp-image-967\" srcset=\"https:\/\/brissac.net\/wp-content\/uploads\/2020\/03\/restauration-chambre-chateau-brissac-1024x736.jpg 1024w, https:\/\/brissac.net\/wp-content\/uploads\/2020\/03\/restauration-chambre-chateau-brissac-300x216.jpg 300w, https:\/\/brissac.net\/wp-content\/uploads\/2020\/03\/restauration-chambre-chateau-brissac-768x552.jpg 768w, https:\/\/brissac.net\/wp-content\/uploads\/2020\/03\/restauration-chambre-chateau-brissac.jpg 1280w\" sizes=\"auto, (max-width: 1024px) 100vw, 1024px\" \/><\/a><\/figure>\n\n<\/div><\/div><\/div>\n\n<div class=\"gb-grid-column gb-grid-column-9d2ab870\"><div class=\"gb-container gb-container-9d2ab870\"><div class=\"gb-inside-container\">\n\n<figure class=\"wp-block-image size-large\"><a href=\"https:\/\/brissac.net\/wp-content\/uploads\/2020\/03\/Travaux-chateau-Brissac.jpg\"><img loading=\"lazy\" decoding=\"async\" width=\"683\" height=\"1024\" src=\"https:\/\/brissac.net\/wp-content\/uploads\/2020\/03\/Travaux-chateau-Brissac-683x1024.jpg\" alt=\"\" class=\"wp-image-965\" srcset=\"https:\/\/brissac.net\/wp-content\/uploads\/2020\/03\/Travaux-chateau-Brissac-683x1024.jpg 683w, https:\/\/brissac.net\/wp-content\/uploads\/2020\/03\/Travaux-chateau-Brissac-200x300.jpg 200w, https:\/\/brissac.net\/wp-content\/uploads\/2020\/03\/Travaux-chateau-Brissac-768x1151.jpg 768w, https:\/\/brissac.net\/wp-content\/uploads\/2020\/03\/Travaux-chateau-Brissac.jpg 854w\" sizes=\"auto, (max-width: 683px) 100vw, 683px\" \/><\/a><\/figure>\n\n<\/div><\/div><\/div>\n\n<div class=\"gb-grid-column gb-grid-column-85011c3d\"><div class=\"gb-container gb-container-85011c3d\"><div class=\"gb-inside-container\">\n\n<figure class=\"wp-block-image size-large\"><a href=\"https:\/\/brissac.net\/wp-content\/uploads\/2020\/03\/Restauration-Tableaux-Brissac-.jpg\"><img loading=\"lazy\" decoding=\"async\" width=\"683\" height=\"1024\" src=\"https:\/\/brissac.net\/wp-content\/uploads\/2020\/03\/Restauration-Tableaux-Brissac--683x1024.jpg\" alt=\"\" class=\"wp-image-963\" srcset=\"https:\/\/brissac.net\/wp-content\/uploads\/2020\/03\/Restauration-Tableaux-Brissac--683x1024.jpg 683w, https:\/\/brissac.net\/wp-content\/uploads\/2020\/03\/Restauration-Tableaux-Brissac--200x300.jpg 200w, https:\/\/brissac.net\/wp-content\/uploads\/2020\/03\/Restauration-Tableaux-Brissac--768x1151.jpg 768w, https:\/\/brissac.net\/wp-content\/uploads\/2020\/03\/Restauration-Tableaux-Brissac-.jpg 854w\" sizes=\"auto, (max-width: 683px) 100vw, 683px\" \/><\/a><\/figure>\n\n<\/div><\/div><\/div>\n<\/div>\n\n\n<h3 class=\"gb-headline gb-headline-3142d630 gb-headline-text\">Adh\u00e9sion &#8211; cotisations<\/h3>\n\n\n\n<p><strong>Cotisation pour une ann\u00e9e civile<\/strong>&nbsp;: individuel ou couple<\/p>\n\n\n\n<p>Trois formules d\u2019adh\u00e9sion&nbsp;:<\/p>\n\n\n\n<ul class=\"wp-block-list\">\n<li>Adh\u00e9sion simple 50 \u20ac<\/li>\n\n\n\n<li>Adh\u00e9sion de soutien (&gt; 50 jusqu\u2019\u00e0 100 \u20ac)<\/li>\n\n\n\n<li>Adh\u00e9sion de soutien PLUS (sup\u00e9rieure \u00e0 100 \u20ac)<\/li>\n<\/ul>\n\n\n\n<p>L\u2019association loi de 1901 \u00ab&nbsp;Les Amis du Ch\u00e2teau de Brissac&nbsp;\u00bb est reconnue d\u2019int\u00e9r\u00eat g\u00e9n\u00e9ral et b\u00e9n\u00e9ficie \u00e0 ce titre des dispositions pr\u00e9vues par la loi 2003-709 du 1er ao\u00fbt 2003.<\/p>\n\n\n\n<p>Les cotisations et dons sont d\u00e9ductibles des imp\u00f4ts \u00e0 hauteur de 66%, dans la limite de 20% du revenu imposable pour les particuliers.<\/p>\n\n\n\n<p>Un re\u00e7u fiscal, au titre des dons \u00e0 certains organismes d&#8217;int\u00e9r\u00eat g\u00e9n\u00e9ral, est adress\u00e9 annuellement aux membres adh\u00e9rents et donateurs, au d\u00e9but de l\u2019ann\u00e9e civile suivante (Cerfa N\u00b011580*03).<\/p>\n\n\n\n<p><strong>Pour vous inscrire et apporter votre soutien \u00e0 l\u2019association, t\u00e9l\u00e9chargez le document d\u2019adh\u00e9sion et envoyez votre ch\u00e8que bancaire, <em>libell\u00e9 au nom de l\u2019association<\/em>, avec le document compl\u00e9t\u00e9 (ou vos coordonn\u00e9es compl\u00e8tes sur papier libre)&nbsp;\u00e0 :<\/strong><\/p>\n\n\n\n<p>Les Amis du Ch\u00e2teau de Brissac<br>Ch\u00e2teau de Brissac<br>Brissac-Quinc\u00e9<br>49320 Brissac Loire Aubance<\/p>\n\n\n<div class=\"gb-button-wrapper gb-button-wrapper-29a853dc\">\n\n<a class=\"gb-button gb-button-d112d4cc gb-button-text\" href=\"https:\/\/brissac.net\/wp-content\/uploads\/2024\/01\/adhesion-association-amis-chateau-brissac.pdf\" target=\"_blank\" rel=\"noopener noreferrer\">T\u00e9l\u00e9chargez le bulletin d&#8217;adh\u00e9sion<\/a>\n\n<\/div>\n\n\n<p>Vous pouvez \u00e9galement payer votre cotisation ou votre don par virement aupr\u00e8s de notre banque du Cr\u00e9dit Agricole :<\/p>\n\n\n\n<p>IBAN : FR76 1790 6000 3224 6663 7800 071<\/p>\n\n\n\n<p>BIC : AGRIFRPP879<\/p>\n\n<\/div><\/div>\n\n\n<p><\/p>\n","protected":false},"excerpt":{"rendered":"<p>Les Amis du Ch\u00e2teau de Brissac et de son parc, class\u00e9s Monument Historique le 03 novembre 1958Association reconnue d\u2019int\u00e9r\u00eat g\u00e9n\u00e9ral, plac\u00e9e sous le r\u00e9gime de la loi du 1er juillet 1901 enregistr\u00e9e en pr\u00e9fecture du Maine et Loire N\u00b0 W149003558 Adh\u00e9sion &#8211; cotisations Cotisation pour une ann\u00e9e civile&nbsp;: individuel ou couple Trois formules d\u2019adh\u00e9sion&nbsp;: L\u2019association &#8230; <a title=\"Association des Amis du ch\u00e2teau de Brissac\" class=\"read-more\" href=\"https:\/\/brissac.net\/en\/association-des-amis-du-chateau-de-brissac\/\" aria-label=\"Read more about Association des Amis du ch\u00e2teau de Brissac\">Read more<\/a><\/p>\n","protected":false},"author":1,"featured_media":0,"parent":0,"menu_order":80,"comment_status":"closed","ping_status":"closed","template":"","meta":{"footnotes":""},"class_list":["post-775","page","type-page","status-publish"],"yoast_head":"<!-- This site is optimized with the Yoast SEO plugin v27.3 - https:\/\/yoast.com\/product\/yoast-seo-wordpress\/ -->\n<title>Association des Amis du ch\u00e2teau de Brissac - Ch\u00e2teau de Brissac<\/title>\n<meta name=\"robots\" content=\"index, follow, max-snippet:-1, max-image-preview:large, max-video-preview:-1\" \/>\n<link rel=\"canonical\" href=\"https:\/\/brissac.net\/en\/association-des-amis-du-chateau-de-brissac\/\" \/>\n<meta property=\"og:locale\" content=\"en_US\" \/>\n<meta property=\"og:type\" content=\"article\" \/>\n<meta property=\"og:title\" content=\"Association des Amis du ch\u00e2teau de Brissac - Ch\u00e2teau de Brissac\" \/>\n<meta property=\"og:description\" content=\"Les Amis du Ch\u00e2teau de Brissac et de son parc, class\u00e9s Monument Historique le 03 novembre 1958Association reconnue d\u2019int\u00e9r\u00eat g\u00e9n\u00e9ral, plac\u00e9e sous le r\u00e9gime de la loi du 1er juillet 1901 enregistr\u00e9e en pr\u00e9fecture du Maine et Loire N\u00b0 W149003558 Adh\u00e9sion &#8211; cotisations Cotisation pour une ann\u00e9e civile&nbsp;: individuel ou couple Trois formules d\u2019adh\u00e9sion&nbsp;: L\u2019association ... Read more\" \/>\n<meta property=\"og:url\" content=\"https:\/\/brissac.net\/en\/association-des-amis-du-chateau-de-brissac\/\" \/>\n<meta property=\"og:site_name\" content=\"Ch\u00e2teau de Brissac\" \/>\n<meta property=\"article:publisher\" content=\"https:\/\/www.facebook.com\/chateau.brissac\/\" \/>\n<meta property=\"article:modified_time\" content=\"2024-01-21T16:40:21+00:00\" \/>\n<meta property=\"og:image\" content=\"https:\/\/brissac.net\/wp-content\/uploads\/2020\/03\/restauration-chambre-chateau-brissac-1024x736.jpg\" \/>\n<meta name=\"twitter:card\" content=\"summary_large_image\" \/>\n<meta name=\"twitter:label1\" content=\"Est. reading time\" \/>\n\t<meta name=\"twitter:data1\" content=\"4 minutes\" \/>\n<script type=\"application\/ld+json\" class=\"yoast-schema-graph\">{\"@context\":\"https:\\\/\\\/schema.org\",\"@graph\":[{\"@type\":\"WebPage\",\"@id\":\"https:\\\/\\\/brissac.net\\\/en\\\/association-des-amis-du-chateau-de-brissac\\\/\",\"url\":\"https:\\\/\\\/brissac.net\\\/en\\\/association-des-amis-du-chateau-de-brissac\\\/\",\"name\":\"Association des Amis du ch\u00e2teau de Brissac - Ch\u00e2teau de Brissac\",\"isPartOf\":{\"@id\":\"https:\\\/\\\/brissac.net\\\/#website\"},\"primaryImageOfPage\":{\"@id\":\"https:\\\/\\\/brissac.net\\\/en\\\/association-des-amis-du-chateau-de-brissac\\\/#primaryimage\"},\"image\":{\"@id\":\"https:\\\/\\\/brissac.net\\\/en\\\/association-des-amis-du-chateau-de-brissac\\\/#primaryimage\"},\"thumbnailUrl\":\"https:\\\/\\\/brissac.net\\\/wp-content\\\/uploads\\\/2020\\\/03\\\/restauration-chambre-chateau-brissac-1024x736.jpg\",\"datePublished\":\"2016-06-29T10:26:42+00:00\",\"dateModified\":\"2024-01-21T16:40:21+00:00\",\"breadcrumb\":{\"@id\":\"https:\\\/\\\/brissac.net\\\/en\\\/association-des-amis-du-chateau-de-brissac\\\/#breadcrumb\"},\"inLanguage\":\"en-US\",\"potentialAction\":[{\"@type\":\"ReadAction\",\"target\":[\"https:\\\/\\\/brissac.net\\\/en\\\/association-des-amis-du-chateau-de-brissac\\\/\"]}]},{\"@type\":\"ImageObject\",\"inLanguage\":\"en-US\",\"@id\":\"https:\\\/\\\/brissac.net\\\/en\\\/association-des-amis-du-chateau-de-brissac\\\/#primaryimage\",\"url\":\"https:\\\/\\\/brissac.net\\\/wp-content\\\/uploads\\\/2020\\\/03\\\/restauration-chambre-chateau-brissac-1024x736.jpg\",\"contentUrl\":\"https:\\\/\\\/brissac.net\\\/wp-content\\\/uploads\\\/2020\\\/03\\\/restauration-chambre-chateau-brissac-1024x736.jpg\"},{\"@type\":\"BreadcrumbList\",\"@id\":\"https:\\\/\\\/brissac.net\\\/en\\\/association-des-amis-du-chateau-de-brissac\\\/#breadcrumb\",\"itemListElement\":[{\"@type\":\"ListItem\",\"position\":1,\"name\":\"Accueil\",\"item\":\"https:\\\/\\\/brissac.net\\\/en\\\/\"},{\"@type\":\"ListItem\",\"position\":2,\"name\":\"Association des Amis du ch\u00e2teau de Brissac\"}]},{\"@type\":\"WebSite\",\"@id\":\"https:\\\/\\\/brissac.net\\\/#website\",\"url\":\"https:\\\/\\\/brissac.net\\\/\",\"name\":\"Ch\u00e2teau de Brissac\",\"description\":\"Anjou - Val de Loire\",\"publisher\":{\"@id\":\"https:\\\/\\\/brissac.net\\\/#organization\"},\"potentialAction\":[{\"@type\":\"SearchAction\",\"target\":{\"@type\":\"EntryPoint\",\"urlTemplate\":\"https:\\\/\\\/brissac.net\\\/?s={search_term_string}\"},\"query-input\":{\"@type\":\"PropertyValueSpecification\",\"valueRequired\":true,\"valueName\":\"search_term_string\"}}],\"inLanguage\":\"en-US\"},{\"@type\":\"Organization\",\"@id\":\"https:\\\/\\\/brissac.net\\\/#organization\",\"name\":\"Ch\u00e2teau de Brissac\",\"url\":\"https:\\\/\\\/brissac.net\\\/\",\"logo\":{\"@type\":\"ImageObject\",\"inLanguage\":\"en-US\",\"@id\":\"https:\\\/\\\/brissac.net\\\/#\\\/schema\\\/logo\\\/image\\\/\",\"url\":\"https:\\\/\\\/brissac.net\\\/wp-content\\\/uploads\\\/2016\\\/06\\\/chateau-brissac-logo.png\",\"contentUrl\":\"https:\\\/\\\/brissac.net\\\/wp-content\\\/uploads\\\/2016\\\/06\\\/chateau-brissac-logo.png\",\"width\":459,\"height\":150,\"caption\":\"Ch\u00e2teau de Brissac\"},\"image\":{\"@id\":\"https:\\\/\\\/brissac.net\\\/#\\\/schema\\\/logo\\\/image\\\/\"},\"sameAs\":[\"https:\\\/\\\/www.facebook.com\\\/chateau.brissac\\\/\"]}]}<\/script>\n<!-- \/ Yoast SEO plugin. -->","yoast_head_json":{"title":"Association des Amis du ch\u00e2teau de Brissac - Ch\u00e2teau de Brissac","robots":{"index":"index","follow":"follow","max-snippet":"max-snippet:-1","max-image-preview":"max-image-preview:large","max-video-preview":"max-video-preview:-1"},"canonical":"https:\/\/brissac.net\/en\/association-des-amis-du-chateau-de-brissac\/","og_locale":"en_US","og_type":"article","og_title":"Association des Amis du ch\u00e2teau de Brissac - Ch\u00e2teau de Brissac","og_description":"Les Amis du Ch\u00e2teau de Brissac et de son parc, class\u00e9s Monument Historique le 03 novembre 1958Association reconnue d\u2019int\u00e9r\u00eat g\u00e9n\u00e9ral, plac\u00e9e sous le r\u00e9gime de la loi du 1er juillet 1901 enregistr\u00e9e en pr\u00e9fecture du Maine et Loire N\u00b0 W149003558 Adh\u00e9sion &#8211; cotisations Cotisation pour une ann\u00e9e civile&nbsp;: individuel ou couple Trois formules d\u2019adh\u00e9sion&nbsp;: L\u2019association ... Read more","og_url":"https:\/\/brissac.net\/en\/association-des-amis-du-chateau-de-brissac\/","og_site_name":"Ch\u00e2teau de Brissac","article_publisher":"https:\/\/www.facebook.com\/chateau.brissac\/","article_modified_time":"2024-01-21T16:40:21+00:00","og_image":[{"url":"https:\/\/brissac.net\/wp-content\/uploads\/2020\/03\/restauration-chambre-chateau-brissac-1024x736.jpg","type":"","width":"","height":""}],"twitter_card":"summary_large_image","twitter_misc":{"Est. reading time":"4 minutes"},"schema":{"@context":"https:\/\/schema.org","@graph":[{"@type":"WebPage","@id":"https:\/\/brissac.net\/en\/association-des-amis-du-chateau-de-brissac\/","url":"https:\/\/brissac.net\/en\/association-des-amis-du-chateau-de-brissac\/","name":"Association des Amis du ch\u00e2teau de Brissac - Ch\u00e2teau de Brissac","isPartOf":{"@id":"https:\/\/brissac.net\/#website"},"primaryImageOfPage":{"@id":"https:\/\/brissac.net\/en\/association-des-amis-du-chateau-de-brissac\/#primaryimage"},"image":{"@id":"https:\/\/brissac.net\/en\/association-des-amis-du-chateau-de-brissac\/#primaryimage"},"thumbnailUrl":"https:\/\/brissac.net\/wp-content\/uploads\/2020\/03\/restauration-chambre-chateau-brissac-1024x736.jpg","datePublished":"2016-06-29T10:26:42+00:00","dateModified":"2024-01-21T16:40:21+00:00","breadcrumb":{"@id":"https:\/\/brissac.net\/en\/association-des-amis-du-chateau-de-brissac\/#breadcrumb"},"inLanguage":"en-US","potentialAction":[{"@type":"ReadAction","target":["https:\/\/brissac.net\/en\/association-des-amis-du-chateau-de-brissac\/"]}]},{"@type":"ImageObject","inLanguage":"en-US","@id":"https:\/\/brissac.net\/en\/association-des-amis-du-chateau-de-brissac\/#primaryimage","url":"https:\/\/brissac.net\/wp-content\/uploads\/2020\/03\/restauration-chambre-chateau-brissac-1024x736.jpg","contentUrl":"https:\/\/brissac.net\/wp-content\/uploads\/2020\/03\/restauration-chambre-chateau-brissac-1024x736.jpg"},{"@type":"BreadcrumbList","@id":"https:\/\/brissac.net\/en\/association-des-amis-du-chateau-de-brissac\/#breadcrumb","itemListElement":[{"@type":"ListItem","position":1,"name":"Accueil","item":"https:\/\/brissac.net\/en\/"},{"@type":"ListItem","position":2,"name":"Association des Amis du ch\u00e2teau de Brissac"}]},{"@type":"WebSite","@id":"https:\/\/brissac.net\/#website","url":"https:\/\/brissac.net\/","name":"Ch\u00e2teau de Brissac","description":"Anjou - Val de Loire","publisher":{"@id":"https:\/\/brissac.net\/#organization"},"potentialAction":[{"@type":"SearchAction","target":{"@type":"EntryPoint","urlTemplate":"https:\/\/brissac.net\/?s={search_term_string}"},"query-input":{"@type":"PropertyValueSpecification","valueRequired":true,"valueName":"search_term_string"}}],"inLanguage":"en-US"},{"@type":"Organization","@id":"https:\/\/brissac.net\/#organization","name":"Ch\u00e2teau de Brissac","url":"https:\/\/brissac.net\/","logo":{"@type":"ImageObject","inLanguage":"en-US","@id":"https:\/\/brissac.net\/#\/schema\/logo\/image\/","url":"https:\/\/brissac.net\/wp-content\/uploads\/2016\/06\/chateau-brissac-logo.png","contentUrl":"https:\/\/brissac.net\/wp-content\/uploads\/2016\/06\/chateau-brissac-logo.png","width":459,"height":150,"caption":"Ch\u00e2teau de Brissac"},"image":{"@id":"https:\/\/brissac.net\/#\/schema\/logo\/image\/"},"sameAs":["https:\/\/www.facebook.com\/chateau.brissac\/"]}]}},"_links":{"self":[{"href":"https:\/\/brissac.net\/en\/wp-json\/wp\/v2\/pages\/775","targetHints":{"allow":["GET"]}}],"collection":[{"href":"https:\/\/brissac.net\/en\/wp-json\/wp\/v2\/pages"}],"about":[{"href":"https:\/\/brissac.net\/en\/wp-json\/wp\/v2\/types\/page"}],"author":[{"embeddable":true,"href":"https:\/\/brissac.net\/en\/wp-json\/wp\/v2\/users\/1"}],"replies":[{"embeddable":true,"href":"https:\/\/brissac.net\/en\/wp-json\/wp\/v2\/comments?post=775"}],"version-history":[{"count":3,"href":"https:\/\/brissac.net\/en\/wp-json\/wp\/v2\/pages\/775\/revisions"}],"predecessor-version":[{"id":2982,"href":"https:\/\/brissac.net\/en\/wp-json\/wp\/v2\/pages\/775\/revisions\/2982"}],"wp:attachment":[{"href":"https:\/\/brissac.net\/en\/wp-json\/wp\/v2\/media?parent=775"}],"curies":[{"name":"wp","href":"https:\/\/api.w.org\/{rel}","templated":true}]}}