{"id":667,"date":"2016-06-28T21:07:43","date_gmt":"2016-06-28T20:07:43","guid":{"rendered":"http:\/\/www.marierabault.com\/projet\/chateau-brissac\/accueil-groupes\/"},"modified":"2026-01-19T17:49:13","modified_gmt":"2026-01-19T16:49:13","slug":"accueil-groupes","status":"publish","type":"page","link":"https:\/\/brissac.net\/en\/accueil-groupes\/","title":{"rendered":"Accueil groupes"},"content":{"rendered":"<div class=\"gb-container gb-container-ea523260 alignwide\"><div class=\"gb-inside-container\"><\/div><\/div>\n\n<div class=\"gb-container gb-container-247fdfb6\">\n<div class=\"gb-container gb-container-5eaa1340\">\n<div class=\"gb-grid-wrapper gb-grid-wrapper-042e3d84\">\n<div class=\"gb-grid-column gb-grid-column-931cba7c\"><div class=\"gb-container gb-container-931cba7c\"><div class=\"gb-inside-container\">\n\n<p class=\"gb-headline gb-headline-27bce981 gb-headline-text\">Groupes scolaires<\/p>\n\n\n\n<p class=\"gb-headline gb-headline-353c824e\"><span class=\"gb-icon\"><svg xmlns=\"http:\/\/www.w3.org\/2000\/svg\" viewBox=\"0 0 384 512\" class=\"svg-inline--fa fa-child fa-w-12\" data-icon=\"child\" data-prefix=\"fas\" aria-hidden=\"true\"><path d=\"M120 72c0-39.765 32.235-72 72-72s72 32.235 72 72c0 39.764-32.235 72-72 72s-72-32.236-72-72zm254.627 1.373c-12.496-12.497-32.758-12.497-45.254 0L242.745 160H141.254L54.627 73.373c-12.496-12.497-32.758-12.497-45.254 0-12.497 12.497-12.497 32.758 0 45.255L104 213.254V480c0 17.673 14.327 32 32 32h16c17.673 0 32-14.327 32-32V368h16v112c0 17.673 14.327 32 32 32h16c17.673 0 32-14.327 32-32V213.254l94.627-94.627c12.497-12.497 12.497-32.757 0-45.254z\" fill=\"currentColor\"><\/path><\/svg><\/span><span class=\"gb-headline-text\">La visite des salles du ch\u00e2teau se fait en compagnie de l\u2019un de nos guides qui adapte son commentaire et les th\u00e8mes abord\u00e9s en fonction de l\u2019\u00e2ge des enfants. La visite guid\u00e9e scolaire dure environ 1h15 (45 minutes pour les \u00e9l\u00e8ves de Maternelle). La visite se poursuit librement dans le parc, le canal souterrain et les \u00e9curies.<\/span><\/p>\n\n\n\n<p class=\"gb-headline gb-headline-b1cb70d9 gb-headline-text\"><strong>Maternelle, primaire et coll\u00e8ge<br><\/strong>10,50 \u20ac<\/p>\n\n\n\n<p class=\"gb-headline gb-headline-cc23a1f0 gb-headline-text\"><strong>Lyc\u00e9e et universit\u00e9<br><\/strong>11,50 \u20ac<\/p>\n\n\n\n<p class=\"gb-headline gb-headline-da6074db gb-headline-text\"><strong>Adultes accompagnateurs<\/strong><br><em>1 adulte gratuit pour 15 enfants payants<\/em><\/p>\n\n\n\n<p>Nous proposons aux \u00e9tablissements scolaires un parcours de visite sp\u00e9cialement adapt\u00e9 aux enfants de primaire et de maternelle.&nbsp;L&#8217;invitation au Ch\u00e2teau, du nom de cette visite, va permettre aux \u00e9l\u00e8ves de se familiariser avec la vie courante \u00e0 Brissac au cours des si\u00e8cles. Lorsqu&#8217;ils visiteront le grand salon, la salle \u00e0 manger ou les chambres d&#8217;apparat, ils seront questionn\u00e9s sur les mat\u00e9riaux de construction utilis\u00e9s, l&#8217;utilit\u00e9 de tel ou tel ustensile, les techniques de peinture ou de sculpture, les termes h\u00e9raldiques&#8230;&nbsp; Ainsi, dans la chambre du roi Louis XIII, plong\u00e9e dans l&#8217;obscurit\u00e9, ils d\u00e9couvriront l&#8217;\u00e9clairage \u00e0 la seule lueur de la bougie !<\/p>\n\n<\/div><\/div><\/div>\n\n<div class=\"gb-grid-column gb-grid-column-f9345a14\"><div class=\"gb-container gb-container-f9345a14\"><div class=\"gb-inside-container\">\n\n<p class=\"gb-headline gb-headline-af655bf9 gb-headline-text\">Groupes adultes<\/p>\n\n\n\n<p class=\"gb-headline gb-headline-ecd9f20a\"><span class=\"gb-icon\"><svg xmlns=\"http:\/\/www.w3.org\/2000\/svg\" viewBox=\"0 0 640 512\" class=\"svg-inline--fa fa-users fa-w-20\" data-icon=\"users\" data-prefix=\"fas\" aria-hidden=\"true\"><path d=\"M96 224c35.3 0 64-28.7 64-64s-28.7-64-64-64-64 28.7-64 64 28.7 64 64 64zm448 0c35.3 0 64-28.7 64-64s-28.7-64-64-64-64 28.7-64 64 28.7 64 64 64zm32 32h-64c-17.6 0-33.5 7.1-45.1 18.6 40.3 22.1 68.9 62 75.1 109.4h66c17.7 0 32-14.3 32-32v-32c0-35.3-28.7-64-64-64zm-256 0c61.9 0 112-50.1 112-112S381.9 32 320 32 208 82.1 208 144s50.1 112 112 112zm76.8 32h-8.3c-20.8 10-43.9 16-68.5 16s-47.6-6-68.5-16h-8.3C179.6 288 128 339.6 128 403.2V432c0 26.5 21.5 48 48 48h288c26.5 0 48-21.5 48-48v-28.8c0-63.6-51.6-115.2-115.2-115.2zm-223.7-13.4C161.5 263.1 145.6 256 128 256H64c-35.3 0-64 28.7-64 64v32c0 17.7 14.3 32 32 32h65.9c6.3-47.4 34.9-87.3 75.2-109.4z\" fill=\"currentColor\"><\/path><\/svg><\/span><span class=\"gb-headline-text\"><strong>A partir 20 personnes et sur r\u00e9servation pr\u00e9alable<\/strong><\/span><\/p>\n\n\n\n<p class=\"gb-headline gb-headline-461e9f0a gb-headline-text\">Autocaristes et responsables associatifs, nous proposons \u00e0 vos groupes de passer un moment unique et inoubliable en formule compl\u00e8te au Ch\u00e2teau de Brissac.<strong><br><\/strong>Apr\u00e8s avoir effectu\u00e9 la visite qui rec\u00e8le des d\u00e9cors \u00e9blouissants et un mobilier exceptionnel, le groupe se voit offrir une d\u00e9gustation comment\u00e9e des vins de la propri\u00e9t\u00e9 dans le cellier du Ch\u00e2teau, ainsi qu\u2019un large choix de livres et de souvenirs dans notre boutique.<strong><br><\/strong>Clou de cette journ\u00e9e : le d\u00e9jeuner dans les Cuisines M\u00e9di\u00e9vales aupr\u00e8s d\u2019un feu de bois monumental ! Les cuisines m\u00e9di\u00e9vales offrent un moment de grande convivialit\u00e9 autour de la chemin\u00e9e et du puits d\u2019eau claire. Le menu quant \u00e0 lui est compos\u00e9 de sp\u00e9cialit\u00e9s locales.<strong><br><\/strong>Avant de repartir, le groupe peut appr\u00e9cier une balade digestive dans le magnifique parc et les jardins du ch\u00e2teau.<\/p>\n\n\n\n<p class=\"gb-headline gb-headline-a60610a2 gb-headline-text\"><strong>Visite et d\u00e9gustation des vins de la propri\u00e9t\u00e9<\/strong><br>11,50 \u20ac<br>A partir 20 personnes et sur r\u00e9servation pr\u00e9alable<br>Gratuit\u00e9 accompagnateur et chauffeur.<\/p>\n\n\n\n<p class=\"gb-headline gb-headline-26b044e3 gb-headline-text\"><strong>Visite et d\u00e9gustation des vins de la propri\u00e9t\u00e9,<br>puis d\u00e9jeuner au feu de bois dans les cuisines m\u00e9di\u00e9vales<br><\/strong>59,50 \u20ac TTC<\/p>\n\n\n\n<p class=\"has-text-align-center\">Les Cuisines M\u00e9di\u00e9vales, fief historique des chevaliers<br>de la Confr\u00e9rie des Rillauds d\u2019Anjou et des vins de Brissac.<\/p>\n\n\n\n<p class=\"has-text-align-center\"><strong>Menu typique de la gastronomie de l\u2019Anjou<\/strong><\/p>\n\n\n\n<p class=\"has-text-align-center\">Gouline&nbsp;en tourte au Rillaud et Tomme<\/p>\n\n\n\n<p class=\"has-text-align-center\">Poulet onctueux \u00e0 l\u2019Angevine cuit dans son jus, sauce au vin blanc&nbsp;<br>Pomme de terre r\u00f4ties&nbsp;<\/p>\n\n\n\n<p class=\"has-text-align-center\">Cr\u00e9met d\u2019Anjou<br>Coulis de fruits rouges<\/p>\n\n\n\n<p class=\"has-text-align-center\">Caf\u00e9 \u2013 Vin rouge et vin ros\u00e9 du Ch\u00e2teau de Brissac<\/p>\n\n<\/div><\/div><\/div>\n<\/div>\n\n\n<figure class=\"wp-block-image size-full\"><a href=\"https:\/\/brissac.net\/wp-content\/uploads\/2019\/12\/Cuisine-dressees-chateau-brissac.jpg\"><img loading=\"lazy\" decoding=\"async\" width=\"1600\" height=\"1067\" src=\"https:\/\/brissac.net\/wp-content\/uploads\/2019\/12\/Cuisine-dressees-chateau-brissac.jpg\" alt=\"\" class=\"wp-image-888\" srcset=\"https:\/\/brissac.net\/wp-content\/uploads\/2019\/12\/Cuisine-dressees-chateau-brissac.jpg 1600w, https:\/\/brissac.net\/wp-content\/uploads\/2019\/12\/Cuisine-dressees-chateau-brissac-300x200.jpg 300w, https:\/\/brissac.net\/wp-content\/uploads\/2019\/12\/Cuisine-dressees-chateau-brissac-768x512.jpg 768w, https:\/\/brissac.net\/wp-content\/uploads\/2019\/12\/Cuisine-dressees-chateau-brissac-1024x683.jpg 1024w, https:\/\/brissac.net\/wp-content\/uploads\/2019\/12\/Cuisine-dressees-chateau-brissac-272x182.jpg 272w\" sizes=\"auto, (max-width: 1600px) 100vw, 1600px\" \/><\/a><\/figure>\n\n\n\n<h5 class=\"gb-headline gb-headline-77aa2930 gb-headline-text\">Conditions g\u00e9n\u00e9rales de vente et de r\u00e9servation pour visites avec d\u00e9jeuner<\/h5>\n\n\n\n<ul class=\"wp-block-list\">\n<li>La r\u00e9servation sera consid\u00e9r\u00e9e comme ferme et d\u00e9finitive \u00e0 r\u00e9ception de la fiche de r\u00e9servation accompagn\u00e9e des arrhes de r\u00e9servation (d\u00e9finitivement acquises), au minimum 20 jours avant la date retenue.<\/li>\n\n\n\n<li>Le nombre exact de participants doit \u00eatre confirm\u00e9 48 heures avant la date retenue exclusivement par mail. Pass\u00e9 ce d\u00e9lai, le nombre factur\u00e9 sera celui annonc\u00e9 sur la fiche de r\u00e9servation.<\/li>\n\n\n\n<li>La formule avec d\u00e9jeuner dans les cuisines est limit\u00e9e \u00e0 des groupes de 50 personnes maximum.<\/li>\n\n\n\n<li>Pour un groupe inf\u00e9rieur \u00e0 25 personnes payantes un minimum de facturation de 1\u00a0480,00 \u20ac TTC sera appliqu\u00e9.<\/li>\n<\/ul>\n\n<\/div>\n<\/div>","protected":false},"excerpt":{"rendered":"<p>Conditions g\u00e9n\u00e9rales de vente et de r\u00e9servation pour visites avec d\u00e9jeuner<\/p>\n","protected":false},"author":1,"featured_media":0,"parent":0,"menu_order":61,"comment_status":"closed","ping_status":"closed","template":"","meta":{"footnotes":""},"class_list":["post-667","page","type-page","status-publish"],"yoast_head":"<!-- This site is optimized with the Yoast SEO plugin v27.3 - https:\/\/yoast.com\/product\/yoast-seo-wordpress\/ -->\n<title>Accueil groupes - Ch\u00e2teau de Brissac<\/title>\n<meta name=\"robots\" content=\"index, follow, max-snippet:-1, max-image-preview:large, max-video-preview:-1\" \/>\n<link rel=\"canonical\" href=\"https:\/\/brissac.net\/en\/accueil-groupes\/\" \/>\n<meta property=\"og:locale\" content=\"en_US\" \/>\n<meta property=\"og:type\" content=\"article\" \/>\n<meta property=\"og:title\" content=\"Accueil groupes - Ch\u00e2teau de Brissac\" \/>\n<meta property=\"og:description\" content=\"Conditions g\u00e9n\u00e9rales de vente et de r\u00e9servation pour visites avec d\u00e9jeuner\" \/>\n<meta property=\"og:url\" content=\"https:\/\/brissac.net\/en\/accueil-groupes\/\" \/>\n<meta property=\"og:site_name\" content=\"Ch\u00e2teau de Brissac\" \/>\n<meta property=\"article:publisher\" content=\"https:\/\/www.facebook.com\/chateau.brissac\/\" \/>\n<meta property=\"article:modified_time\" content=\"2026-01-19T16:49:13+00:00\" \/>\n<meta property=\"og:image\" content=\"https:\/\/brissac.net\/wp-content\/uploads\/2019\/12\/Cuisine-dressees-chateau-brissac.jpg\" \/>\n\t<meta property=\"og:image:width\" content=\"1600\" \/>\n\t<meta property=\"og:image:height\" content=\"1067\" \/>\n\t<meta property=\"og:image:type\" content=\"image\/jpeg\" \/>\n<meta name=\"twitter:card\" content=\"summary_large_image\" \/>\n<meta name=\"twitter:label1\" content=\"Est. reading time\" \/>\n\t<meta name=\"twitter:data1\" content=\"3 minutes\" \/>\n<script type=\"application\/ld+json\" class=\"yoast-schema-graph\">{\"@context\":\"https:\\\/\\\/schema.org\",\"@graph\":[{\"@type\":\"WebPage\",\"@id\":\"https:\\\/\\\/brissac.net\\\/en\\\/accueil-groupes\\\/\",\"url\":\"https:\\\/\\\/brissac.net\\\/en\\\/accueil-groupes\\\/\",\"name\":\"Accueil groupes - Ch\u00e2teau de Brissac\",\"isPartOf\":{\"@id\":\"https:\\\/\\\/brissac.net\\\/#website\"},\"primaryImageOfPage\":{\"@id\":\"https:\\\/\\\/brissac.net\\\/en\\\/accueil-groupes\\\/#primaryimage\"},\"image\":{\"@id\":\"https:\\\/\\\/brissac.net\\\/en\\\/accueil-groupes\\\/#primaryimage\"},\"thumbnailUrl\":\"https:\\\/\\\/brissac.net\\\/wp-content\\\/uploads\\\/2019\\\/12\\\/Cuisine-dressees-chateau-brissac.jpg\",\"datePublished\":\"2016-06-28T20:07:43+00:00\",\"dateModified\":\"2026-01-19T16:49:13+00:00\",\"breadcrumb\":{\"@id\":\"https:\\\/\\\/brissac.net\\\/en\\\/accueil-groupes\\\/#breadcrumb\"},\"inLanguage\":\"en-US\",\"potentialAction\":[{\"@type\":\"ReadAction\",\"target\":[\"https:\\\/\\\/brissac.net\\\/en\\\/accueil-groupes\\\/\"]}]},{\"@type\":\"ImageObject\",\"inLanguage\":\"en-US\",\"@id\":\"https:\\\/\\\/brissac.net\\\/en\\\/accueil-groupes\\\/#primaryimage\",\"url\":\"https:\\\/\\\/brissac.net\\\/wp-content\\\/uploads\\\/2019\\\/12\\\/Cuisine-dressees-chateau-brissac.jpg\",\"contentUrl\":\"https:\\\/\\\/brissac.net\\\/wp-content\\\/uploads\\\/2019\\\/12\\\/Cuisine-dressees-chateau-brissac.jpg\"},{\"@type\":\"BreadcrumbList\",\"@id\":\"https:\\\/\\\/brissac.net\\\/en\\\/accueil-groupes\\\/#breadcrumb\",\"itemListElement\":[{\"@type\":\"ListItem\",\"position\":1,\"name\":\"Accueil\",\"item\":\"https:\\\/\\\/brissac.net\\\/en\\\/\"},{\"@type\":\"ListItem\",\"position\":2,\"name\":\"Accueil groupes\"}]},{\"@type\":\"WebSite\",\"@id\":\"https:\\\/\\\/brissac.net\\\/#website\",\"url\":\"https:\\\/\\\/brissac.net\\\/\",\"name\":\"Ch\u00e2teau de Brissac\",\"description\":\"Anjou - Val de Loire\",\"publisher\":{\"@id\":\"https:\\\/\\\/brissac.net\\\/#organization\"},\"potentialAction\":[{\"@type\":\"SearchAction\",\"target\":{\"@type\":\"EntryPoint\",\"urlTemplate\":\"https:\\\/\\\/brissac.net\\\/?s={search_term_string}\"},\"query-input\":{\"@type\":\"PropertyValueSpecification\",\"valueRequired\":true,\"valueName\":\"search_term_string\"}}],\"inLanguage\":\"en-US\"},{\"@type\":\"Organization\",\"@id\":\"https:\\\/\\\/brissac.net\\\/#organization\",\"name\":\"Ch\u00e2teau de Brissac\",\"url\":\"https:\\\/\\\/brissac.net\\\/\",\"logo\":{\"@type\":\"ImageObject\",\"inLanguage\":\"en-US\",\"@id\":\"https:\\\/\\\/brissac.net\\\/#\\\/schema\\\/logo\\\/image\\\/\",\"url\":\"https:\\\/\\\/brissac.net\\\/wp-content\\\/uploads\\\/2016\\\/06\\\/chateau-brissac-logo.png\",\"contentUrl\":\"https:\\\/\\\/brissac.net\\\/wp-content\\\/uploads\\\/2016\\\/06\\\/chateau-brissac-logo.png\",\"width\":459,\"height\":150,\"caption\":\"Ch\u00e2teau de Brissac\"},\"image\":{\"@id\":\"https:\\\/\\\/brissac.net\\\/#\\\/schema\\\/logo\\\/image\\\/\"},\"sameAs\":[\"https:\\\/\\\/www.facebook.com\\\/chateau.brissac\\\/\"]}]}<\/script>\n<!-- \/ Yoast SEO plugin. -->","yoast_head_json":{"title":"Accueil groupes - Ch\u00e2teau de Brissac","robots":{"index":"index","follow":"follow","max-snippet":"max-snippet:-1","max-image-preview":"max-image-preview:large","max-video-preview":"max-video-preview:-1"},"canonical":"https:\/\/brissac.net\/en\/accueil-groupes\/","og_locale":"en_US","og_type":"article","og_title":"Accueil groupes - Ch\u00e2teau de Brissac","og_description":"Conditions g\u00e9n\u00e9rales de vente et de r\u00e9servation pour visites avec d\u00e9jeuner","og_url":"https:\/\/brissac.net\/en\/accueil-groupes\/","og_site_name":"Ch\u00e2teau de Brissac","article_publisher":"https:\/\/www.facebook.com\/chateau.brissac\/","article_modified_time":"2026-01-19T16:49:13+00:00","og_image":[{"width":1600,"height":1067,"url":"https:\/\/brissac.net\/wp-content\/uploads\/2019\/12\/Cuisine-dressees-chateau-brissac.jpg","type":"image\/jpeg"}],"twitter_card":"summary_large_image","twitter_misc":{"Est. reading time":"3 minutes"},"schema":{"@context":"https:\/\/schema.org","@graph":[{"@type":"WebPage","@id":"https:\/\/brissac.net\/en\/accueil-groupes\/","url":"https:\/\/brissac.net\/en\/accueil-groupes\/","name":"Accueil groupes - Ch\u00e2teau de Brissac","isPartOf":{"@id":"https:\/\/brissac.net\/#website"},"primaryImageOfPage":{"@id":"https:\/\/brissac.net\/en\/accueil-groupes\/#primaryimage"},"image":{"@id":"https:\/\/brissac.net\/en\/accueil-groupes\/#primaryimage"},"thumbnailUrl":"https:\/\/brissac.net\/wp-content\/uploads\/2019\/12\/Cuisine-dressees-chateau-brissac.jpg","datePublished":"2016-06-28T20:07:43+00:00","dateModified":"2026-01-19T16:49:13+00:00","breadcrumb":{"@id":"https:\/\/brissac.net\/en\/accueil-groupes\/#breadcrumb"},"inLanguage":"en-US","potentialAction":[{"@type":"ReadAction","target":["https:\/\/brissac.net\/en\/accueil-groupes\/"]}]},{"@type":"ImageObject","inLanguage":"en-US","@id":"https:\/\/brissac.net\/en\/accueil-groupes\/#primaryimage","url":"https:\/\/brissac.net\/wp-content\/uploads\/2019\/12\/Cuisine-dressees-chateau-brissac.jpg","contentUrl":"https:\/\/brissac.net\/wp-content\/uploads\/2019\/12\/Cuisine-dressees-chateau-brissac.jpg"},{"@type":"BreadcrumbList","@id":"https:\/\/brissac.net\/en\/accueil-groupes\/#breadcrumb","itemListElement":[{"@type":"ListItem","position":1,"name":"Accueil","item":"https:\/\/brissac.net\/en\/"},{"@type":"ListItem","position":2,"name":"Accueil groupes"}]},{"@type":"WebSite","@id":"https:\/\/brissac.net\/#website","url":"https:\/\/brissac.net\/","name":"Ch\u00e2teau de Brissac","description":"Anjou - Val de Loire","publisher":{"@id":"https:\/\/brissac.net\/#organization"},"potentialAction":[{"@type":"SearchAction","target":{"@type":"EntryPoint","urlTemplate":"https:\/\/brissac.net\/?s={search_term_string}"},"query-input":{"@type":"PropertyValueSpecification","valueRequired":true,"valueName":"search_term_string"}}],"inLanguage":"en-US"},{"@type":"Organization","@id":"https:\/\/brissac.net\/#organization","name":"Ch\u00e2teau de Brissac","url":"https:\/\/brissac.net\/","logo":{"@type":"ImageObject","inLanguage":"en-US","@id":"https:\/\/brissac.net\/#\/schema\/logo\/image\/","url":"https:\/\/brissac.net\/wp-content\/uploads\/2016\/06\/chateau-brissac-logo.png","contentUrl":"https:\/\/brissac.net\/wp-content\/uploads\/2016\/06\/chateau-brissac-logo.png","width":459,"height":150,"caption":"Ch\u00e2teau de Brissac"},"image":{"@id":"https:\/\/brissac.net\/#\/schema\/logo\/image\/"},"sameAs":["https:\/\/www.facebook.com\/chateau.brissac\/"]}]}},"_links":{"self":[{"href":"https:\/\/brissac.net\/en\/wp-json\/wp\/v2\/pages\/667","targetHints":{"allow":["GET"]}}],"collection":[{"href":"https:\/\/brissac.net\/en\/wp-json\/wp\/v2\/pages"}],"about":[{"href":"https:\/\/brissac.net\/en\/wp-json\/wp\/v2\/types\/page"}],"author":[{"embeddable":true,"href":"https:\/\/brissac.net\/en\/wp-json\/wp\/v2\/users\/1"}],"replies":[{"embeddable":true,"href":"https:\/\/brissac.net\/en\/wp-json\/wp\/v2\/comments?post=667"}],"version-history":[{"count":8,"href":"https:\/\/brissac.net\/en\/wp-json\/wp\/v2\/pages\/667\/revisions"}],"predecessor-version":[{"id":3264,"href":"https:\/\/brissac.net\/en\/wp-json\/wp\/v2\/pages\/667\/revisions\/3264"}],"wp:attachment":[{"href":"https:\/\/brissac.net\/en\/wp-json\/wp\/v2\/media?parent=667"}],"curies":[{"name":"wp","href":"https:\/\/api.w.org\/{rel}","templated":true}]}}