{"id":666,"date":"2016-06-28T21:06:56","date_gmt":"2016-06-28T20:06:56","guid":{"rendered":"http:\/\/www.marierabault.com\/projet\/chateau-brissac\/horaires-et-tarifs\/"},"modified":"2026-02-09T10:30:06","modified_gmt":"2026-02-09T09:30:06","slug":"opening-and-rates","status":"publish","type":"page","link":"https:\/\/brissac.net\/en\/opening-and-rates\/","title":{"rendered":"Opening and rates"},"content":{"rendered":"<div class=\"gb-container gb-container-ea523260 alignfull\"><div class=\"gb-inside-container\"><\/div><\/div>\n\n<div class=\"gb-container gb-container-0b47e91a\"><div class=\"gb-inside-container\">\n\n<p class=\"gb-headline gb-headline-934f51b6 gb-headline-text\">Tickets are only available on sale at the venue<\/p>\n\n\n<div class=\"gb-grid-wrapper gb-grid-wrapper-042e3d84\">\n<div class=\"gb-grid-column gb-grid-column-931cba7c\"><div class=\"gb-container gb-container-931cba7c\"><div class=\"gb-inside-container\">\n\n<p class=\"gb-headline gb-headline-27bce981 gb-headline-text\">Days and hours opening 2026<\/p>\n\n\n\n<p class=\"gb-headline gb-headline-ecca0c4f\"><span class=\"gb-icon\"><svg aria-hidden=\"true\" role=\"img\" height=\"1em\" width=\"1em\" viewBox=\"0 0 512 512\" xmlns=\"http:\/\/www.w3.org\/2000\/svg\"><path fill=\"currentColor\" d=\"M256 8C119 8 8 119 8 256s111 248 248 248 248-111 248-248S393 8 256 8zm0 448c-110.5 0-200-89.5-200-200S145.5 56 256 56s200 89.5 200 200-89.5 200-200 200zm61.8-104.4l-84.9-61.7c-3.1-2.3-4.9-5.9-4.9-9.7V116c0-6.6 5.4-12 12-12h32c6.6 0 12 5.4 12 12v141.7l66.8 48.6c5.4 3.9 6.5 11.4 2.6 16.8L334.6 349c-3.9 5.3-11.4 6.5-16.8 2.6z\"><\/path><\/svg><\/span><\/p>\n\n\n\n<p><strong>From Februar 7th to March 20th <\/strong><\/p>\n\n\n\n<p>Every afternoon except Mondays and Tuesdays, <br>December 25th and January 1st <\/p>\n\n\n\n<p class=\"gb-headline gb-headline-544b423d gb-headline-text\">2\u00a0pm \u2013 5:30<br>(Last access 4:30\u00a0pm)<\/p>\n\n\n\n<p class=\"gb-headline gb-headline-353c824e gb-headline-text\"><span class=\"HwtZe\" lang=\"en\"><span class=\"jCAhz ChMk0b\"><span class=\"ryNqvb\"><strong>From March 21th to the end of June and from September 1st to November 8th<\/strong><\/span><\/span><\/span><\/p>\n\n\n\n<p>Everyday except for Tuesdays<br>10 am &#8211; 13 am <br>(last access to the Castle 12\u00a0am)<br>2 pm &#8211; 6 pm <br>(last access to the Castle 5\u00a0pm)<\/p>\n\n\n\n<p class=\"gb-headline gb-headline-b1cb70d9 gb-headline-text\"><strong>July and August<br><\/strong>Everyday<br>10 am &#8211; 6 pm <br>(last access to the Castle 5\u00a0pm)<\/p>\n\n\n\n<p><strong>From November 9th to January 3th <\/strong><\/p>\n\n\n\n<p>Every afternoon except Mondays and Tuesdays, <br>December 25th and January 1st <\/p>\n\n\n\n<p class=\"gb-headline gb-headline-75a3c27e gb-headline-text\">2\u00a0pm \u2013 5:30<br>(Last access 30\u00a0mins before closing)<\/p>\n\n\n\n<p class=\"gb-headline gb-headline-2d2a7af0 gb-headline-text\"><em>Additional periods: information on 02\u00a041\u00a091\u00a022\u00a021<\/em><\/p>\n\n<\/div><\/div><\/div>\n\n<div class=\"gb-grid-column gb-grid-column-f9345a14\"><div class=\"gb-container gb-container-f9345a14\"><div class=\"gb-inside-container\">\n\n<p class=\"gb-headline gb-headline-af655bf9 gb-headline-text\"> rates 2026<\/p>\n\n\n\n<p class=\"gb-headline gb-headline-ecd9f20a\"><span class=\"gb-icon\"><svg aria-hidden=\"true\" role=\"img\" height=\"1em\" width=\"1em\" viewBox=\"0 0 640 512\" xmlns=\"http:\/\/www.w3.org\/2000\/svg\"><path fill=\"currentColor\" d=\"M497.941 225.941L286.059 14.059A48 48 0 0 0 252.118 0H48C21.49 0 0 21.49 0 48v204.118a48 48 0 0 0 14.059 33.941l211.882 211.882c18.744 18.745 49.136 18.746 67.882 0l204.118-204.118c18.745-18.745 18.745-49.137 0-67.882zM112 160c-26.51 0-48-21.49-48-48s21.49-48 48-48 48 21.49 48 48-21.49 48-48 48zm513.941 133.823L421.823 497.941c-18.745 18.745-49.137 18.745-67.882 0l-.36-.36L527.64 323.522c16.999-16.999 26.36-39.6 26.36-63.64s-9.362-46.641-26.36-63.64L331.397 0h48.721a48 48 0 0 1 33.941 14.059l211.882 211.882c18.745 18.745 18.745 49.137 0 67.882z\"><\/path><\/svg><\/span><span class=\"gb-headline-text\">Visit of the castle, wine tasting and access to the park grounds and underground tunnel<\/span><\/p>\n\n\n\n<p class=\"gb-headline gb-headline-461e9f0a gb-headline-text\"><strong>Adult<\/strong><br>\u20ac13,50<\/p>\n\n\n\n<p class=\"gb-headline gb-headline-a60610a2 gb-headline-text\"><strong>Reduced adult rate<br>(students, disabled)<\/strong><br>\u20ac11,50<\/p>\n\n\n\n<p class=\"gb-headline gb-headline-26b044e3 gb-headline-text\"><strong>Child 7 to 16 years included<\/strong><br>\u20ac5<\/p>\n\n\n\n<p class=\"gb-headline gb-headline-c5e470a2 gb-headline-text\"><strong>Child under 7 years<\/strong><br>Free of charge<\/p>\n\n\n\n<p class=\"gb-headline gb-headline-8adff534 gb-headline-text\">It is not necessary to reserve.<\/p>\n\n\n<div class=\"gb-button-wrapper gb-button-wrapper-cd464b60\">\n\n<a class=\"gb-button gb-button-c77fc5c8 gb-button-text\" href=\"https:\/\/brissac.net\/en\/groups-welcome\/\">Groups<\/a>\n\n<\/div>\n<\/div><\/div><\/div>\n<\/div>\n\n\n<h4 class=\"gb-headline gb-headline-0e512c19 gb-headline-text\">For your own comfort and safety, the visit of Brissac is free and documented.<br>It is complemented by regular presentations of the fa\u00e7ades, the ground floor rooms and the history of the Coss\u00e9 Brissac family.<br>Take your time and allow 1 hour and 15 minutes for your visit.<\/h4>\n\n\n\n<p class=\"gb-headline gb-headline-3dee6247 gb-headline-text\"><strong>Means of payment accepted: <\/strong><br>cash, checks, VISA and Mastercard, AMEX, Holiday vouchers, Pays de la Loire Heritage pass, Culture vouchers<\/p>\n\n\n\n<p class=\"gb-headline gb-headline-b7d95e93\"><span class=\"gb-icon\"><svg xmlns=\"http:\/\/www.w3.org\/2000\/svg\" viewBox=\"0 0 279 279\"><path d=\"M16.4 0h246.2c9.1 0 16.4 7.3 16.4 16.4v246.2c0 9.1-7.3 16.4-16.4 16.4H16.4C7.3 279 0 271.7 0 262.6V16.4C0 7.3 7.3 0 16.4 0z\" fill=\"#003f87\"><\/path><path d=\"M110.3 262.5c-6.8-.6-13-1.9-19-4-27.7-9.5-48.2-34-53-63.4-.3-1.7-.6-4.1-.7-5.3-.3-2.9-.3-13.1 0-16 1-9.6 3.5-18.5 7.6-27 7.7-16.1 20.3-29.3 35.8-37.3l2.2-1.2.1.9c.1 1 1.7 22.2 1.7 22.6 0 .1-.7.7-1.4 1.3-3.4 2.3-7.4 6-10.2 9.2-7.7 9-12.4 19.2-14.2 31.3-.3 2.2-.4 3.4-.4 7.8 0 5.4.1 7.2.8 10.9 2.2 12 7.6 22.4 16 31 2.9 3 5.4 5.1 8.9 7.5 13.5 9.2 30.3 12 46.1 7.7 3.8-1 6.9-2.3 11.4-4.6 12-6.2 22.1-17.4 27.2-30.3 1.5-3.9 2.9-8.7 3.4-12.5.2-1.1.3-2.1.4-2.1 0 0 3.2 6.5 7 14.4l6.9 14.4-.9 1.7c-9.2 17.7-25.3 31.6-44 38.3-5.9 2.1-11 3.3-17.5 4.1-2.9.7-11.6.8-14.2.6zm94.7-26.9c-.2-.4-7.4-17.8-16.1-38.7L173.1 159H94.5s-1.7-24.8-3.8-55l-3.8-55-.6-1.4c-1.2-2.8-1.9-5.4-2-8.5-.5-10.7 7-20.2 17.4-22.3 2.2-.5 5.8-.4 8.1.1 6.4 1.4 11.8 5.6 14.7 11.5 1.7 3.3 2.4 6.3 2.4 9.9 0 7-3.1 13.4-8.7 17.7-2.6 2-6.7 3.7-9.5 4l-1.1.1.1.9c.1 1.1 2.3 42.4 2.3 43v.5h55V125h-53l.1 1.3c.1.7.3 3.9.5 7l.4 5.7 7.3-.1c16.4-.2 65.7-.5 65.8-.3.1.1 7.1 16.7 15.6 36.9s15.6 36.8 15.6 36.8c.1 0 5.4-1.9 11.8-4.3s11.7-4.3 11.8-4.2c.2.2 6.5 15.7 6.4 15.8-.1.1-41.3 16.7-41.8 16.8-.1 0-.3-.2-.5-.8z\" fill=\"#fff\"><\/path><\/svg><\/span><span class=\"gb-headline-text\"><strong><strong>Accessibility<\/strong><br><\/strong>Presence of unmissable pavement on 8 meters to access the ticket office. Access to the front porch of the castle by 23 steps (with handrail). The interior lift is small (80&#215;100 cm). The main access to the park&#8217;s alleys is through a slope of about 10% and the crossing of a paved gutter. From there, the circuit and the stables are accessible as well as the big clay lanes along the Aubance. At the entrance to the park, the tea room is fully accessible with its adapted toilet.<\/span><\/p>\n\n\n\n<p class=\"gb-headline gb-headline-7a772ead gb-headline-text\">Dogs are allowed in the park, but must always be kept on a leash. Only small dogs carried in the arms or in a suitable carrier are allowed inside the castle.<br>Photos are allowed in the castle but without flash.<br>The car and camper car park is 150 meters from the ticket office.<\/p>\n\n<\/div><\/div>\n\n\n<p><\/p>\n","protected":false},"excerpt":{"rendered":"<p>Tickets are only available on sale at the venue For your own comfort and safety, the visit of Brissac is free and documented.It is complemented by regular presentations of the fa\u00e7ades, the ground floor rooms and the history of the Coss\u00e9 Brissac family.Take your time and allow 1 hour and 15 minutes for your visit. &#8230; <a title=\"Opening and rates\" class=\"read-more\" href=\"https:\/\/brissac.net\/en\/opening-and-rates\/\" aria-label=\"Read more about Opening and rates\">Read more<\/a><\/p>\n","protected":false},"author":1,"featured_media":0,"parent":0,"menu_order":60,"comment_status":"closed","ping_status":"closed","template":"","meta":{"footnotes":""},"class_list":["post-666","page","type-page","status-publish"],"yoast_head":"<!-- This site is optimized with the Yoast SEO plugin v27.3 - https:\/\/yoast.com\/product\/yoast-seo-wordpress\/ -->\n<title>Horaires et tarifs du ch\u00e2teau de Brissac | Anjou - Val de Loire<\/title>\n<meta name=\"description\" content=\"Le ch\u00e2teau de Brissac est ouvert \u00e0 la visite tous les jours (sauf mardi) de 9h \u00e0 12h et de 14h \u00e0 17h30 (dernier acc\u00e8s). Tarifs : 10 \u20ac \/ 8,50 \u20ac \/ 4,50 \u20ac.\" \/>\n<meta name=\"robots\" content=\"index, follow, max-snippet:-1, max-image-preview:large, max-video-preview:-1\" \/>\n<link rel=\"canonical\" href=\"https:\/\/brissac.net\/en\/opening-and-rates\/\" \/>\n<meta property=\"og:locale\" content=\"en_US\" \/>\n<meta property=\"og:type\" content=\"article\" \/>\n<meta property=\"og:title\" content=\"Horaires et tarifs du ch\u00e2teau de Brissac | Anjou - Val de Loire\" \/>\n<meta property=\"og:description\" content=\"Le ch\u00e2teau de Brissac est ouvert \u00e0 la visite tous les jours (sauf mardi) de 9h \u00e0 12h et de 14h \u00e0 17h30 (dernier acc\u00e8s). Tarifs : 10 \u20ac \/ 8,50 \u20ac \/ 4,50 \u20ac.\" \/>\n<meta property=\"og:url\" content=\"https:\/\/brissac.net\/en\/opening-and-rates\/\" \/>\n<meta property=\"og:site_name\" content=\"Ch\u00e2teau de Brissac\" \/>\n<meta property=\"article:publisher\" content=\"https:\/\/www.facebook.com\/chateau.brissac\/\" \/>\n<meta property=\"article:modified_time\" content=\"2026-02-09T09:30:06+00:00\" \/>\n<meta name=\"twitter:card\" content=\"summary_large_image\" \/>\n<meta name=\"twitter:label1\" content=\"Est. reading time\" \/>\n\t<meta name=\"twitter:data1\" content=\"2 minutes\" \/>\n<script type=\"application\/ld+json\" class=\"yoast-schema-graph\">{\"@context\":\"https:\\\/\\\/schema.org\",\"@graph\":[{\"@type\":\"WebPage\",\"@id\":\"https:\\\/\\\/brissac.net\\\/en\\\/opening-and-rates\\\/\",\"url\":\"https:\\\/\\\/brissac.net\\\/en\\\/opening-and-rates\\\/\",\"name\":\"Horaires et tarifs du ch\u00e2teau de Brissac | Anjou - Val de Loire\",\"isPartOf\":{\"@id\":\"https:\\\/\\\/brissac.net\\\/#website\"},\"datePublished\":\"2016-06-28T20:06:56+00:00\",\"dateModified\":\"2026-02-09T09:30:06+00:00\",\"description\":\"Le ch\u00e2teau de Brissac est ouvert \u00e0 la visite tous les jours (sauf mardi) de 9h \u00e0 12h et de 14h \u00e0 17h30 (dernier acc\u00e8s). Tarifs : 10 \u20ac \\\/ 8,50 \u20ac \\\/ 4,50 \u20ac.\",\"breadcrumb\":{\"@id\":\"https:\\\/\\\/brissac.net\\\/en\\\/opening-and-rates\\\/#breadcrumb\"},\"inLanguage\":\"en-US\",\"potentialAction\":[{\"@type\":\"ReadAction\",\"target\":[\"https:\\\/\\\/brissac.net\\\/en\\\/opening-and-rates\\\/\"]}]},{\"@type\":\"BreadcrumbList\",\"@id\":\"https:\\\/\\\/brissac.net\\\/en\\\/opening-and-rates\\\/#breadcrumb\",\"itemListElement\":[{\"@type\":\"ListItem\",\"position\":1,\"name\":\"Accueil\",\"item\":\"https:\\\/\\\/brissac.net\\\/en\\\/\"},{\"@type\":\"ListItem\",\"position\":2,\"name\":\"Opening and rates\"}]},{\"@type\":\"WebSite\",\"@id\":\"https:\\\/\\\/brissac.net\\\/#website\",\"url\":\"https:\\\/\\\/brissac.net\\\/\",\"name\":\"Ch\u00e2teau de Brissac\",\"description\":\"Anjou - Val de Loire\",\"publisher\":{\"@id\":\"https:\\\/\\\/brissac.net\\\/#organization\"},\"potentialAction\":[{\"@type\":\"SearchAction\",\"target\":{\"@type\":\"EntryPoint\",\"urlTemplate\":\"https:\\\/\\\/brissac.net\\\/?s={search_term_string}\"},\"query-input\":{\"@type\":\"PropertyValueSpecification\",\"valueRequired\":true,\"valueName\":\"search_term_string\"}}],\"inLanguage\":\"en-US\"},{\"@type\":\"Organization\",\"@id\":\"https:\\\/\\\/brissac.net\\\/#organization\",\"name\":\"Ch\u00e2teau de Brissac\",\"url\":\"https:\\\/\\\/brissac.net\\\/\",\"logo\":{\"@type\":\"ImageObject\",\"inLanguage\":\"en-US\",\"@id\":\"https:\\\/\\\/brissac.net\\\/#\\\/schema\\\/logo\\\/image\\\/\",\"url\":\"https:\\\/\\\/brissac.net\\\/wp-content\\\/uploads\\\/2016\\\/06\\\/chateau-brissac-logo.png\",\"contentUrl\":\"https:\\\/\\\/brissac.net\\\/wp-content\\\/uploads\\\/2016\\\/06\\\/chateau-brissac-logo.png\",\"width\":459,\"height\":150,\"caption\":\"Ch\u00e2teau de Brissac\"},\"image\":{\"@id\":\"https:\\\/\\\/brissac.net\\\/#\\\/schema\\\/logo\\\/image\\\/\"},\"sameAs\":[\"https:\\\/\\\/www.facebook.com\\\/chateau.brissac\\\/\"]}]}<\/script>\n<!-- \/ Yoast SEO plugin. -->","yoast_head_json":{"title":"Horaires et tarifs du ch\u00e2teau de Brissac | Anjou - Val de Loire","description":"Le ch\u00e2teau de Brissac est ouvert \u00e0 la visite tous les jours (sauf mardi) de 9h \u00e0 12h et de 14h \u00e0 17h30 (dernier acc\u00e8s). Tarifs : 10 \u20ac \/ 8,50 \u20ac \/ 4,50 \u20ac.","robots":{"index":"index","follow":"follow","max-snippet":"max-snippet:-1","max-image-preview":"max-image-preview:large","max-video-preview":"max-video-preview:-1"},"canonical":"https:\/\/brissac.net\/en\/opening-and-rates\/","og_locale":"en_US","og_type":"article","og_title":"Horaires et tarifs du ch\u00e2teau de Brissac | Anjou - Val de Loire","og_description":"Le ch\u00e2teau de Brissac est ouvert \u00e0 la visite tous les jours (sauf mardi) de 9h \u00e0 12h et de 14h \u00e0 17h30 (dernier acc\u00e8s). Tarifs : 10 \u20ac \/ 8,50 \u20ac \/ 4,50 \u20ac.","og_url":"https:\/\/brissac.net\/en\/opening-and-rates\/","og_site_name":"Ch\u00e2teau de Brissac","article_publisher":"https:\/\/www.facebook.com\/chateau.brissac\/","article_modified_time":"2026-02-09T09:30:06+00:00","twitter_card":"summary_large_image","twitter_misc":{"Est. reading time":"2 minutes"},"schema":{"@context":"https:\/\/schema.org","@graph":[{"@type":"WebPage","@id":"https:\/\/brissac.net\/en\/opening-and-rates\/","url":"https:\/\/brissac.net\/en\/opening-and-rates\/","name":"Horaires et tarifs du ch\u00e2teau de Brissac | Anjou - Val de Loire","isPartOf":{"@id":"https:\/\/brissac.net\/#website"},"datePublished":"2016-06-28T20:06:56+00:00","dateModified":"2026-02-09T09:30:06+00:00","description":"Le ch\u00e2teau de Brissac est ouvert \u00e0 la visite tous les jours (sauf mardi) de 9h \u00e0 12h et de 14h \u00e0 17h30 (dernier acc\u00e8s). Tarifs : 10 \u20ac \/ 8,50 \u20ac \/ 4,50 \u20ac.","breadcrumb":{"@id":"https:\/\/brissac.net\/en\/opening-and-rates\/#breadcrumb"},"inLanguage":"en-US","potentialAction":[{"@type":"ReadAction","target":["https:\/\/brissac.net\/en\/opening-and-rates\/"]}]},{"@type":"BreadcrumbList","@id":"https:\/\/brissac.net\/en\/opening-and-rates\/#breadcrumb","itemListElement":[{"@type":"ListItem","position":1,"name":"Accueil","item":"https:\/\/brissac.net\/en\/"},{"@type":"ListItem","position":2,"name":"Opening and rates"}]},{"@type":"WebSite","@id":"https:\/\/brissac.net\/#website","url":"https:\/\/brissac.net\/","name":"Ch\u00e2teau de Brissac","description":"Anjou - Val de Loire","publisher":{"@id":"https:\/\/brissac.net\/#organization"},"potentialAction":[{"@type":"SearchAction","target":{"@type":"EntryPoint","urlTemplate":"https:\/\/brissac.net\/?s={search_term_string}"},"query-input":{"@type":"PropertyValueSpecification","valueRequired":true,"valueName":"search_term_string"}}],"inLanguage":"en-US"},{"@type":"Organization","@id":"https:\/\/brissac.net\/#organization","name":"Ch\u00e2teau de Brissac","url":"https:\/\/brissac.net\/","logo":{"@type":"ImageObject","inLanguage":"en-US","@id":"https:\/\/brissac.net\/#\/schema\/logo\/image\/","url":"https:\/\/brissac.net\/wp-content\/uploads\/2016\/06\/chateau-brissac-logo.png","contentUrl":"https:\/\/brissac.net\/wp-content\/uploads\/2016\/06\/chateau-brissac-logo.png","width":459,"height":150,"caption":"Ch\u00e2teau de Brissac"},"image":{"@id":"https:\/\/brissac.net\/#\/schema\/logo\/image\/"},"sameAs":["https:\/\/www.facebook.com\/chateau.brissac\/"]}]}},"_links":{"self":[{"href":"https:\/\/brissac.net\/en\/wp-json\/wp\/v2\/pages\/666","targetHints":{"allow":["GET"]}}],"collection":[{"href":"https:\/\/brissac.net\/en\/wp-json\/wp\/v2\/pages"}],"about":[{"href":"https:\/\/brissac.net\/en\/wp-json\/wp\/v2\/types\/page"}],"author":[{"embeddable":true,"href":"https:\/\/brissac.net\/en\/wp-json\/wp\/v2\/users\/1"}],"replies":[{"embeddable":true,"href":"https:\/\/brissac.net\/en\/wp-json\/wp\/v2\/comments?post=666"}],"version-history":[{"count":13,"href":"https:\/\/brissac.net\/en\/wp-json\/wp\/v2\/pages\/666\/revisions"}],"predecessor-version":[{"id":3296,"href":"https:\/\/brissac.net\/en\/wp-json\/wp\/v2\/pages\/666\/revisions\/3296"}],"wp:attachment":[{"href":"https:\/\/brissac.net\/en\/wp-json\/wp\/v2\/media?parent=666"}],"curies":[{"name":"wp","href":"https:\/\/api.w.org\/{rel}","templated":true}]}}