{"id":665,"date":"2016-06-28T21:09:49","date_gmt":"2016-06-28T20:09:49","guid":{"rendered":"http:\/\/www.marierabault.com\/projet\/chateau-brissac\/receptions\/"},"modified":"2024-01-09T15:58:30","modified_gmt":"2024-01-09T14:58:30","slug":"receptions","status":"publish","type":"page","link":"https:\/\/brissac.net\/en\/receptions\/","title":{"rendered":"Receptions"},"content":{"rendered":"<div class=\"gb-container gb-container-ea523260 alignfull\">\n<div class=\"gb-container gb-container-2b949b37\"><\/div>\n<\/div>\n\n<div class=\"gb-container gb-container-ea2a8745\"><div class=\"gb-inside-container\">\n\n<blockquote class=\"wp-block-quote is-layout-flow wp-block-quote-is-layout-flow\">\n<p>From your arrival to your departure, we take care of the complete organization of your reception or your seminar and bring you our \u201csavoir-faire\u201d: the art of hosting.<\/p>\n<\/blockquote>\n\n\n\n<div style=\"height:20px\" aria-hidden=\"true\" class=\"wp-block-spacer\"><\/div>\n\n\n<div class=\"gb-grid-wrapper gb-grid-wrapper-5988b67d\">\n<div class=\"gb-grid-column gb-grid-column-5eb491b0\"><div class=\"gb-container gb-container-5eb491b0\">\n\n<p>As soon as they come through the gates of of honor, your guests will be dazzled by the majesty of the place while on the lawns hunting horns resound! Welcome inside!<\/p>\n\n\n\n<p>In the Grand Salon, glass in hand, or if the weather allows it in the terraced gardens, the Marquis de Brissac will welcome you all and tell you the story of his family and his 600-year-old residence. At the end of the welcome cocktail, the group will take a private tour of the monument and explores this fabulous castle called &#8220;The Giant of the Loire Valley&#8221;.<\/p>\n\n\n\n<p>Bedchambers, gallery of portraits or tapestries, furniture and paintings, painted ceilings and chandeliers from Venice evoke with emotion the history of a collection patiently gathered over the centuries and of an ancient life that continues today.<\/p>\n\n\n\n<p>What a surprise when you will enter the Belle \u00c9poque theater, built for a Marquise who was a music lover and who hosted in its time a famous music festival &#8220;The autumn evenings of the castle of Brissac&#8221;.<\/p>\n\n\n\n<p>Then, under the benevolent eyes of the family portraits, warmed by a monumental wood fire, your guests will gather around a table beautifully decorated the table beautifully decorated with fresh flowers and enjoy a delicious dinner, served by candlelight and prepared by a chef from Angers.<\/p>\n\n\n\n<p>Equally unforgettable will be the memory of leaving the building returning one last time to see the monumental facades illuminated in the night.<\/p>\n\n\n\n<h4 class=\"gb-headline gb-headline-d9169bed gb-headline-text\"><strong>Reception rates<\/strong><\/h4>\n\n\n\n<p class=\"gb-headline gb-headline-6ed7b7a1 gb-headline-text\">Our rates are only communicated after receiving a request made using the form below.<br><em>Minimum size of a group 10 people, maximum 300 people.<\/em><br><a href=\"mailto:bureau@chateaudebrissac.net\"><strong>For any ask, write us.<\/strong><\/a><\/p>\n\n\n\n<h4 class=\"gb-headline gb-headline-e5c1e2eb gb-headline-text\"><strong>An original idea : Enjoy an exquisite candlelight meal in the medieval kitchens close to a gigantic log fire.<\/strong><\/h4>\n\n\n\n<p>Its monumental fireplace and its impressive log fire, its massive vaults and its paved floor, give this room a unique &#8220;cachet&#8221;. Perfectly suited to accommodate a group of 10 to 50 people for a business lunch or dinner, the medieval kitchens offer an authentic and memorable experience.<\/p>\n\n<\/div><\/div>\n\n<div class=\"gb-grid-column gb-grid-column-a8704ae4\"><div class=\"gb-container gb-container-a8704ae4\"><div class=\"gb-inside-container\">\n\n<figure class=\"wp-block-gallery has-nested-images columns-1 is-cropped wp-block-gallery-2 is-layout-flex wp-block-gallery-is-layout-flex\">\n<figure class=\"wp-block-image size-large\"><a href=\"https:\/\/brissac.net\/wp-content\/uploads\/2016\/06\/chateau-brissac-reception-table.jpg\"><img loading=\"lazy\" decoding=\"async\" width=\"800\" height=\"600\" data-id=\"181\" src=\"https:\/\/brissac.net\/wp-content\/uploads\/2016\/06\/chateau-brissac-reception-table.jpg\" alt=\"\" class=\"wp-image-181\" srcset=\"https:\/\/brissac.net\/wp-content\/uploads\/2016\/06\/chateau-brissac-reception-table.jpg 800w, https:\/\/brissac.net\/wp-content\/uploads\/2016\/06\/chateau-brissac-reception-table-300x225.jpg 300w, https:\/\/brissac.net\/wp-content\/uploads\/2016\/06\/chateau-brissac-reception-table-768x576.jpg 768w\" sizes=\"auto, (max-width: 800px) 100vw, 800px\" \/><\/a><\/figure>\n\n\n\n<figure class=\"wp-block-image size-large\"><a href=\"https:\/\/brissac.net\/wp-content\/uploads\/2016\/06\/chateau-brissac-reception-terrasse.jpg\"><img loading=\"lazy\" decoding=\"async\" width=\"800\" height=\"558\" data-id=\"178\" src=\"https:\/\/brissac.net\/wp-content\/uploads\/2016\/06\/chateau-brissac-reception-terrasse.jpg\" alt=\"\" class=\"wp-image-178\" srcset=\"https:\/\/brissac.net\/wp-content\/uploads\/2016\/06\/chateau-brissac-reception-terrasse.jpg 800w, https:\/\/brissac.net\/wp-content\/uploads\/2016\/06\/chateau-brissac-reception-terrasse-300x209.jpg 300w, https:\/\/brissac.net\/wp-content\/uploads\/2016\/06\/chateau-brissac-reception-terrasse-768x536.jpg 768w\" sizes=\"auto, (max-width: 800px) 100vw, 800px\" \/><\/a><\/figure>\n<\/figure>\n\n<\/div><\/div><\/div>\n\n<div class=\"gb-grid-column gb-grid-column-b7592639\"><div class=\"gb-container gb-container-b7592639\"><div class=\"gb-inside-container\">\n\n<figure class=\"wp-block-gallery has-nested-images columns-2 is-cropped wp-block-gallery-3 is-layout-flex wp-block-gallery-is-layout-flex\">\n<figure class=\"wp-block-image size-large\"><a href=\"https:\/\/brissac.net\/wp-content\/uploads\/2020\/01\/Cuisine-dressees-cheminee-chateau-brissac.jpg\"><img loading=\"lazy\" decoding=\"async\" width=\"800\" height=\"600\" data-id=\"931\" src=\"https:\/\/brissac.net\/wp-content\/uploads\/2020\/01\/Cuisine-dressees-cheminee-chateau-brissac.jpg\" alt=\"\" class=\"wp-image-931\" srcset=\"https:\/\/brissac.net\/wp-content\/uploads\/2020\/01\/Cuisine-dressees-cheminee-chateau-brissac.jpg 800w, https:\/\/brissac.net\/wp-content\/uploads\/2020\/01\/Cuisine-dressees-cheminee-chateau-brissac-300x225.jpg 300w, https:\/\/brissac.net\/wp-content\/uploads\/2020\/01\/Cuisine-dressees-cheminee-chateau-brissac-768x576.jpg 768w\" sizes=\"auto, (max-width: 800px) 100vw, 800px\" \/><\/a><\/figure>\n\n\n\n<figure class=\"wp-block-image size-large\"><a href=\"https:\/\/brissac.net\/wp-content\/uploads\/2016\/06\/chateau-brissac-reception-cuisine.jpg\"><img loading=\"lazy\" decoding=\"async\" width=\"800\" height=\"600\" data-id=\"529\" src=\"https:\/\/brissac.net\/wp-content\/uploads\/2016\/06\/chateau-brissac-reception-cuisine.jpg\" alt=\"\" class=\"wp-image-529\" srcset=\"https:\/\/brissac.net\/wp-content\/uploads\/2016\/06\/chateau-brissac-reception-cuisine.jpg 800w, https:\/\/brissac.net\/wp-content\/uploads\/2016\/06\/chateau-brissac-reception-cuisine-300x225.jpg 300w, https:\/\/brissac.net\/wp-content\/uploads\/2016\/06\/chateau-brissac-reception-cuisine-768x576.jpg 768w\" sizes=\"auto, (max-width: 800px) 100vw, 800px\" \/><\/a><\/figure>\n<\/figure>\n\n<\/div><\/div><\/div>\n<\/div>\n<\/div><\/div>","protected":false},"excerpt":{"rendered":"<p>From your arrival to your departure, we take care of the complete organization of your reception or your seminar and bring you our \u201csavoir-faire\u201d: the art of hosting.<\/p>\n","protected":false},"author":1,"featured_media":0,"parent":0,"menu_order":50,"comment_status":"closed","ping_status":"closed","template":"","meta":{"footnotes":""},"class_list":["post-665","page","type-page","status-publish"],"yoast_head":"<!-- This site is optimized with the Yoast SEO plugin v27.3 - https:\/\/yoast.com\/product\/yoast-seo-wordpress\/ -->\n<title>R\u00e9ceptions dans le ch\u00e2teau de Brissac, g\u00e9ant du Val de Loire<\/title>\n<meta name=\"description\" content=\"Nous prenons en charge l\u2019or\u00adga\u00adni\u00adsa\u00adtion compl\u00e8te de votre r\u00e9cep\u00adtion ou votre s\u00e9mi\u00adnaire et vous appor\u00adtons notre savoir-faire : l\u2019art de rece\u00advoir\u202f!\" \/>\n<meta name=\"robots\" content=\"index, follow, max-snippet:-1, max-image-preview:large, max-video-preview:-1\" \/>\n<link rel=\"canonical\" href=\"https:\/\/brissac.net\/en\/receptions\/\" \/>\n<meta property=\"og:locale\" content=\"en_US\" \/>\n<meta property=\"og:type\" content=\"article\" \/>\n<meta property=\"og:title\" content=\"R\u00e9ceptions dans le ch\u00e2teau de Brissac, g\u00e9ant du Val de Loire\" \/>\n<meta property=\"og:description\" content=\"Nous prenons en charge l\u2019or\u00adga\u00adni\u00adsa\u00adtion compl\u00e8te de votre r\u00e9cep\u00adtion ou votre s\u00e9mi\u00adnaire et vous appor\u00adtons notre savoir-faire : l\u2019art de rece\u00advoir\u202f!\" \/>\n<meta property=\"og:url\" content=\"https:\/\/brissac.net\/en\/receptions\/\" \/>\n<meta property=\"og:site_name\" content=\"Ch\u00e2teau de Brissac\" \/>\n<meta property=\"article:publisher\" content=\"https:\/\/www.facebook.com\/chateau.brissac\/\" \/>\n<meta property=\"article:modified_time\" content=\"2024-01-09T14:58:30+00:00\" \/>\n<meta property=\"og:image\" content=\"https:\/\/brissac.net\/wp-content\/uploads\/2016\/06\/chateau-brissac-reception-table.jpg\" \/>\n<meta name=\"twitter:card\" content=\"summary_large_image\" \/>\n<meta name=\"twitter:label1\" content=\"Est. reading time\" \/>\n\t<meta name=\"twitter:data1\" content=\"4 minutes\" \/>\n<script type=\"application\/ld+json\" class=\"yoast-schema-graph\">{\"@context\":\"https:\\\/\\\/schema.org\",\"@graph\":[{\"@type\":\"WebPage\",\"@id\":\"https:\\\/\\\/brissac.net\\\/en\\\/receptions\\\/\",\"url\":\"https:\\\/\\\/brissac.net\\\/en\\\/receptions\\\/\",\"name\":\"R\u00e9ceptions dans le ch\u00e2teau de Brissac, g\u00e9ant du Val de Loire\",\"isPartOf\":{\"@id\":\"https:\\\/\\\/brissac.net\\\/#website\"},\"primaryImageOfPage\":{\"@id\":\"https:\\\/\\\/brissac.net\\\/en\\\/receptions\\\/#primaryimage\"},\"image\":{\"@id\":\"https:\\\/\\\/brissac.net\\\/en\\\/receptions\\\/#primaryimage\"},\"thumbnailUrl\":\"https:\\\/\\\/brissac.net\\\/wp-content\\\/uploads\\\/2016\\\/06\\\/chateau-brissac-reception-table.jpg\",\"datePublished\":\"2016-06-28T20:09:49+00:00\",\"dateModified\":\"2024-01-09T14:58:30+00:00\",\"description\":\"Nous prenons en charge l\u2019or\u00adga\u00adni\u00adsa\u00adtion compl\u00e8te de votre r\u00e9cep\u00adtion ou votre s\u00e9mi\u00adnaire et vous appor\u00adtons notre savoir-faire : l\u2019art de rece\u00advoir\u202f!\",\"breadcrumb\":{\"@id\":\"https:\\\/\\\/brissac.net\\\/en\\\/receptions\\\/#breadcrumb\"},\"inLanguage\":\"en-US\",\"potentialAction\":[{\"@type\":\"ReadAction\",\"target\":[\"https:\\\/\\\/brissac.net\\\/en\\\/receptions\\\/\"]}]},{\"@type\":\"ImageObject\",\"inLanguage\":\"en-US\",\"@id\":\"https:\\\/\\\/brissac.net\\\/en\\\/receptions\\\/#primaryimage\",\"url\":\"https:\\\/\\\/brissac.net\\\/wp-content\\\/uploads\\\/2016\\\/06\\\/chateau-brissac-reception-table.jpg\",\"contentUrl\":\"https:\\\/\\\/brissac.net\\\/wp-content\\\/uploads\\\/2016\\\/06\\\/chateau-brissac-reception-table.jpg\"},{\"@type\":\"BreadcrumbList\",\"@id\":\"https:\\\/\\\/brissac.net\\\/en\\\/receptions\\\/#breadcrumb\",\"itemListElement\":[{\"@type\":\"ListItem\",\"position\":1,\"name\":\"Accueil\",\"item\":\"https:\\\/\\\/brissac.net\\\/en\\\/\"},{\"@type\":\"ListItem\",\"position\":2,\"name\":\"Receptions\"}]},{\"@type\":\"WebSite\",\"@id\":\"https:\\\/\\\/brissac.net\\\/#website\",\"url\":\"https:\\\/\\\/brissac.net\\\/\",\"name\":\"Ch\u00e2teau de Brissac\",\"description\":\"Anjou - Val de Loire\",\"publisher\":{\"@id\":\"https:\\\/\\\/brissac.net\\\/#organization\"},\"potentialAction\":[{\"@type\":\"SearchAction\",\"target\":{\"@type\":\"EntryPoint\",\"urlTemplate\":\"https:\\\/\\\/brissac.net\\\/?s={search_term_string}\"},\"query-input\":{\"@type\":\"PropertyValueSpecification\",\"valueRequired\":true,\"valueName\":\"search_term_string\"}}],\"inLanguage\":\"en-US\"},{\"@type\":\"Organization\",\"@id\":\"https:\\\/\\\/brissac.net\\\/#organization\",\"name\":\"Ch\u00e2teau de Brissac\",\"url\":\"https:\\\/\\\/brissac.net\\\/\",\"logo\":{\"@type\":\"ImageObject\",\"inLanguage\":\"en-US\",\"@id\":\"https:\\\/\\\/brissac.net\\\/#\\\/schema\\\/logo\\\/image\\\/\",\"url\":\"https:\\\/\\\/brissac.net\\\/wp-content\\\/uploads\\\/2016\\\/06\\\/chateau-brissac-logo.png\",\"contentUrl\":\"https:\\\/\\\/brissac.net\\\/wp-content\\\/uploads\\\/2016\\\/06\\\/chateau-brissac-logo.png\",\"width\":459,\"height\":150,\"caption\":\"Ch\u00e2teau de Brissac\"},\"image\":{\"@id\":\"https:\\\/\\\/brissac.net\\\/#\\\/schema\\\/logo\\\/image\\\/\"},\"sameAs\":[\"https:\\\/\\\/www.facebook.com\\\/chateau.brissac\\\/\"]}]}<\/script>\n<!-- \/ Yoast SEO plugin. -->","yoast_head_json":{"title":"R\u00e9ceptions dans le ch\u00e2teau de Brissac, g\u00e9ant du Val de Loire","description":"Nous prenons en charge l\u2019or\u00adga\u00adni\u00adsa\u00adtion compl\u00e8te de votre r\u00e9cep\u00adtion ou votre s\u00e9mi\u00adnaire et vous appor\u00adtons notre savoir-faire : l\u2019art de rece\u00advoir\u202f!","robots":{"index":"index","follow":"follow","max-snippet":"max-snippet:-1","max-image-preview":"max-image-preview:large","max-video-preview":"max-video-preview:-1"},"canonical":"https:\/\/brissac.net\/en\/receptions\/","og_locale":"en_US","og_type":"article","og_title":"R\u00e9ceptions dans le ch\u00e2teau de Brissac, g\u00e9ant du Val de Loire","og_description":"Nous prenons en charge l\u2019or\u00adga\u00adni\u00adsa\u00adtion compl\u00e8te de votre r\u00e9cep\u00adtion ou votre s\u00e9mi\u00adnaire et vous appor\u00adtons notre savoir-faire : l\u2019art de rece\u00advoir\u202f!","og_url":"https:\/\/brissac.net\/en\/receptions\/","og_site_name":"Ch\u00e2teau de Brissac","article_publisher":"https:\/\/www.facebook.com\/chateau.brissac\/","article_modified_time":"2024-01-09T14:58:30+00:00","og_image":[{"url":"https:\/\/brissac.net\/wp-content\/uploads\/2016\/06\/chateau-brissac-reception-table.jpg","type":"","width":"","height":""}],"twitter_card":"summary_large_image","twitter_misc":{"Est. reading time":"4 minutes"},"schema":{"@context":"https:\/\/schema.org","@graph":[{"@type":"WebPage","@id":"https:\/\/brissac.net\/en\/receptions\/","url":"https:\/\/brissac.net\/en\/receptions\/","name":"R\u00e9ceptions dans le ch\u00e2teau de Brissac, g\u00e9ant du Val de Loire","isPartOf":{"@id":"https:\/\/brissac.net\/#website"},"primaryImageOfPage":{"@id":"https:\/\/brissac.net\/en\/receptions\/#primaryimage"},"image":{"@id":"https:\/\/brissac.net\/en\/receptions\/#primaryimage"},"thumbnailUrl":"https:\/\/brissac.net\/wp-content\/uploads\/2016\/06\/chateau-brissac-reception-table.jpg","datePublished":"2016-06-28T20:09:49+00:00","dateModified":"2024-01-09T14:58:30+00:00","description":"Nous prenons en charge l\u2019or\u00adga\u00adni\u00adsa\u00adtion compl\u00e8te de votre r\u00e9cep\u00adtion ou votre s\u00e9mi\u00adnaire et vous appor\u00adtons notre savoir-faire : l\u2019art de rece\u00advoir\u202f!","breadcrumb":{"@id":"https:\/\/brissac.net\/en\/receptions\/#breadcrumb"},"inLanguage":"en-US","potentialAction":[{"@type":"ReadAction","target":["https:\/\/brissac.net\/en\/receptions\/"]}]},{"@type":"ImageObject","inLanguage":"en-US","@id":"https:\/\/brissac.net\/en\/receptions\/#primaryimage","url":"https:\/\/brissac.net\/wp-content\/uploads\/2016\/06\/chateau-brissac-reception-table.jpg","contentUrl":"https:\/\/brissac.net\/wp-content\/uploads\/2016\/06\/chateau-brissac-reception-table.jpg"},{"@type":"BreadcrumbList","@id":"https:\/\/brissac.net\/en\/receptions\/#breadcrumb","itemListElement":[{"@type":"ListItem","position":1,"name":"Accueil","item":"https:\/\/brissac.net\/en\/"},{"@type":"ListItem","position":2,"name":"Receptions"}]},{"@type":"WebSite","@id":"https:\/\/brissac.net\/#website","url":"https:\/\/brissac.net\/","name":"Ch\u00e2teau de Brissac","description":"Anjou - Val de Loire","publisher":{"@id":"https:\/\/brissac.net\/#organization"},"potentialAction":[{"@type":"SearchAction","target":{"@type":"EntryPoint","urlTemplate":"https:\/\/brissac.net\/?s={search_term_string}"},"query-input":{"@type":"PropertyValueSpecification","valueRequired":true,"valueName":"search_term_string"}}],"inLanguage":"en-US"},{"@type":"Organization","@id":"https:\/\/brissac.net\/#organization","name":"Ch\u00e2teau de Brissac","url":"https:\/\/brissac.net\/","logo":{"@type":"ImageObject","inLanguage":"en-US","@id":"https:\/\/brissac.net\/#\/schema\/logo\/image\/","url":"https:\/\/brissac.net\/wp-content\/uploads\/2016\/06\/chateau-brissac-logo.png","contentUrl":"https:\/\/brissac.net\/wp-content\/uploads\/2016\/06\/chateau-brissac-logo.png","width":459,"height":150,"caption":"Ch\u00e2teau de Brissac"},"image":{"@id":"https:\/\/brissac.net\/#\/schema\/logo\/image\/"},"sameAs":["https:\/\/www.facebook.com\/chateau.brissac\/"]}]}},"_links":{"self":[{"href":"https:\/\/brissac.net\/en\/wp-json\/wp\/v2\/pages\/665","targetHints":{"allow":["GET"]}}],"collection":[{"href":"https:\/\/brissac.net\/en\/wp-json\/wp\/v2\/pages"}],"about":[{"href":"https:\/\/brissac.net\/en\/wp-json\/wp\/v2\/types\/page"}],"author":[{"embeddable":true,"href":"https:\/\/brissac.net\/en\/wp-json\/wp\/v2\/users\/1"}],"replies":[{"embeddable":true,"href":"https:\/\/brissac.net\/en\/wp-json\/wp\/v2\/comments?post=665"}],"version-history":[{"count":2,"href":"https:\/\/brissac.net\/en\/wp-json\/wp\/v2\/pages\/665\/revisions"}],"predecessor-version":[{"id":2949,"href":"https:\/\/brissac.net\/en\/wp-json\/wp\/v2\/pages\/665\/revisions\/2949"}],"wp:attachment":[{"href":"https:\/\/brissac.net\/en\/wp-json\/wp\/v2\/media?parent=665"}],"curies":[{"name":"wp","href":"https:\/\/api.w.org\/{rel}","templated":true}]}}