{"id":664,"date":"2016-06-28T21:09:33","date_gmt":"2016-06-28T20:09:33","guid":{"rendered":"http:\/\/www.marierabault.com\/projet\/chateau-brissac\/chambres-dhotes\/"},"modified":"2025-01-23T17:48:36","modified_gmt":"2025-01-23T16:48:36","slug":"bed-and-breakfast","status":"publish","type":"page","link":"https:\/\/brissac.net\/en\/bed-and-breakfast\/","title":{"rendered":"Bed and breakfast"},"content":{"rendered":"<div class=\"gb-container gb-container-11b62751 alignfull\"><div class=\"gb-inside-container\"><\/div><\/div>\n\n<div class=\"gb-container gb-container-ab0b7868\"><div class=\"gb-inside-container\">\n\n<blockquote class=\"wp-block-quote is-layout-flow wp-block-quote-is-layout-flow\">\n<p>Welcome to the region of Anjou. We invite you to stay in one of the most prestigious Chateau in the Loire Valley.<\/p>\n<\/blockquote>\n\n\n\n<div style=\"height:20px\" aria-hidden=\"true\" class=\"wp-block-spacer\"><\/div>\n\n\n<div class=\"gb-grid-wrapper gb-grid-wrapper-bf0ec4d1\">\n<div class=\"gb-grid-column gb-grid-column-0aa7dcae\"><div class=\"gb-container gb-container-0aa7dcae\"><div class=\"gb-inside-container\">\n\n<p>Home of the Duke of Brissac since 1502, the Chateau de Brissac offers you warm hospitality and the unforgettable experience of staying in one of its bedrooms, furnished with antique-style furniture and benefitting from wonderful views over the park with its ponds, meadows and woodland. You will truly relax in the peaceful, unique atmosphere of the chateau, where over the centuries Kings and Queens of France have met, well-known actors have performed and famous people have visited.<\/p>\n\n\n\n<p>Our magnificent park will offer you the shade of its trees and landscaped paths. You will enjoy visiting the village with its narrow streets, colourful markets and local products.<\/p>\n\n\n\n<p>We offer excursions where you can admire the vineyard landscapes of the Loire Valley, discover the historic cities of Angers and Saumur et visit other famous castles such as Serrant, Villandry or Azay-le-Rideau\u2026<\/p>\n\n\n\n<h3 class=\"gb-headline gb-headline-592e4165 gb-headline-text\">Prices 2025<\/h3>\n\n\n\n<p>Our&nbsp;guest rooms&nbsp;are available from the April 15 to October 15.<\/p>\n\n\n\n<p><strong>Price\u00a0start at \u20ac585\u00a0two people,\u00a0including breakfast and a tour\u00a0of the Chateau<\/strong>.<\/p>\n\n\n\n<p>For all enquiries, please contact us&nbsp;<a href=\"mailto:bureau@chateaudebrissac.net\"><strong>by email<\/strong><\/a> or telephone.<\/p>\n\n\n\n<p class=\"gb-headline gb-headline-82993417 gb-headline-text\"><strong>Practical informations <\/strong><br>Reservations are confirmed&nbsp;exclusively by&nbsp;Visa, MasterCard or American Express payment.<strong><br><\/strong>Check-in from 3PM to 7PM, Check-out before 11AM<\/p>\n\n\n\n<p class=\"gb-headline gb-headline-cbb876e7 gb-headline-text\"><strong><strong>Cancellations<\/strong><br><\/strong>If cancellations are made&nbsp;less than 15 days before&nbsp;the&nbsp;arrival&nbsp;date,&nbsp;50% of the&nbsp;full price of the room will be payable<\/p>\n\n\n\n<h2 class=\"gb-headline gb-headline-3c115ddf gb-headline-text\">Excur\u00adsions et acti\u00advi\u00adt\u00e9s<\/h2>\n\n\n\n<p>Castles of the Loire Valley (2 days)<\/p>\n\n\n\n<p>Angers (15km) and Saumur (30 km)<\/p>\n\n\n\n<p>Sound and light show of the&nbsp;Puy&nbsp;du&nbsp;Fou&nbsp;( 1hour)<\/p>\n\n\n\n<p>Golf&nbsp;at&nbsp;Saint-Jean des&nbsp;Mauvret&nbsp;(&nbsp;18&nbsp;holes) 5km.<\/p>\n\n\n\n<p>&nbsp;Vineyards&nbsp;of the Loire&nbsp;Valley<\/p>\n\n\n\n<p class=\"gb-headline gb-headline-40bb2ded gb-headline-text\">For more information about these&nbsp;activities, please&nbsp;call&nbsp;one of the following&nbsp;tourist offices:<br>Brissac&nbsp;(+332 41 91 21 50) &#8211; Angers (+332 41 23 50 00) &#8211; Saumur (+332 41 50 20 60)<\/p>\n\n<\/div><\/div><\/div>\n\n<div class=\"gb-grid-column gb-grid-column-d2569b76\"><div class=\"gb-container gb-container-d2569b76\"><div class=\"gb-inside-container\">\n\n<figure class=\"wp-block-gallery has-nested-images columns-1 is-cropped wp-block-gallery-2 is-layout-flex wp-block-gallery-is-layout-flex\">\n<figure class=\"wp-block-image size-large\"><a href=\"https:\/\/brissac.net\/wp-content\/uploads\/2016\/06\/chateau-brissac-chambre-hote.jpg\"><img loading=\"lazy\" decoding=\"async\" width=\"1000\" height=\"750\" data-id=\"193\" src=\"https:\/\/brissac.net\/wp-content\/uploads\/2016\/06\/chateau-brissac-chambre-hote.jpg\" alt=\"\" class=\"wp-image-193\" srcset=\"https:\/\/brissac.net\/wp-content\/uploads\/2016\/06\/chateau-brissac-chambre-hote.jpg 1000w, https:\/\/brissac.net\/wp-content\/uploads\/2016\/06\/chateau-brissac-chambre-hote-300x225.jpg 300w, https:\/\/brissac.net\/wp-content\/uploads\/2016\/06\/chateau-brissac-chambre-hote-768x576.jpg 768w, https:\/\/brissac.net\/wp-content\/uploads\/2016\/06\/chateau-brissac-chambre-hote-800x600.jpg 800w\" sizes=\"auto, (max-width: 1000px) 100vw, 1000px\" \/><\/a><\/figure>\n\n\n\n<figure class=\"wp-block-image size-large\"><a href=\"https:\/\/brissac.net\/wp-content\/uploads\/2016\/06\/chateau-brissac-visite-chambre.jpg\"><img loading=\"lazy\" decoding=\"async\" width=\"800\" height=\"1000\" data-id=\"226\" src=\"https:\/\/brissac.net\/wp-content\/uploads\/2016\/06\/chateau-brissac-visite-chambre.jpg\" alt=\"\" class=\"wp-image-226\" srcset=\"https:\/\/brissac.net\/wp-content\/uploads\/2016\/06\/chateau-brissac-visite-chambre.jpg 800w, https:\/\/brissac.net\/wp-content\/uploads\/2016\/06\/chateau-brissac-visite-chambre-240x300.jpg 240w, https:\/\/brissac.net\/wp-content\/uploads\/2016\/06\/chateau-brissac-visite-chambre-768x960.jpg 768w\" sizes=\"auto, (max-width: 800px) 100vw, 800px\" \/><\/a><\/figure>\n<\/figure>\n\n<\/div><\/div><\/div>\n<\/div>\n<\/div><\/div>","protected":false},"excerpt":{"rendered":"<p>Welcome to the region of Anjou. We invite you to stay in one of the most prestigious Chateau in the Loire Valley.<\/p>\n","protected":false},"author":1,"featured_media":0,"parent":0,"menu_order":40,"comment_status":"closed","ping_status":"closed","template":"","meta":{"footnotes":""},"class_list":["post-664","page","type-page","status-publish"],"yoast_head":"<!-- This site is optimized with the Yoast SEO plugin v27.3 - https:\/\/yoast.com\/product\/yoast-seo-wordpress\/ -->\n<title>Chambres d&#039;h\u00f4tes au ch\u00e2teau de Brissac | Anjou - Val de Loire<\/title>\n<meta name=\"description\" content=\"Le ch\u00e2teau de Brissac vous offre l\u2019hospitalit\u00e9 et vous invite \u00e0 vivre une exp\u00e9rience inoubliable dans ses chambres d&#039;h\u00f4tes au mobilier pr\u00e9cieux.\" \/>\n<meta name=\"robots\" content=\"index, follow, max-snippet:-1, max-image-preview:large, max-video-preview:-1\" \/>\n<link rel=\"canonical\" href=\"https:\/\/brissac.net\/en\/bed-and-breakfast\/\" \/>\n<meta property=\"og:locale\" content=\"en_US\" \/>\n<meta property=\"og:type\" content=\"article\" \/>\n<meta property=\"og:title\" content=\"Chambres d&#039;h\u00f4tes au ch\u00e2teau de Brissac | Anjou - Val de Loire\" \/>\n<meta property=\"og:description\" content=\"Le ch\u00e2teau de Brissac vous offre l\u2019hospitalit\u00e9 et vous invite \u00e0 vivre une exp\u00e9rience inoubliable dans ses chambres d&#039;h\u00f4tes au mobilier pr\u00e9cieux.\" \/>\n<meta property=\"og:url\" content=\"https:\/\/brissac.net\/en\/bed-and-breakfast\/\" \/>\n<meta property=\"og:site_name\" content=\"Ch\u00e2teau de Brissac\" \/>\n<meta property=\"article:publisher\" content=\"https:\/\/www.facebook.com\/chateau.brissac\/\" \/>\n<meta property=\"article:modified_time\" content=\"2025-01-23T16:48:36+00:00\" \/>\n<meta property=\"og:image\" content=\"https:\/\/brissac.net\/wp-content\/uploads\/2016\/06\/chateau-brissac-chambre-hote.jpg\" \/>\n\t<meta property=\"og:image:width\" content=\"1000\" \/>\n\t<meta property=\"og:image:height\" content=\"750\" \/>\n\t<meta property=\"og:image:type\" content=\"image\/jpeg\" \/>\n<meta name=\"twitter:card\" content=\"summary_large_image\" \/>\n<meta name=\"twitter:label1\" content=\"Est. reading time\" \/>\n\t<meta name=\"twitter:data1\" content=\"3 minutes\" \/>\n<script type=\"application\/ld+json\" class=\"yoast-schema-graph\">{\"@context\":\"https:\\\/\\\/schema.org\",\"@graph\":[{\"@type\":\"WebPage\",\"@id\":\"https:\\\/\\\/brissac.net\\\/en\\\/bed-and-breakfast\\\/\",\"url\":\"https:\\\/\\\/brissac.net\\\/en\\\/bed-and-breakfast\\\/\",\"name\":\"Chambres d'h\u00f4tes au ch\u00e2teau de Brissac | Anjou - Val de Loire\",\"isPartOf\":{\"@id\":\"https:\\\/\\\/brissac.net\\\/#website\"},\"primaryImageOfPage\":{\"@id\":\"https:\\\/\\\/brissac.net\\\/en\\\/bed-and-breakfast\\\/#primaryimage\"},\"image\":{\"@id\":\"https:\\\/\\\/brissac.net\\\/en\\\/bed-and-breakfast\\\/#primaryimage\"},\"thumbnailUrl\":\"https:\\\/\\\/brissac.net\\\/wp-content\\\/uploads\\\/2016\\\/06\\\/chateau-brissac-chambre-hote.jpg\",\"datePublished\":\"2016-06-28T20:09:33+00:00\",\"dateModified\":\"2025-01-23T16:48:36+00:00\",\"description\":\"Le ch\u00e2teau de Brissac vous offre l\u2019hospitalit\u00e9 et vous invite \u00e0 vivre une exp\u00e9rience inoubliable dans ses chambres d'h\u00f4tes au mobilier pr\u00e9cieux.\",\"breadcrumb\":{\"@id\":\"https:\\\/\\\/brissac.net\\\/en\\\/bed-and-breakfast\\\/#breadcrumb\"},\"inLanguage\":\"en-US\",\"potentialAction\":[{\"@type\":\"ReadAction\",\"target\":[\"https:\\\/\\\/brissac.net\\\/en\\\/bed-and-breakfast\\\/\"]}]},{\"@type\":\"ImageObject\",\"inLanguage\":\"en-US\",\"@id\":\"https:\\\/\\\/brissac.net\\\/en\\\/bed-and-breakfast\\\/#primaryimage\",\"url\":\"https:\\\/\\\/brissac.net\\\/wp-content\\\/uploads\\\/2016\\\/06\\\/chateau-brissac-chambre-hote.jpg\",\"contentUrl\":\"https:\\\/\\\/brissac.net\\\/wp-content\\\/uploads\\\/2016\\\/06\\\/chateau-brissac-chambre-hote.jpg\"},{\"@type\":\"BreadcrumbList\",\"@id\":\"https:\\\/\\\/brissac.net\\\/en\\\/bed-and-breakfast\\\/#breadcrumb\",\"itemListElement\":[{\"@type\":\"ListItem\",\"position\":1,\"name\":\"Accueil\",\"item\":\"https:\\\/\\\/brissac.net\\\/en\\\/\"},{\"@type\":\"ListItem\",\"position\":2,\"name\":\"Bed and breakfast\"}]},{\"@type\":\"WebSite\",\"@id\":\"https:\\\/\\\/brissac.net\\\/#website\",\"url\":\"https:\\\/\\\/brissac.net\\\/\",\"name\":\"Ch\u00e2teau de Brissac\",\"description\":\"Anjou - Val de Loire\",\"publisher\":{\"@id\":\"https:\\\/\\\/brissac.net\\\/#organization\"},\"potentialAction\":[{\"@type\":\"SearchAction\",\"target\":{\"@type\":\"EntryPoint\",\"urlTemplate\":\"https:\\\/\\\/brissac.net\\\/?s={search_term_string}\"},\"query-input\":{\"@type\":\"PropertyValueSpecification\",\"valueRequired\":true,\"valueName\":\"search_term_string\"}}],\"inLanguage\":\"en-US\"},{\"@type\":\"Organization\",\"@id\":\"https:\\\/\\\/brissac.net\\\/#organization\",\"name\":\"Ch\u00e2teau de Brissac\",\"url\":\"https:\\\/\\\/brissac.net\\\/\",\"logo\":{\"@type\":\"ImageObject\",\"inLanguage\":\"en-US\",\"@id\":\"https:\\\/\\\/brissac.net\\\/#\\\/schema\\\/logo\\\/image\\\/\",\"url\":\"https:\\\/\\\/brissac.net\\\/wp-content\\\/uploads\\\/2016\\\/06\\\/chateau-brissac-logo.png\",\"contentUrl\":\"https:\\\/\\\/brissac.net\\\/wp-content\\\/uploads\\\/2016\\\/06\\\/chateau-brissac-logo.png\",\"width\":459,\"height\":150,\"caption\":\"Ch\u00e2teau de Brissac\"},\"image\":{\"@id\":\"https:\\\/\\\/brissac.net\\\/#\\\/schema\\\/logo\\\/image\\\/\"},\"sameAs\":[\"https:\\\/\\\/www.facebook.com\\\/chateau.brissac\\\/\"]}]}<\/script>\n<!-- \/ Yoast SEO plugin. -->","yoast_head_json":{"title":"Chambres d'h\u00f4tes au ch\u00e2teau de Brissac | Anjou - Val de Loire","description":"Le ch\u00e2teau de Brissac vous offre l\u2019hospitalit\u00e9 et vous invite \u00e0 vivre une exp\u00e9rience inoubliable dans ses chambres d'h\u00f4tes au mobilier pr\u00e9cieux.","robots":{"index":"index","follow":"follow","max-snippet":"max-snippet:-1","max-image-preview":"max-image-preview:large","max-video-preview":"max-video-preview:-1"},"canonical":"https:\/\/brissac.net\/en\/bed-and-breakfast\/","og_locale":"en_US","og_type":"article","og_title":"Chambres d'h\u00f4tes au ch\u00e2teau de Brissac | Anjou - Val de Loire","og_description":"Le ch\u00e2teau de Brissac vous offre l\u2019hospitalit\u00e9 et vous invite \u00e0 vivre une exp\u00e9rience inoubliable dans ses chambres d'h\u00f4tes au mobilier pr\u00e9cieux.","og_url":"https:\/\/brissac.net\/en\/bed-and-breakfast\/","og_site_name":"Ch\u00e2teau de Brissac","article_publisher":"https:\/\/www.facebook.com\/chateau.brissac\/","article_modified_time":"2025-01-23T16:48:36+00:00","og_image":[{"width":1000,"height":750,"url":"https:\/\/brissac.net\/wp-content\/uploads\/2016\/06\/chateau-brissac-chambre-hote.jpg","type":"image\/jpeg"}],"twitter_card":"summary_large_image","twitter_misc":{"Est. reading time":"3 minutes"},"schema":{"@context":"https:\/\/schema.org","@graph":[{"@type":"WebPage","@id":"https:\/\/brissac.net\/en\/bed-and-breakfast\/","url":"https:\/\/brissac.net\/en\/bed-and-breakfast\/","name":"Chambres d'h\u00f4tes au ch\u00e2teau de Brissac | Anjou - Val de Loire","isPartOf":{"@id":"https:\/\/brissac.net\/#website"},"primaryImageOfPage":{"@id":"https:\/\/brissac.net\/en\/bed-and-breakfast\/#primaryimage"},"image":{"@id":"https:\/\/brissac.net\/en\/bed-and-breakfast\/#primaryimage"},"thumbnailUrl":"https:\/\/brissac.net\/wp-content\/uploads\/2016\/06\/chateau-brissac-chambre-hote.jpg","datePublished":"2016-06-28T20:09:33+00:00","dateModified":"2025-01-23T16:48:36+00:00","description":"Le ch\u00e2teau de Brissac vous offre l\u2019hospitalit\u00e9 et vous invite \u00e0 vivre une exp\u00e9rience inoubliable dans ses chambres d'h\u00f4tes au mobilier pr\u00e9cieux.","breadcrumb":{"@id":"https:\/\/brissac.net\/en\/bed-and-breakfast\/#breadcrumb"},"inLanguage":"en-US","potentialAction":[{"@type":"ReadAction","target":["https:\/\/brissac.net\/en\/bed-and-breakfast\/"]}]},{"@type":"ImageObject","inLanguage":"en-US","@id":"https:\/\/brissac.net\/en\/bed-and-breakfast\/#primaryimage","url":"https:\/\/brissac.net\/wp-content\/uploads\/2016\/06\/chateau-brissac-chambre-hote.jpg","contentUrl":"https:\/\/brissac.net\/wp-content\/uploads\/2016\/06\/chateau-brissac-chambre-hote.jpg"},{"@type":"BreadcrumbList","@id":"https:\/\/brissac.net\/en\/bed-and-breakfast\/#breadcrumb","itemListElement":[{"@type":"ListItem","position":1,"name":"Accueil","item":"https:\/\/brissac.net\/en\/"},{"@type":"ListItem","position":2,"name":"Bed and breakfast"}]},{"@type":"WebSite","@id":"https:\/\/brissac.net\/#website","url":"https:\/\/brissac.net\/","name":"Ch\u00e2teau de Brissac","description":"Anjou - Val de Loire","publisher":{"@id":"https:\/\/brissac.net\/#organization"},"potentialAction":[{"@type":"SearchAction","target":{"@type":"EntryPoint","urlTemplate":"https:\/\/brissac.net\/?s={search_term_string}"},"query-input":{"@type":"PropertyValueSpecification","valueRequired":true,"valueName":"search_term_string"}}],"inLanguage":"en-US"},{"@type":"Organization","@id":"https:\/\/brissac.net\/#organization","name":"Ch\u00e2teau de Brissac","url":"https:\/\/brissac.net\/","logo":{"@type":"ImageObject","inLanguage":"en-US","@id":"https:\/\/brissac.net\/#\/schema\/logo\/image\/","url":"https:\/\/brissac.net\/wp-content\/uploads\/2016\/06\/chateau-brissac-logo.png","contentUrl":"https:\/\/brissac.net\/wp-content\/uploads\/2016\/06\/chateau-brissac-logo.png","width":459,"height":150,"caption":"Ch\u00e2teau de Brissac"},"image":{"@id":"https:\/\/brissac.net\/#\/schema\/logo\/image\/"},"sameAs":["https:\/\/www.facebook.com\/chateau.brissac\/"]}]}},"_links":{"self":[{"href":"https:\/\/brissac.net\/en\/wp-json\/wp\/v2\/pages\/664","targetHints":{"allow":["GET"]}}],"collection":[{"href":"https:\/\/brissac.net\/en\/wp-json\/wp\/v2\/pages"}],"about":[{"href":"https:\/\/brissac.net\/en\/wp-json\/wp\/v2\/types\/page"}],"author":[{"embeddable":true,"href":"https:\/\/brissac.net\/en\/wp-json\/wp\/v2\/users\/1"}],"replies":[{"embeddable":true,"href":"https:\/\/brissac.net\/en\/wp-json\/wp\/v2\/comments?post=664"}],"version-history":[{"count":7,"href":"https:\/\/brissac.net\/en\/wp-json\/wp\/v2\/pages\/664\/revisions"}],"predecessor-version":[{"id":3120,"href":"https:\/\/brissac.net\/en\/wp-json\/wp\/v2\/pages\/664\/revisions\/3120"}],"wp:attachment":[{"href":"https:\/\/brissac.net\/en\/wp-json\/wp\/v2\/media?parent=664"}],"curies":[{"name":"wp","href":"https:\/\/api.w.org\/{rel}","templated":true}]}}