{"id":663,"date":"2016-06-23T15:23:57","date_gmt":"2016-06-23T14:23:57","guid":{"rendered":"http:\/\/www.marierabault.com\/projet\/chateau-brissac\/visite-virtuelle\/"},"modified":"2021-10-21T17:18:05","modified_gmt":"2021-10-21T16:18:05","slug":"virtual-tour","status":"publish","type":"page","link":"https:\/\/brissac.net\/en\/virtual-tour\/","title":{"rendered":"Virtual tour"},"content":{"rendered":"<div class=\"gb-container gb-container-d7820d92 alignfull\"><div class=\"gb-inside-container\">\n\n<iframe loading=\"lazy\" src=\"\/\/storage.net-fs.com\/hosting\/6824403\/4\/\" name=\"Ch\\u00e2teau de Brissac\" width=\"100%\" height=\"800px\" frameborder=\"0\" allow=\"fullscreen; accelerometer; gyroscope; magnetometer; vr; xr; xr-spatial-tracking; autoplay; camera; microphone\" allowfullscreen=\"true\" webkitallowfullscreen=\"true\" mozallowfullscreen=\"true\" oallowfullscreen=\"true\" msallowfullscreen=\"true\"><\/iframe>\n\n<\/div><\/div>","protected":false},"excerpt":{"rendered":"","protected":false},"author":1,"featured_media":0,"parent":0,"menu_order":23,"comment_status":"closed","ping_status":"closed","template":"","meta":{"footnotes":""},"class_list":["post-663","page","type-page","status-publish"],"yoast_head":"<!-- This site is optimized with the Yoast SEO plugin v27.3 - https:\/\/yoast.com\/product\/yoast-seo-wordpress\/ -->\n<title>Visite virtuelle du ch\u00e2teau de Brissac | Anjou - Val de Loire<\/title>\n<meta name=\"description\" content=\"D\u00e9couvrez l&#039;int\u00e9rieur, les annexes et les ext\u00e9rieurs du plus haut ch\u00e2teau de France : le ch\u00e2teau de Brissac en Anjou - Val de Loire.\" \/>\n<meta name=\"robots\" content=\"index, follow, max-snippet:-1, max-image-preview:large, max-video-preview:-1\" \/>\n<link rel=\"canonical\" href=\"https:\/\/brissac.net\/virtual-tour\/?lang=en\" \/>\n<meta property=\"og:locale\" content=\"en_US\" \/>\n<meta property=\"og:type\" content=\"article\" \/>\n<meta property=\"og:title\" content=\"Visite virtuelle du ch\u00e2teau de Brissac | Anjou - Val de Loire\" \/>\n<meta property=\"og:description\" content=\"D\u00e9couvrez l&#039;int\u00e9rieur, les annexes et les ext\u00e9rieurs du plus haut ch\u00e2teau de France : le ch\u00e2teau de Brissac en Anjou - Val de Loire.\" \/>\n<meta property=\"og:url\" content=\"https:\/\/brissac.net\/virtual-tour\/?lang=en\" \/>\n<meta property=\"og:site_name\" content=\"Ch\u00e2teau de Brissac\" \/>\n<meta property=\"article:publisher\" content=\"https:\/\/www.facebook.com\/chateau.brissac\/\" \/>\n<meta property=\"article:modified_time\" content=\"2021-10-21T16:18:05+00:00\" \/>\n<meta name=\"twitter:card\" content=\"summary_large_image\" \/>\n<script type=\"application\/ld+json\" class=\"yoast-schema-graph\">{\"@context\":\"https:\\\/\\\/schema.org\",\"@graph\":[{\"@type\":\"WebPage\",\"@id\":\"https:\\\/\\\/brissac.net\\\/virtual-tour\\\/?lang=en\",\"url\":\"https:\\\/\\\/brissac.net\\\/virtual-tour\\\/?lang=en\",\"name\":\"Visite virtuelle du ch\u00e2teau de Brissac | Anjou - Val de Loire\",\"isPartOf\":{\"@id\":\"https:\\\/\\\/brissac.net\\\/#website\"},\"datePublished\":\"2016-06-23T14:23:57+00:00\",\"dateModified\":\"2021-10-21T16:18:05+00:00\",\"description\":\"D\u00e9couvrez l'int\u00e9rieur, les annexes et les ext\u00e9rieurs du plus haut ch\u00e2teau de France : le ch\u00e2teau de Brissac en Anjou - Val de Loire.\",\"breadcrumb\":{\"@id\":\"https:\\\/\\\/brissac.net\\\/virtual-tour\\\/?lang=en#breadcrumb\"},\"inLanguage\":\"en-US\",\"potentialAction\":[{\"@type\":\"ReadAction\",\"target\":[\"https:\\\/\\\/brissac.net\\\/virtual-tour\\\/?lang=en\"]}]},{\"@type\":\"BreadcrumbList\",\"@id\":\"https:\\\/\\\/brissac.net\\\/virtual-tour\\\/?lang=en#breadcrumb\",\"itemListElement\":[{\"@type\":\"ListItem\",\"position\":1,\"name\":\"Accueil\",\"item\":\"https:\\\/\\\/brissac.net\\\/en\\\/\"},{\"@type\":\"ListItem\",\"position\":2,\"name\":\"Virtual tour\"}]},{\"@type\":\"WebSite\",\"@id\":\"https:\\\/\\\/brissac.net\\\/#website\",\"url\":\"https:\\\/\\\/brissac.net\\\/\",\"name\":\"Ch\u00e2teau de Brissac\",\"description\":\"Anjou - Val de Loire\",\"publisher\":{\"@id\":\"https:\\\/\\\/brissac.net\\\/#organization\"},\"potentialAction\":[{\"@type\":\"SearchAction\",\"target\":{\"@type\":\"EntryPoint\",\"urlTemplate\":\"https:\\\/\\\/brissac.net\\\/?s={search_term_string}\"},\"query-input\":{\"@type\":\"PropertyValueSpecification\",\"valueRequired\":true,\"valueName\":\"search_term_string\"}}],\"inLanguage\":\"en-US\"},{\"@type\":\"Organization\",\"@id\":\"https:\\\/\\\/brissac.net\\\/#organization\",\"name\":\"Ch\u00e2teau de Brissac\",\"url\":\"https:\\\/\\\/brissac.net\\\/\",\"logo\":{\"@type\":\"ImageObject\",\"inLanguage\":\"en-US\",\"@id\":\"https:\\\/\\\/brissac.net\\\/#\\\/schema\\\/logo\\\/image\\\/\",\"url\":\"https:\\\/\\\/brissac.net\\\/wp-content\\\/uploads\\\/2016\\\/06\\\/chateau-brissac-logo.png\",\"contentUrl\":\"https:\\\/\\\/brissac.net\\\/wp-content\\\/uploads\\\/2016\\\/06\\\/chateau-brissac-logo.png\",\"width\":459,\"height\":150,\"caption\":\"Ch\u00e2teau de Brissac\"},\"image\":{\"@id\":\"https:\\\/\\\/brissac.net\\\/#\\\/schema\\\/logo\\\/image\\\/\"},\"sameAs\":[\"https:\\\/\\\/www.facebook.com\\\/chateau.brissac\\\/\"]}]}<\/script>\n<!-- \/ Yoast SEO plugin. -->","yoast_head_json":{"title":"Visite virtuelle du ch\u00e2teau de Brissac | Anjou - Val de Loire","description":"D\u00e9couvrez l'int\u00e9rieur, les annexes et les ext\u00e9rieurs du plus haut ch\u00e2teau de France : le ch\u00e2teau de Brissac en Anjou - Val de Loire.","robots":{"index":"index","follow":"follow","max-snippet":"max-snippet:-1","max-image-preview":"max-image-preview:large","max-video-preview":"max-video-preview:-1"},"canonical":"https:\/\/brissac.net\/virtual-tour\/?lang=en","og_locale":"en_US","og_type":"article","og_title":"Visite virtuelle du ch\u00e2teau de Brissac | Anjou - Val de Loire","og_description":"D\u00e9couvrez l'int\u00e9rieur, les annexes et les ext\u00e9rieurs du plus haut ch\u00e2teau de France : le ch\u00e2teau de Brissac en Anjou - Val de Loire.","og_url":"https:\/\/brissac.net\/virtual-tour\/?lang=en","og_site_name":"Ch\u00e2teau de Brissac","article_publisher":"https:\/\/www.facebook.com\/chateau.brissac\/","article_modified_time":"2021-10-21T16:18:05+00:00","twitter_card":"summary_large_image","schema":{"@context":"https:\/\/schema.org","@graph":[{"@type":"WebPage","@id":"https:\/\/brissac.net\/virtual-tour\/?lang=en","url":"https:\/\/brissac.net\/virtual-tour\/?lang=en","name":"Visite virtuelle du ch\u00e2teau de Brissac | Anjou - Val de Loire","isPartOf":{"@id":"https:\/\/brissac.net\/#website"},"datePublished":"2016-06-23T14:23:57+00:00","dateModified":"2021-10-21T16:18:05+00:00","description":"D\u00e9couvrez l'int\u00e9rieur, les annexes et les ext\u00e9rieurs du plus haut ch\u00e2teau de France : le ch\u00e2teau de Brissac en Anjou - Val de Loire.","breadcrumb":{"@id":"https:\/\/brissac.net\/virtual-tour\/?lang=en#breadcrumb"},"inLanguage":"en-US","potentialAction":[{"@type":"ReadAction","target":["https:\/\/brissac.net\/virtual-tour\/?lang=en"]}]},{"@type":"BreadcrumbList","@id":"https:\/\/brissac.net\/virtual-tour\/?lang=en#breadcrumb","itemListElement":[{"@type":"ListItem","position":1,"name":"Accueil","item":"https:\/\/brissac.net\/en\/"},{"@type":"ListItem","position":2,"name":"Virtual tour"}]},{"@type":"WebSite","@id":"https:\/\/brissac.net\/#website","url":"https:\/\/brissac.net\/","name":"Ch\u00e2teau de Brissac","description":"Anjou - Val de Loire","publisher":{"@id":"https:\/\/brissac.net\/#organization"},"potentialAction":[{"@type":"SearchAction","target":{"@type":"EntryPoint","urlTemplate":"https:\/\/brissac.net\/?s={search_term_string}"},"query-input":{"@type":"PropertyValueSpecification","valueRequired":true,"valueName":"search_term_string"}}],"inLanguage":"en-US"},{"@type":"Organization","@id":"https:\/\/brissac.net\/#organization","name":"Ch\u00e2teau de Brissac","url":"https:\/\/brissac.net\/","logo":{"@type":"ImageObject","inLanguage":"en-US","@id":"https:\/\/brissac.net\/#\/schema\/logo\/image\/","url":"https:\/\/brissac.net\/wp-content\/uploads\/2016\/06\/chateau-brissac-logo.png","contentUrl":"https:\/\/brissac.net\/wp-content\/uploads\/2016\/06\/chateau-brissac-logo.png","width":459,"height":150,"caption":"Ch\u00e2teau de Brissac"},"image":{"@id":"https:\/\/brissac.net\/#\/schema\/logo\/image\/"},"sameAs":["https:\/\/www.facebook.com\/chateau.brissac\/"]}]}},"_links":{"self":[{"href":"https:\/\/brissac.net\/en\/wp-json\/wp\/v2\/pages\/663","targetHints":{"allow":["GET"]}}],"collection":[{"href":"https:\/\/brissac.net\/en\/wp-json\/wp\/v2\/pages"}],"about":[{"href":"https:\/\/brissac.net\/en\/wp-json\/wp\/v2\/types\/page"}],"author":[{"embeddable":true,"href":"https:\/\/brissac.net\/en\/wp-json\/wp\/v2\/users\/1"}],"replies":[{"embeddable":true,"href":"https:\/\/brissac.net\/en\/wp-json\/wp\/v2\/comments?post=663"}],"version-history":[{"count":1,"href":"https:\/\/brissac.net\/en\/wp-json\/wp\/v2\/pages\/663\/revisions"}],"predecessor-version":[{"id":3162,"href":"https:\/\/brissac.net\/en\/wp-json\/wp\/v2\/pages\/663\/revisions\/3162"}],"wp:attachment":[{"href":"https:\/\/brissac.net\/en\/wp-json\/wp\/v2\/media?parent=663"}],"curies":[{"name":"wp","href":"https:\/\/api.w.org\/{rel}","templated":true}]}}