{"id":662,"date":"2016-06-23T15:23:32","date_gmt":"2016-06-23T14:23:32","guid":{"rendered":"http:\/\/www.marierabault.com\/projet\/chateau-brissac\/le-parc-paysager\/"},"modified":"2025-01-23T18:37:56","modified_gmt":"2025-01-23T17:37:56","slug":"the-landscaped-park","status":"publish","type":"page","link":"https:\/\/brissac.net\/en\/the-landscaped-park\/","title":{"rendered":"The landscaped park"},"content":{"rendered":"<div class=\"gb-container gb-container-ed0f5cdc alignfull\">\n<div class=\"gb-container gb-container-939d5046\"><\/div>\n<\/div>\n\n<div class=\"gb-container gb-container-d14de65c\"><div class=\"gb-inside-container\">\n\n<blockquote class=\"wp-block-quote is-layout-flow wp-block-quote-is-layout-flow\">\n<p><em>In front of you, the park of the castle of Brissac faces the south. We invite you to stroll along the paths that people who have lived and loved these places have drawn over the centuries. Through successive touches, they have shaped nature, transforming a marsh at the foot of the original fortress into an elegant landscaped park. Thus unveiled, from the hill of the Mausoleum or reflected on the piece of water, the facades of the castle elevate their monumentality in a site with majestic perspectives and bucolic tones.<\/em><\/p>\n<\/blockquote>\n\n\n<div class=\"gb-button-wrapper gb-button-wrapper-a33980ee\">\n\n<a class=\"gb-button gb-button-11a4b175 gb-button-text\" href=\"https:\/\/brissac.net\/opening-and-rates\/?lang=en\">Opening and rates<\/a>\n\n\n\n<a class=\"gb-button gb-button-2d1fdf3e gb-button-text\" href=\"https:\/\/brissac.net\/wp-content\/uploads\/2025\/01\/plan-jardins-parcs-chateau-brissac.jpg\" target=\"_blank\" rel=\"noopener noreferrer\">See the map<\/a>\n\n<\/div>\n<\/div><\/div>\n\n<div class=\"gb-container gb-container-8a25ebdc alignfull\"><div class=\"gb-inside-container\">\n<div class=\"gb-grid-wrapper gb-grid-wrapper-1e5970f7\">\n<div class=\"gb-grid-column gb-grid-column-bdce9164\"><div class=\"gb-container gb-container-bdce9164\"><\/div><\/div>\n\n<div class=\"gb-grid-column gb-grid-column-53b2ce73\"><div class=\"gb-container gb-container-53b2ce73\">\n<div class=\"gb-grid-wrapper gb-grid-wrapper-d9506a70\">\n<div class=\"gb-grid-column gb-grid-column-cacfda0e\"><div class=\"gb-container gb-container-cacfda0e\"><\/div><\/div>\n\n<div class=\"gb-grid-column gb-grid-column-5da928c5\"><div class=\"gb-container gb-container-5da928c5\"><\/div><\/div>\n\n<div class=\"gb-grid-column gb-grid-column-d2a0e3e6\"><div class=\"gb-container gb-container-d2a0e3e6\"><\/div><\/div>\n<\/div>\n<\/div><\/div>\n\n<div class=\"gb-grid-column gb-grid-column-da148d61\"><div class=\"gb-container gb-container-da148d61\">\n<div class=\"gb-grid-wrapper gb-grid-wrapper-3626dcf8\">\n<div class=\"gb-grid-column gb-grid-column-c20ca05c\"><div class=\"gb-container gb-container-c20ca05c\"><\/div><\/div>\n\n<div class=\"gb-grid-column gb-grid-column-c7cd78ca\"><div class=\"gb-container gb-container-c7cd78ca\"><\/div><\/div>\n\n<div class=\"gb-grid-column gb-grid-column-2ecc34a2\"><div class=\"gb-container gb-container-2ecc34a2\"><\/div><\/div>\n<\/div>\n<\/div><\/div>\n\n<div class=\"gb-grid-column gb-grid-column-15128ca5\"><div class=\"gb-container gb-container-15128ca5\"><\/div><\/div>\n<\/div>\n<\/div><\/div>","protected":false},"excerpt":{"rendered":"<p>In front of you, the park of the castle of Brissac faces the south. We invite you to stroll along the paths that people who have lived and loved these places have drawn over the centuries. Through successive touches, they have shaped nature, transforming a marsh at the foot of the original fortress into an &#8230; <a title=\"The landscaped park\" class=\"read-more\" href=\"https:\/\/brissac.net\/en\/the-landscaped-park\/\" aria-label=\"Read more about The landscaped park\">Read more<\/a><\/p>\n","protected":false},"author":1,"featured_media":0,"parent":0,"menu_order":22,"comment_status":"closed","ping_status":"closed","template":"","meta":{"footnotes":""},"class_list":["post-662","page","type-page","status-publish"],"yoast_head":"<!-- This site is optimized with the Yoast SEO plugin v27.4 - https:\/\/yoast.com\/product\/yoast-seo-wordpress\/ -->\n<title>Le parc paysager du ch\u00e2teau de Brissac | Anjou - Val de Loire<\/title>\n<meta name=\"description\" content=\"Nous vous invitons \u00e0 mettre vos pas dans les all\u00e9es que dessin\u00e8rent au cours des si\u00e8cles celles et ceux qui ont habit\u00e9 et aim\u00e9 le parc du ch\u00e2teau de Brissac\" \/>\n<meta name=\"robots\" content=\"index, follow, max-snippet:-1, max-image-preview:large, max-video-preview:-1\" \/>\n<link rel=\"canonical\" href=\"https:\/\/brissac.net\/en\/the-landscaped-park\/\" \/>\n<meta property=\"og:locale\" content=\"en_US\" \/>\n<meta property=\"og:type\" content=\"article\" \/>\n<meta property=\"og:title\" content=\"Le parc paysager du ch\u00e2teau de Brissac | Anjou - Val de Loire\" \/>\n<meta property=\"og:description\" content=\"Nous vous invitons \u00e0 mettre vos pas dans les all\u00e9es que dessin\u00e8rent au cours des si\u00e8cles celles et ceux qui ont habit\u00e9 et aim\u00e9 le parc du ch\u00e2teau de Brissac\" \/>\n<meta property=\"og:url\" content=\"https:\/\/brissac.net\/en\/the-landscaped-park\/\" \/>\n<meta property=\"og:site_name\" content=\"Ch\u00e2teau de Brissac\" \/>\n<meta property=\"article:publisher\" content=\"https:\/\/www.facebook.com\/chateau.brissac\/\" \/>\n<meta property=\"article:modified_time\" content=\"2025-01-23T17:37:56+00:00\" \/>\n<meta name=\"twitter:card\" content=\"summary_large_image\" \/>\n<meta name=\"twitter:label1\" content=\"Est. reading time\" \/>\n\t<meta name=\"twitter:data1\" content=\"2 minutes\" \/>\n<script type=\"application\/ld+json\" class=\"yoast-schema-graph\">{\"@context\":\"https:\\\/\\\/schema.org\",\"@graph\":[{\"@type\":\"WebPage\",\"@id\":\"https:\\\/\\\/brissac.net\\\/en\\\/the-landscaped-park\\\/\",\"url\":\"https:\\\/\\\/brissac.net\\\/en\\\/the-landscaped-park\\\/\",\"name\":\"Le parc paysager du ch\u00e2teau de Brissac | Anjou - Val de Loire\",\"isPartOf\":{\"@id\":\"https:\\\/\\\/brissac.net\\\/#website\"},\"datePublished\":\"2016-06-23T14:23:32+00:00\",\"dateModified\":\"2025-01-23T17:37:56+00:00\",\"description\":\"Nous vous invitons \u00e0 mettre vos pas dans les all\u00e9es que dessin\u00e8rent au cours des si\u00e8cles celles et ceux qui ont habit\u00e9 et aim\u00e9 le parc du ch\u00e2teau de Brissac\",\"breadcrumb\":{\"@id\":\"https:\\\/\\\/brissac.net\\\/en\\\/the-landscaped-park\\\/#breadcrumb\"},\"inLanguage\":\"en-US\",\"potentialAction\":[{\"@type\":\"ReadAction\",\"target\":[\"https:\\\/\\\/brissac.net\\\/en\\\/the-landscaped-park\\\/\"]}]},{\"@type\":\"BreadcrumbList\",\"@id\":\"https:\\\/\\\/brissac.net\\\/en\\\/the-landscaped-park\\\/#breadcrumb\",\"itemListElement\":[{\"@type\":\"ListItem\",\"position\":1,\"name\":\"Accueil\",\"item\":\"https:\\\/\\\/brissac.net\\\/en\\\/\"},{\"@type\":\"ListItem\",\"position\":2,\"name\":\"The landscaped park\"}]},{\"@type\":\"WebSite\",\"@id\":\"https:\\\/\\\/brissac.net\\\/#website\",\"url\":\"https:\\\/\\\/brissac.net\\\/\",\"name\":\"Ch\u00e2teau de Brissac\",\"description\":\"Anjou - Val de Loire\",\"publisher\":{\"@id\":\"https:\\\/\\\/brissac.net\\\/#organization\"},\"potentialAction\":[{\"@type\":\"SearchAction\",\"target\":{\"@type\":\"EntryPoint\",\"urlTemplate\":\"https:\\\/\\\/brissac.net\\\/?s={search_term_string}\"},\"query-input\":{\"@type\":\"PropertyValueSpecification\",\"valueRequired\":true,\"valueName\":\"search_term_string\"}}],\"inLanguage\":\"en-US\"},{\"@type\":\"Organization\",\"@id\":\"https:\\\/\\\/brissac.net\\\/#organization\",\"name\":\"Ch\u00e2teau de Brissac\",\"url\":\"https:\\\/\\\/brissac.net\\\/\",\"logo\":{\"@type\":\"ImageObject\",\"inLanguage\":\"en-US\",\"@id\":\"https:\\\/\\\/brissac.net\\\/#\\\/schema\\\/logo\\\/image\\\/\",\"url\":\"https:\\\/\\\/brissac.net\\\/wp-content\\\/uploads\\\/2016\\\/06\\\/chateau-brissac-logo.png\",\"contentUrl\":\"https:\\\/\\\/brissac.net\\\/wp-content\\\/uploads\\\/2016\\\/06\\\/chateau-brissac-logo.png\",\"width\":459,\"height\":150,\"caption\":\"Ch\u00e2teau de Brissac\"},\"image\":{\"@id\":\"https:\\\/\\\/brissac.net\\\/#\\\/schema\\\/logo\\\/image\\\/\"},\"sameAs\":[\"https:\\\/\\\/www.facebook.com\\\/chateau.brissac\\\/\"]}]}<\/script>\n<!-- \/ Yoast SEO plugin. -->","yoast_head_json":{"title":"Le parc paysager du ch\u00e2teau de Brissac | Anjou - Val de Loire","description":"Nous vous invitons \u00e0 mettre vos pas dans les all\u00e9es que dessin\u00e8rent au cours des si\u00e8cles celles et ceux qui ont habit\u00e9 et aim\u00e9 le parc du ch\u00e2teau de Brissac","robots":{"index":"index","follow":"follow","max-snippet":"max-snippet:-1","max-image-preview":"max-image-preview:large","max-video-preview":"max-video-preview:-1"},"canonical":"https:\/\/brissac.net\/en\/the-landscaped-park\/","og_locale":"en_US","og_type":"article","og_title":"Le parc paysager du ch\u00e2teau de Brissac | Anjou - Val de Loire","og_description":"Nous vous invitons \u00e0 mettre vos pas dans les all\u00e9es que dessin\u00e8rent au cours des si\u00e8cles celles et ceux qui ont habit\u00e9 et aim\u00e9 le parc du ch\u00e2teau de Brissac","og_url":"https:\/\/brissac.net\/en\/the-landscaped-park\/","og_site_name":"Ch\u00e2teau de Brissac","article_publisher":"https:\/\/www.facebook.com\/chateau.brissac\/","article_modified_time":"2025-01-23T17:37:56+00:00","twitter_card":"summary_large_image","twitter_misc":{"Est. reading time":"2 minutes"},"schema":{"@context":"https:\/\/schema.org","@graph":[{"@type":"WebPage","@id":"https:\/\/brissac.net\/en\/the-landscaped-park\/","url":"https:\/\/brissac.net\/en\/the-landscaped-park\/","name":"Le parc paysager du ch\u00e2teau de Brissac | Anjou - Val de Loire","isPartOf":{"@id":"https:\/\/brissac.net\/#website"},"datePublished":"2016-06-23T14:23:32+00:00","dateModified":"2025-01-23T17:37:56+00:00","description":"Nous vous invitons \u00e0 mettre vos pas dans les all\u00e9es que dessin\u00e8rent au cours des si\u00e8cles celles et ceux qui ont habit\u00e9 et aim\u00e9 le parc du ch\u00e2teau de Brissac","breadcrumb":{"@id":"https:\/\/brissac.net\/en\/the-landscaped-park\/#breadcrumb"},"inLanguage":"en-US","potentialAction":[{"@type":"ReadAction","target":["https:\/\/brissac.net\/en\/the-landscaped-park\/"]}]},{"@type":"BreadcrumbList","@id":"https:\/\/brissac.net\/en\/the-landscaped-park\/#breadcrumb","itemListElement":[{"@type":"ListItem","position":1,"name":"Accueil","item":"https:\/\/brissac.net\/en\/"},{"@type":"ListItem","position":2,"name":"The landscaped park"}]},{"@type":"WebSite","@id":"https:\/\/brissac.net\/#website","url":"https:\/\/brissac.net\/","name":"Ch\u00e2teau de Brissac","description":"Anjou - Val de Loire","publisher":{"@id":"https:\/\/brissac.net\/#organization"},"potentialAction":[{"@type":"SearchAction","target":{"@type":"EntryPoint","urlTemplate":"https:\/\/brissac.net\/?s={search_term_string}"},"query-input":{"@type":"PropertyValueSpecification","valueRequired":true,"valueName":"search_term_string"}}],"inLanguage":"en-US"},{"@type":"Organization","@id":"https:\/\/brissac.net\/#organization","name":"Ch\u00e2teau de Brissac","url":"https:\/\/brissac.net\/","logo":{"@type":"ImageObject","inLanguage":"en-US","@id":"https:\/\/brissac.net\/#\/schema\/logo\/image\/","url":"https:\/\/brissac.net\/wp-content\/uploads\/2016\/06\/chateau-brissac-logo.png","contentUrl":"https:\/\/brissac.net\/wp-content\/uploads\/2016\/06\/chateau-brissac-logo.png","width":459,"height":150,"caption":"Ch\u00e2teau de Brissac"},"image":{"@id":"https:\/\/brissac.net\/#\/schema\/logo\/image\/"},"sameAs":["https:\/\/www.facebook.com\/chateau.brissac\/"]}]}},"_links":{"self":[{"href":"https:\/\/brissac.net\/en\/wp-json\/wp\/v2\/pages\/662","targetHints":{"allow":["GET"]}}],"collection":[{"href":"https:\/\/brissac.net\/en\/wp-json\/wp\/v2\/pages"}],"about":[{"href":"https:\/\/brissac.net\/en\/wp-json\/wp\/v2\/types\/page"}],"author":[{"embeddable":true,"href":"https:\/\/brissac.net\/en\/wp-json\/wp\/v2\/users\/1"}],"replies":[{"embeddable":true,"href":"https:\/\/brissac.net\/en\/wp-json\/wp\/v2\/comments?post=662"}],"version-history":[{"count":3,"href":"https:\/\/brissac.net\/en\/wp-json\/wp\/v2\/pages\/662\/revisions"}],"predecessor-version":[{"id":3136,"href":"https:\/\/brissac.net\/en\/wp-json\/wp\/v2\/pages\/662\/revisions\/3136"}],"wp:attachment":[{"href":"https:\/\/brissac.net\/en\/wp-json\/wp\/v2\/media?parent=662"}],"curies":[{"name":"wp","href":"https:\/\/api.w.org\/{rel}","templated":true}]}}