{"id":661,"date":"2016-06-23T15:23:08","date_gmt":"2016-06-23T14:23:08","guid":{"rendered":"http:\/\/www.marierabault.com\/projet\/chateau-brissac\/le-chateau\/"},"modified":"2025-01-24T10:04:32","modified_gmt":"2025-01-24T09:04:32","slug":"the-castle","status":"publish","type":"page","link":"https:\/\/brissac.net\/en\/the-castle\/","title":{"rendered":"The Castle"},"content":{"rendered":"<div class=\"gb-container gb-container-9d896f72 alignfull\">\n<div class=\"gb-container gb-container-121eda5a\"><\/div>\n<\/div>\n\n<div class=\"gb-container gb-container-f4493bf1\"><div class=\"gb-inside-container\">\n\n<blockquote class=\"wp-block-quote has-text-align-center is-layout-flow wp-block-quote-is-layout-flow\">\n<p><em>Tallest Castle in France, Brissac with its 7 floors and 204 rooms, deserves its nickname \u201cGiant of the Loire Valley\u201d.<\/em><\/p>\n<\/blockquote>\n\n<\/div><\/div>\n\n<div class=\"gb-container gb-container-637e4f4f\"><div class=\"gb-inside-container\">\n<div class=\"gb-grid-wrapper gb-grid-wrapper-bc97e0d2\">\n<div class=\"gb-grid-column gb-grid-column-32632f59\"><div class=\"gb-container gb-container-32632f59\"><div class=\"gb-inside-container\">\n\n<p>Purchased in 1502 by Ren\u00e9 de Coss\u00e9, first lord of Brissac, the Castle is now the residence of the fourteenth Duke of Brissac.&nbsp;While the park offers magnificent views in the shade of centuries-old trees, the visit reveals a dazzling decor. Here rival beauty, gold leaf ceilings, precious furniture and especially a lovely Belle Epoque theater, dedicated to the opera.<\/p>\n\n\n\n<p>In the golden drawing room are gathered family memories, portraits, pictures, flowers and candles\u2026 Because Brissac is a family castle in which each generation has endeavoured to transmit the love and the respect of a patrimony to maintain a tradition of hospitality. In the dining-room you will see that the table is already set as if many guests were invited to dine with the Duke!<\/p>\n\n<\/div><\/div><\/div>\n\n<div class=\"gb-grid-column gb-grid-column-2d45f010\"><div class=\"gb-container gb-container-2d45f010\"><div class=\"gb-inside-container\">\n\n<p>The visit continues in the footsteps of King Louis XIII who came to Brissac in August 1620, from historic rooms in galleries of paintings to the Belle Epoque Theater. This amazing 200-seat opera house was born ambitious project of Jeanne Say, Marquise de Brissac, a music lover, at the end of the 19th century.<\/p>\n\n\n\n<p>The visit ends in the cellar of the castle with a tasting of the wines of the property. Anjou Villages Brissac and Ros\u00e9 d&#8217;Anjou age in the meditation and silence of the stone vaults. In our shop, you will also find many souvenirs (books, wine waiters\u2019 aprons, local confectionery&#8230;.)<\/p>\n\n<\/div><\/div><\/div>\n<\/div>\n\n<div class=\"gb-button-wrapper gb-button-wrapper-118b7989\">\n\n<a class=\"gb-button gb-button-76412d3a gb-button-text\" href=\"https:\/\/brissac.net\/opening-and-rates\/?lang=en\">Opening and rates<\/a>\n\n\n\n<a class=\"gb-button gb-button-07dcb040 gb-button-text\" href=\"https:\/\/brissac.net\/reservation\/?lang=en\">Visit reservation<\/a>\n\n\n\n<a class=\"gb-button gb-button-c9280858 gb-button-text\" href=\"https:\/\/brissac.net\/wp-content\/uploads\/2020\/01\/guided-visit-castle-brissac.pdf\" target=\"_blank\" rel=\"noopener noreferrer\">Upload the guided tour (PDF)<\/a>\n\n<\/div>\n<\/div><\/div>\n\n<div class=\"gb-container gb-container-8a25ebdc alignfull\"><div class=\"gb-inside-container\">\n<div class=\"gb-container gb-container-b053f40e alignfull\"><div class=\"gb-inside-container\">\n<div class=\"gb-grid-wrapper gb-grid-wrapper-3b4abede\">\n<div class=\"gb-grid-column gb-grid-column-aa88d73a\"><div class=\"gb-container gb-container-aa88d73a\"><div class=\"gb-inside-container\">\n\n<figure class=\"gb-block-image gb-block-image-6d4e5727\"><img loading=\"lazy\" decoding=\"async\" width=\"1500\" height=\"1000\" class=\"gb-image gb-image-6d4e5727\" src=\"https:\/\/brissac.net\/wp-content\/uploads\/2025\/01\/Chateau-de-Brissac-Grand-Salon.jpg\" alt=\"\" title=\"Chateau-de-Brissac-Grand-Salon\" srcset=\"https:\/\/brissac.net\/wp-content\/uploads\/2025\/01\/Chateau-de-Brissac-Grand-Salon.jpg 1500w, https:\/\/brissac.net\/wp-content\/uploads\/2025\/01\/Chateau-de-Brissac-Grand-Salon-300x200.jpg 300w, https:\/\/brissac.net\/wp-content\/uploads\/2025\/01\/Chateau-de-Brissac-Grand-Salon-1024x683.jpg 1024w, https:\/\/brissac.net\/wp-content\/uploads\/2025\/01\/Chateau-de-Brissac-Grand-Salon-768x512.jpg 768w\" sizes=\"auto, (max-width: 1500px) 100vw, 1500px\" \/><\/figure>\n\n<\/div><\/div><\/div>\n\n<div class=\"gb-grid-column gb-grid-column-c9c12575\"><div class=\"gb-container gb-container-c9c12575\"><\/div><\/div>\n\n<div class=\"gb-grid-column gb-grid-column-fd9e631a\"><div class=\"gb-container gb-container-fd9e631a\"><div class=\"gb-inside-container\"><\/div><\/div><\/div>\n\n<div class=\"gb-grid-column gb-grid-column-35b3f06b\"><div class=\"gb-container gb-container-35b3f06b\"><div class=\"gb-inside-container\">\n\n<figure class=\"gb-block-image gb-block-image-659804e3\"><img loading=\"lazy\" decoding=\"async\" width=\"1500\" height=\"1000\" class=\"gb-image gb-image-659804e3\" src=\"https:\/\/brissac.net\/wp-content\/uploads\/2025\/01\/Chateau-de-Brissac-Grande-Galerie.jpg\" alt=\"\" title=\"Chateau-de-Brissac-Grande-Galerie\" srcset=\"https:\/\/brissac.net\/wp-content\/uploads\/2025\/01\/Chateau-de-Brissac-Grande-Galerie.jpg 1500w, https:\/\/brissac.net\/wp-content\/uploads\/2025\/01\/Chateau-de-Brissac-Grande-Galerie-300x200.jpg 300w, https:\/\/brissac.net\/wp-content\/uploads\/2025\/01\/Chateau-de-Brissac-Grande-Galerie-1024x683.jpg 1024w, https:\/\/brissac.net\/wp-content\/uploads\/2025\/01\/Chateau-de-Brissac-Grande-Galerie-768x512.jpg 768w\" sizes=\"auto, (max-width: 1500px) 100vw, 1500px\" \/><\/figure>\n\n<\/div><\/div><\/div>\n\n<div class=\"gb-grid-column gb-grid-column-db5102dc\"><div class=\"gb-container gb-container-db5102dc\">\n\n<figure class=\"gb-block-image gb-block-image-041b6411\"><img loading=\"lazy\" decoding=\"async\" width=\"1500\" height=\"1000\" class=\"gb-image gb-image-041b6411\" src=\"https:\/\/brissac.net\/wp-content\/uploads\/2025\/01\/Chateau-de-Brissac-Salle-a-Manger.jpg\" alt=\"\" title=\"Chateau-de-Brissac-Salle-a-Manger\" srcset=\"https:\/\/brissac.net\/wp-content\/uploads\/2025\/01\/Chateau-de-Brissac-Salle-a-Manger.jpg 1500w, https:\/\/brissac.net\/wp-content\/uploads\/2025\/01\/Chateau-de-Brissac-Salle-a-Manger-300x200.jpg 300w, https:\/\/brissac.net\/wp-content\/uploads\/2025\/01\/Chateau-de-Brissac-Salle-a-Manger-1024x683.jpg 1024w, https:\/\/brissac.net\/wp-content\/uploads\/2025\/01\/Chateau-de-Brissac-Salle-a-Manger-768x512.jpg 768w\" sizes=\"auto, (max-width: 1500px) 100vw, 1500px\" \/><\/figure>\n\n<\/div><\/div>\n\n<div class=\"gb-grid-column gb-grid-column-4e1065d0\"><div class=\"gb-container gb-container-4e1065d0\">\n\n<figure class=\"gb-block-image gb-block-image-e0d7c01b\"><img loading=\"lazy\" decoding=\"async\" width=\"1500\" height=\"1000\" class=\"gb-image gb-image-e0d7c01b\" src=\"https:\/\/brissac.net\/wp-content\/uploads\/2025\/01\/Cuisines-chateau-brissac.jpg\" alt=\"\" title=\"Cuisines-chateau-brissac\" srcset=\"https:\/\/brissac.net\/wp-content\/uploads\/2025\/01\/Cuisines-chateau-brissac.jpg 1500w, https:\/\/brissac.net\/wp-content\/uploads\/2025\/01\/Cuisines-chateau-brissac-300x200.jpg 300w, https:\/\/brissac.net\/wp-content\/uploads\/2025\/01\/Cuisines-chateau-brissac-1024x683.jpg 1024w, https:\/\/brissac.net\/wp-content\/uploads\/2025\/01\/Cuisines-chateau-brissac-768x512.jpg 768w\" sizes=\"auto, (max-width: 1500px) 100vw, 1500px\" \/><\/figure>\n\n<\/div><\/div>\n\n<div class=\"gb-grid-column gb-grid-column-06d9d3b8\"><div class=\"gb-container gb-container-06d9d3b8\">\n\n<figure class=\"gb-block-image gb-block-image-83697fd2\"><img loading=\"lazy\" decoding=\"async\" width=\"1500\" height=\"1000\" class=\"gb-image gb-image-83697fd2\" src=\"https:\/\/brissac.net\/wp-content\/uploads\/2025\/01\/Chateau-de-Brissac-theatre-Sebastien-Gaudard.jpg\" alt=\"\" title=\"Chateau-de-Brissac-theatre-Sebastien-Gaudard\" srcset=\"https:\/\/brissac.net\/wp-content\/uploads\/2025\/01\/Chateau-de-Brissac-theatre-Sebastien-Gaudard.jpg 1500w, https:\/\/brissac.net\/wp-content\/uploads\/2025\/01\/Chateau-de-Brissac-theatre-Sebastien-Gaudard-300x200.jpg 300w, https:\/\/brissac.net\/wp-content\/uploads\/2025\/01\/Chateau-de-Brissac-theatre-Sebastien-Gaudard-1024x683.jpg 1024w, https:\/\/brissac.net\/wp-content\/uploads\/2025\/01\/Chateau-de-Brissac-theatre-Sebastien-Gaudard-768x512.jpg 768w\" sizes=\"auto, (max-width: 1500px) 100vw, 1500px\" \/><\/figure>\n\n<\/div><\/div>\n\n<div class=\"gb-grid-column gb-grid-column-b8aecc99\"><div class=\"gb-container gb-container-b8aecc99\">\n\n<figure class=\"gb-block-image gb-block-image-2a686a38\"><img loading=\"lazy\" decoding=\"async\" width=\"1500\" height=\"1000\" class=\"gb-image gb-image-2a686a38\" src=\"https:\/\/brissac.net\/wp-content\/uploads\/2025\/01\/Chateau-de-Brissac-chambre-Sebastien-Gaudard.jpg\" alt=\"\" title=\"Chateau-de-Brissac-chambre-Sebastien-Gaudard\" srcset=\"https:\/\/brissac.net\/wp-content\/uploads\/2025\/01\/Chateau-de-Brissac-chambre-Sebastien-Gaudard.jpg 1500w, https:\/\/brissac.net\/wp-content\/uploads\/2025\/01\/Chateau-de-Brissac-chambre-Sebastien-Gaudard-300x200.jpg 300w, https:\/\/brissac.net\/wp-content\/uploads\/2025\/01\/Chateau-de-Brissac-chambre-Sebastien-Gaudard-1024x683.jpg 1024w, https:\/\/brissac.net\/wp-content\/uploads\/2025\/01\/Chateau-de-Brissac-chambre-Sebastien-Gaudard-768x512.jpg 768w\" sizes=\"auto, (max-width: 1500px) 100vw, 1500px\" \/><\/figure>\n\n<\/div><\/div>\n<\/div>\n<\/div><\/div>\n<\/div><\/div>\n\n<div class=\"gb-container gb-container-b34a9f08\"><div class=\"gb-inside-container\">\n\n<figure class=\"wp-block-gallery has-nested-images columns-2 is-cropped wp-block-gallery-2 is-layout-flex wp-block-gallery-is-layout-flex\">\n<figure class=\"wp-block-image size-large\"><img loading=\"lazy\" decoding=\"async\" width=\"800\" height=\"1000\" data-id=\"219\" src=\"https:\/\/brissac.net\/wp-content\/uploads\/2016\/06\/chateau-brissac-visite-chapelle.jpg\" alt=\"\" class=\"wp-image-219\" srcset=\"https:\/\/brissac.net\/wp-content\/uploads\/2016\/06\/chateau-brissac-visite-chapelle.jpg 800w, https:\/\/brissac.net\/wp-content\/uploads\/2016\/06\/chateau-brissac-visite-chapelle-240x300.jpg 240w, https:\/\/brissac.net\/wp-content\/uploads\/2016\/06\/chateau-brissac-visite-chapelle-768x960.jpg 768w\" sizes=\"auto, (max-width: 800px) 100vw, 800px\" \/><\/figure>\n\n\n\n<figure class=\"wp-block-image size-large\"><img loading=\"lazy\" decoding=\"async\" width=\"1000\" height=\"800\" data-id=\"221\" src=\"https:\/\/brissac.net\/wp-content\/uploads\/2016\/06\/chateau-brissac-visite-galerie.jpg\" alt=\"\" class=\"wp-image-221\" srcset=\"https:\/\/brissac.net\/wp-content\/uploads\/2016\/06\/chateau-brissac-visite-galerie.jpg 1000w, https:\/\/brissac.net\/wp-content\/uploads\/2016\/06\/chateau-brissac-visite-galerie-300x240.jpg 300w, https:\/\/brissac.net\/wp-content\/uploads\/2016\/06\/chateau-brissac-visite-galerie-768x614.jpg 768w\" sizes=\"auto, (max-width: 1000px) 100vw, 1000px\" \/><\/figure>\n\n\n\n<figure class=\"wp-block-image size-large\"><img loading=\"lazy\" decoding=\"async\" width=\"800\" height=\"1000\" data-id=\"223\" src=\"https:\/\/brissac.net\/wp-content\/uploads\/2016\/06\/chateau-brissac-visite-pallier1.jpg\" alt=\"\" class=\"wp-image-223\" srcset=\"https:\/\/brissac.net\/wp-content\/uploads\/2016\/06\/chateau-brissac-visite-pallier1.jpg 800w, https:\/\/brissac.net\/wp-content\/uploads\/2016\/06\/chateau-brissac-visite-pallier1-240x300.jpg 240w, https:\/\/brissac.net\/wp-content\/uploads\/2016\/06\/chateau-brissac-visite-pallier1-768x960.jpg 768w\" sizes=\"auto, (max-width: 800px) 100vw, 800px\" \/><\/figure>\n\n\n\n<figure class=\"wp-block-image size-large\"><img loading=\"lazy\" decoding=\"async\" width=\"800\" height=\"800\" data-id=\"333\" src=\"https:\/\/brissac.net\/wp-content\/uploads\/2016\/06\/chateau-brissac-visite-cuisine.jpg\" alt=\"\" class=\"wp-image-333\" srcset=\"https:\/\/brissac.net\/wp-content\/uploads\/2016\/06\/chateau-brissac-visite-cuisine.jpg 800w, https:\/\/brissac.net\/wp-content\/uploads\/2016\/06\/chateau-brissac-visite-cuisine-150x150.jpg 150w, https:\/\/brissac.net\/wp-content\/uploads\/2016\/06\/chateau-brissac-visite-cuisine-300x300.jpg 300w, https:\/\/brissac.net\/wp-content\/uploads\/2016\/06\/chateau-brissac-visite-cuisine-768x768.jpg 768w, https:\/\/brissac.net\/wp-content\/uploads\/2016\/06\/chateau-brissac-visite-cuisine-700x700.jpg 700w\" sizes=\"auto, (max-width: 800px) 100vw, 800px\" \/><\/figure>\n\n\n\n<figure class=\"wp-block-image size-large\"><img loading=\"lazy\" decoding=\"async\" width=\"800\" height=\"522\" data-id=\"336\" src=\"https:\/\/brissac.net\/wp-content\/uploads\/2016\/06\/chateau-brissac-hall-pierre.jpg\" alt=\"\" class=\"wp-image-336\" srcset=\"https:\/\/brissac.net\/wp-content\/uploads\/2016\/06\/chateau-brissac-hall-pierre.jpg 800w, https:\/\/brissac.net\/wp-content\/uploads\/2016\/06\/chateau-brissac-hall-pierre-300x196.jpg 300w, https:\/\/brissac.net\/wp-content\/uploads\/2016\/06\/chateau-brissac-hall-pierre-768x501.jpg 768w\" sizes=\"auto, (max-width: 800px) 100vw, 800px\" \/><\/figure>\n\n\n\n<figure class=\"wp-block-image size-large\"><img loading=\"lazy\" decoding=\"async\" width=\"1000\" height=\"800\" data-id=\"224\" src=\"https:\/\/brissac.net\/wp-content\/uploads\/2016\/06\/chateau-brissac-visite-salon.jpg\" alt=\"\" class=\"wp-image-224\" srcset=\"https:\/\/brissac.net\/wp-content\/uploads\/2016\/06\/chateau-brissac-visite-salon.jpg 1000w, https:\/\/brissac.net\/wp-content\/uploads\/2016\/06\/chateau-brissac-visite-salon-300x240.jpg 300w, https:\/\/brissac.net\/wp-content\/uploads\/2016\/06\/chateau-brissac-visite-salon-768x614.jpg 768w\" sizes=\"auto, (max-width: 1000px) 100vw, 1000px\" \/><\/figure>\n\n\n\n<figure class=\"wp-block-image size-large\"><img loading=\"lazy\" decoding=\"async\" width=\"800\" height=\"1000\" data-id=\"226\" src=\"https:\/\/brissac.net\/wp-content\/uploads\/2016\/06\/chateau-brissac-visite-chambre.jpg\" alt=\"\" class=\"wp-image-226\" srcset=\"https:\/\/brissac.net\/wp-content\/uploads\/2016\/06\/chateau-brissac-visite-chambre.jpg 800w, https:\/\/brissac.net\/wp-content\/uploads\/2016\/06\/chateau-brissac-visite-chambre-240x300.jpg 240w, https:\/\/brissac.net\/wp-content\/uploads\/2016\/06\/chateau-brissac-visite-chambre-768x960.jpg 768w\" sizes=\"auto, (max-width: 800px) 100vw, 800px\" \/><\/figure>\n\n\n\n<figure class=\"wp-block-image size-large\"><img loading=\"lazy\" decoding=\"async\" width=\"800\" height=\"412\" data-id=\"426\" src=\"https:\/\/brissac.net\/wp-content\/uploads\/2016\/06\/chateau-brissac-visite-theatre-1.jpg\" alt=\"\" class=\"wp-image-426\" srcset=\"https:\/\/brissac.net\/wp-content\/uploads\/2016\/06\/chateau-brissac-visite-theatre-1.jpg 800w, https:\/\/brissac.net\/wp-content\/uploads\/2016\/06\/chateau-brissac-visite-theatre-1-300x155.jpg 300w, https:\/\/brissac.net\/wp-content\/uploads\/2016\/06\/chateau-brissac-visite-theatre-1-768x396.jpg 768w\" sizes=\"auto, (max-width: 800px) 100vw, 800px\" \/><\/figure>\n<\/figure>\n\n<\/div><\/div>\n\n<div class=\"gb-container gb-container-86d9a049\"><div class=\"gb-inside-container\">\n\n<h2 class=\"gb-headline gb-headline-74bb37c3 gb-headline-text\">Flying over the fa\u00e7ades<\/h2>\n\n\n\n<p class=\"has-text-align-center\">On a music by Joseph Haydn<\/p>\n\n\n\n<figure class=\"wp-block-embed is-type-video is-provider-youtube wp-block-embed-youtube wp-embed-aspect-16-9 wp-has-aspect-ratio\"><div class=\"wp-block-embed__wrapper\">\n<iframe loading=\"lazy\" title=\"Brissac survol\" width=\"1200\" height=\"675\" src=\"https:\/\/www.youtube.com\/embed\/_q6mi1oM2co?feature=oembed\" frameborder=\"0\" allow=\"accelerometer; autoplay; clipboard-write; encrypted-media; gyroscope; picture-in-picture\" allowfullscreen><\/iframe>\n<\/div><\/figure>\n\n<\/div><\/div>\n\n\n<p><\/p>\n","protected":false},"excerpt":{"rendered":"<p>Tallest Castle in France, Brissac with its 7 floors and 204 rooms, deserves its nickname \u201cGiant of the Loire Valley\u201d. Flying over the fa\u00e7ades On a music by Joseph Haydn<\/p>\n","protected":false},"author":1,"featured_media":0,"parent":0,"menu_order":21,"comment_status":"closed","ping_status":"closed","template":"","meta":{"footnotes":""},"class_list":["post-661","page","type-page","status-publish"],"yoast_head":"<!-- This site is optimized with the Yoast SEO plugin v27.4 - https:\/\/yoast.com\/product\/yoast-seo-wordpress\/ -->\n<title>Ch\u00e2teau de Brissac | Anjou | G\u00e9ant du Val de Loire<\/title>\n<meta name=\"description\" content=\"Plus haut ch\u00e2teau de France, Bris\u00adsac, avec sept \u00e9tages et 204 pi\u00e8ces, m\u00e9rite son surnom de \u201cG\u00e9ant du Val de Loire\u201d. Le ch\u00e2teau est ouvert \u00e0 la visite.\" \/>\n<meta name=\"robots\" content=\"index, follow, max-snippet:-1, max-image-preview:large, max-video-preview:-1\" \/>\n<link rel=\"canonical\" href=\"https:\/\/brissac.net\/en\/the-castle\/\" \/>\n<meta property=\"og:locale\" content=\"en_US\" \/>\n<meta property=\"og:type\" content=\"article\" \/>\n<meta property=\"og:title\" content=\"Ch\u00e2teau de Brissac | Anjou | G\u00e9ant du Val de Loire\" \/>\n<meta property=\"og:description\" content=\"Plus haut ch\u00e2teau de France, Bris\u00adsac, avec sept \u00e9tages et 204 pi\u00e8ces, m\u00e9rite son surnom de \u201cG\u00e9ant du Val de Loire\u201d. Le ch\u00e2teau est ouvert \u00e0 la visite.\" \/>\n<meta property=\"og:url\" content=\"https:\/\/brissac.net\/en\/the-castle\/\" \/>\n<meta property=\"og:site_name\" content=\"Ch\u00e2teau de Brissac\" \/>\n<meta property=\"article:publisher\" content=\"https:\/\/www.facebook.com\/chateau.brissac\/\" \/>\n<meta property=\"article:modified_time\" content=\"2025-01-24T09:04:32+00:00\" \/>\n<meta property=\"og:image\" content=\"https:\/\/brissac.net\/wp-content\/uploads\/2025\/01\/Chateau-de-Brissac-Grand-Salon.jpg\" \/>\n<meta name=\"twitter:card\" content=\"summary_large_image\" \/>\n<meta name=\"twitter:label1\" content=\"Est. reading time\" \/>\n\t<meta name=\"twitter:data1\" content=\"1 minute\" \/>\n<script type=\"application\/ld+json\" class=\"yoast-schema-graph\">{\"@context\":\"https:\\\/\\\/schema.org\",\"@graph\":[{\"@type\":\"WebPage\",\"@id\":\"https:\\\/\\\/brissac.net\\\/en\\\/the-castle\\\/\",\"url\":\"https:\\\/\\\/brissac.net\\\/en\\\/the-castle\\\/\",\"name\":\"Ch\u00e2teau de Brissac | Anjou | G\u00e9ant du Val de Loire\",\"isPartOf\":{\"@id\":\"https:\\\/\\\/brissac.net\\\/#website\"},\"primaryImageOfPage\":{\"@id\":\"https:\\\/\\\/brissac.net\\\/en\\\/the-castle\\\/#primaryimage\"},\"image\":{\"@id\":\"https:\\\/\\\/brissac.net\\\/en\\\/the-castle\\\/#primaryimage\"},\"thumbnailUrl\":\"https:\\\/\\\/brissac.net\\\/wp-content\\\/uploads\\\/2025\\\/01\\\/Chateau-de-Brissac-Grand-Salon.jpg\",\"datePublished\":\"2016-06-23T14:23:08+00:00\",\"dateModified\":\"2025-01-24T09:04:32+00:00\",\"description\":\"Plus haut ch\u00e2teau de France, Bris\u00adsac, avec sept \u00e9tages et 204 pi\u00e8ces, m\u00e9rite son surnom de \u201cG\u00e9ant du Val de Loire\u201d. Le ch\u00e2teau est ouvert \u00e0 la visite.\",\"breadcrumb\":{\"@id\":\"https:\\\/\\\/brissac.net\\\/en\\\/the-castle\\\/#breadcrumb\"},\"inLanguage\":\"en-US\",\"potentialAction\":[{\"@type\":\"ReadAction\",\"target\":[\"https:\\\/\\\/brissac.net\\\/en\\\/the-castle\\\/\"]}]},{\"@type\":\"ImageObject\",\"inLanguage\":\"en-US\",\"@id\":\"https:\\\/\\\/brissac.net\\\/en\\\/the-castle\\\/#primaryimage\",\"url\":\"https:\\\/\\\/brissac.net\\\/wp-content\\\/uploads\\\/2025\\\/01\\\/Chateau-de-Brissac-Grand-Salon.jpg\",\"contentUrl\":\"https:\\\/\\\/brissac.net\\\/wp-content\\\/uploads\\\/2025\\\/01\\\/Chateau-de-Brissac-Grand-Salon.jpg\"},{\"@type\":\"BreadcrumbList\",\"@id\":\"https:\\\/\\\/brissac.net\\\/en\\\/the-castle\\\/#breadcrumb\",\"itemListElement\":[{\"@type\":\"ListItem\",\"position\":1,\"name\":\"Accueil\",\"item\":\"https:\\\/\\\/brissac.net\\\/en\\\/\"},{\"@type\":\"ListItem\",\"position\":2,\"name\":\"The Castle\"}]},{\"@type\":\"WebSite\",\"@id\":\"https:\\\/\\\/brissac.net\\\/#website\",\"url\":\"https:\\\/\\\/brissac.net\\\/\",\"name\":\"Ch\u00e2teau de Brissac\",\"description\":\"Anjou - Val de Loire\",\"publisher\":{\"@id\":\"https:\\\/\\\/brissac.net\\\/#organization\"},\"potentialAction\":[{\"@type\":\"SearchAction\",\"target\":{\"@type\":\"EntryPoint\",\"urlTemplate\":\"https:\\\/\\\/brissac.net\\\/?s={search_term_string}\"},\"query-input\":{\"@type\":\"PropertyValueSpecification\",\"valueRequired\":true,\"valueName\":\"search_term_string\"}}],\"inLanguage\":\"en-US\"},{\"@type\":\"Organization\",\"@id\":\"https:\\\/\\\/brissac.net\\\/#organization\",\"name\":\"Ch\u00e2teau de Brissac\",\"url\":\"https:\\\/\\\/brissac.net\\\/\",\"logo\":{\"@type\":\"ImageObject\",\"inLanguage\":\"en-US\",\"@id\":\"https:\\\/\\\/brissac.net\\\/#\\\/schema\\\/logo\\\/image\\\/\",\"url\":\"https:\\\/\\\/brissac.net\\\/wp-content\\\/uploads\\\/2016\\\/06\\\/chateau-brissac-logo.png\",\"contentUrl\":\"https:\\\/\\\/brissac.net\\\/wp-content\\\/uploads\\\/2016\\\/06\\\/chateau-brissac-logo.png\",\"width\":459,\"height\":150,\"caption\":\"Ch\u00e2teau de Brissac\"},\"image\":{\"@id\":\"https:\\\/\\\/brissac.net\\\/#\\\/schema\\\/logo\\\/image\\\/\"},\"sameAs\":[\"https:\\\/\\\/www.facebook.com\\\/chateau.brissac\\\/\"]}]}<\/script>\n<!-- \/ Yoast SEO plugin. -->","yoast_head_json":{"title":"Ch\u00e2teau de Brissac | Anjou | G\u00e9ant du Val de Loire","description":"Plus haut ch\u00e2teau de France, Bris\u00adsac, avec sept \u00e9tages et 204 pi\u00e8ces, m\u00e9rite son surnom de \u201cG\u00e9ant du Val de Loire\u201d. Le ch\u00e2teau est ouvert \u00e0 la visite.","robots":{"index":"index","follow":"follow","max-snippet":"max-snippet:-1","max-image-preview":"max-image-preview:large","max-video-preview":"max-video-preview:-1"},"canonical":"https:\/\/brissac.net\/en\/the-castle\/","og_locale":"en_US","og_type":"article","og_title":"Ch\u00e2teau de Brissac | Anjou | G\u00e9ant du Val de Loire","og_description":"Plus haut ch\u00e2teau de France, Bris\u00adsac, avec sept \u00e9tages et 204 pi\u00e8ces, m\u00e9rite son surnom de \u201cG\u00e9ant du Val de Loire\u201d. Le ch\u00e2teau est ouvert \u00e0 la visite.","og_url":"https:\/\/brissac.net\/en\/the-castle\/","og_site_name":"Ch\u00e2teau de Brissac","article_publisher":"https:\/\/www.facebook.com\/chateau.brissac\/","article_modified_time":"2025-01-24T09:04:32+00:00","og_image":[{"url":"https:\/\/brissac.net\/wp-content\/uploads\/2025\/01\/Chateau-de-Brissac-Grand-Salon.jpg","type":"","width":"","height":""}],"twitter_card":"summary_large_image","twitter_misc":{"Est. reading time":"1 minute"},"schema":{"@context":"https:\/\/schema.org","@graph":[{"@type":"WebPage","@id":"https:\/\/brissac.net\/en\/the-castle\/","url":"https:\/\/brissac.net\/en\/the-castle\/","name":"Ch\u00e2teau de Brissac | Anjou | G\u00e9ant du Val de Loire","isPartOf":{"@id":"https:\/\/brissac.net\/#website"},"primaryImageOfPage":{"@id":"https:\/\/brissac.net\/en\/the-castle\/#primaryimage"},"image":{"@id":"https:\/\/brissac.net\/en\/the-castle\/#primaryimage"},"thumbnailUrl":"https:\/\/brissac.net\/wp-content\/uploads\/2025\/01\/Chateau-de-Brissac-Grand-Salon.jpg","datePublished":"2016-06-23T14:23:08+00:00","dateModified":"2025-01-24T09:04:32+00:00","description":"Plus haut ch\u00e2teau de France, Bris\u00adsac, avec sept \u00e9tages et 204 pi\u00e8ces, m\u00e9rite son surnom de \u201cG\u00e9ant du Val de Loire\u201d. Le ch\u00e2teau est ouvert \u00e0 la visite.","breadcrumb":{"@id":"https:\/\/brissac.net\/en\/the-castle\/#breadcrumb"},"inLanguage":"en-US","potentialAction":[{"@type":"ReadAction","target":["https:\/\/brissac.net\/en\/the-castle\/"]}]},{"@type":"ImageObject","inLanguage":"en-US","@id":"https:\/\/brissac.net\/en\/the-castle\/#primaryimage","url":"https:\/\/brissac.net\/wp-content\/uploads\/2025\/01\/Chateau-de-Brissac-Grand-Salon.jpg","contentUrl":"https:\/\/brissac.net\/wp-content\/uploads\/2025\/01\/Chateau-de-Brissac-Grand-Salon.jpg"},{"@type":"BreadcrumbList","@id":"https:\/\/brissac.net\/en\/the-castle\/#breadcrumb","itemListElement":[{"@type":"ListItem","position":1,"name":"Accueil","item":"https:\/\/brissac.net\/en\/"},{"@type":"ListItem","position":2,"name":"The Castle"}]},{"@type":"WebSite","@id":"https:\/\/brissac.net\/#website","url":"https:\/\/brissac.net\/","name":"Ch\u00e2teau de Brissac","description":"Anjou - Val de Loire","publisher":{"@id":"https:\/\/brissac.net\/#organization"},"potentialAction":[{"@type":"SearchAction","target":{"@type":"EntryPoint","urlTemplate":"https:\/\/brissac.net\/?s={search_term_string}"},"query-input":{"@type":"PropertyValueSpecification","valueRequired":true,"valueName":"search_term_string"}}],"inLanguage":"en-US"},{"@type":"Organization","@id":"https:\/\/brissac.net\/#organization","name":"Ch\u00e2teau de Brissac","url":"https:\/\/brissac.net\/","logo":{"@type":"ImageObject","inLanguage":"en-US","@id":"https:\/\/brissac.net\/#\/schema\/logo\/image\/","url":"https:\/\/brissac.net\/wp-content\/uploads\/2016\/06\/chateau-brissac-logo.png","contentUrl":"https:\/\/brissac.net\/wp-content\/uploads\/2016\/06\/chateau-brissac-logo.png","width":459,"height":150,"caption":"Ch\u00e2teau de Brissac"},"image":{"@id":"https:\/\/brissac.net\/#\/schema\/logo\/image\/"},"sameAs":["https:\/\/www.facebook.com\/chateau.brissac\/"]}]}},"_links":{"self":[{"href":"https:\/\/brissac.net\/en\/wp-json\/wp\/v2\/pages\/661","targetHints":{"allow":["GET"]}}],"collection":[{"href":"https:\/\/brissac.net\/en\/wp-json\/wp\/v2\/pages"}],"about":[{"href":"https:\/\/brissac.net\/en\/wp-json\/wp\/v2\/types\/page"}],"author":[{"embeddable":true,"href":"https:\/\/brissac.net\/en\/wp-json\/wp\/v2\/users\/1"}],"replies":[{"embeddable":true,"href":"https:\/\/brissac.net\/en\/wp-json\/wp\/v2\/comments?post=661"}],"version-history":[{"count":2,"href":"https:\/\/brissac.net\/en\/wp-json\/wp\/v2\/pages\/661\/revisions"}],"predecessor-version":[{"id":3147,"href":"https:\/\/brissac.net\/en\/wp-json\/wp\/v2\/pages\/661\/revisions\/3147"}],"wp:attachment":[{"href":"https:\/\/brissac.net\/en\/wp-json\/wp\/v2\/media?parent=661"}],"curies":[{"name":"wp","href":"https:\/\/api.w.org\/{rel}","templated":true}]}}