{"id":641,"date":"2016-06-23T14:36:40","date_gmt":"2016-06-23T13:36:40","guid":{"rendered":"http:\/\/www.marierabault.com\/projet\/chateau-brissac\/accueil\/"},"modified":"2026-03-20T11:58:24","modified_gmt":"2026-03-20T10:58:24","slug":"accueil","status":"publish","type":"page","link":"https:\/\/brissac.net\/en\/","title":{"rendered":"Home"},"content":{"rendered":"<div class=\"gb-container gb-container-a912a497\"><div class=\"gb-inside-container\">\n\n\t\t\t\t<p class=\"rs-p-wp-fix\"><\/p>\n\t\t\t\t<sr7-module data-alias=\"accueil\" data-id=\"1\" id=\"SR7_1_1\" data-version=\"6.7.51\">\n\t\t\t\t\t<sr7-adjuster><\/sr7-adjuster>\n\t\t\t\t\t<sr7-content>\n\t\t\t\t\t\t<sr7-slide id=\"SR7_1_1-1\" data-key=\"1\">\n\t\t\t\t\t\t\t<sr7-bg id=\"SR7_1_1-1-slidebg\" class=\"sr7-layer\"><noscript><img decoding=\"async\" src=\"https:\/\/brissac.net\/wp-content\/uploads\/2021\/05\/Fac\u0327ade-Est-brissac-quince.jpg\" alt=\"\" title=\"Fac\u0327ade-Est-brissac-quince\"><\/noscript><\/sr7-bg>\n\t\t\t\t\t\t<\/sr7-slide>\n\t\t\t\t\t\t<sr7-slide id=\"SR7_1_1-3\" data-key=\"3\">\n\t\t\t\t\t\t\t<sr7-bg id=\"SR7_1_1-3-slidebg\" class=\"sr7-layer\"><noscript><img decoding=\"async\" src=\"https:\/\/brissac.net\/wp-content\/uploads\/2021\/05\/toits-chateau-brissac.jpg\" alt=\"\" title=\"toits-chateau-brissac\"><\/noscript><\/sr7-bg>\n\t\t\t\t\t\t<\/sr7-slide>\n\t\t\t\t\t\t<sr7-slide id=\"SR7_1_1-2\" data-key=\"2\">\n\t\t\t\t\t\t\t<sr7-bg id=\"SR7_1_1-2-slidebg\" class=\"sr7-layer\"><noscript><img decoding=\"async\" src=\"https:\/\/brissac.net\/wp-content\/uploads\/2016\/06\/chateau-brissac-etang.jpg\" alt=\"\" title=\"chateau-brissac-etang\"><\/noscript><\/sr7-bg>\n\t\t\t\t\t\t<\/sr7-slide>\n\t\t\t\t\t\t<sr7-slide id=\"SR7_1_1-16\" data-key=\"16\">\n\t\t\t\t\t\t\t<sr7-bg id=\"SR7_1_1-16-slidebg\" class=\"sr7-layer\"><noscript><img decoding=\"async\" src=\"https:\/\/brissac.net\/wp-content\/uploads\/2023\/11\/chateau-Brissac-bassin-paysage.jpg\" alt=\"\" title=\"chateau-Brissac-bassin-paysage\"><\/noscript><\/sr7-bg>\n\t\t\t\t\t\t<\/sr7-slide>\n\t\t\t\t\t\t<sr7-slide id=\"SR7_1_1-17\" data-key=\"17\">\n\t\t\t\t\t\t<\/sr7-slide>\n\t\t\t\t\t<\/sr7-content>\n\t\t\t\t<\/sr7-module>\n\t\t\t\t<script>\n\t\t\t\t\twindow.SR7 ??={};SR7.PMH ??={}; SR7.PMH[\"SR7_1_1\"] = {cn:100,state:false,fn: function() { if (window._tpt!==undefined && window._tpt.prepareModuleHeight !== undefined) {  _tpt.prepareModuleHeight({id:\"SR7_1_1\",el:[700,768,960,960],type:'standard',shdw:'0',gh:[700,400,300,300],gw:[1240,1024,778,778],vpt:['-200px'],size:{fullWidth:true, fullHeight:false},mh:'0',onh:0,onw:0,bg:{color:'transparent'}});   SR7.PMH[\"SR7_1_1\"].state=true;} else if(SR7.PMH[\"SR7_1_1\"].cn-->0)\tsetTimeout( SR7.PMH[\"SR7_1_1\"].fn,19);}};SR7.PMH[\"SR7_1_1\" ].fn();\n\t\t\t\t<\/script>\n\n\n<\/div><\/div>\n\n<div class=\"gb-container gb-container-408c6615\"><div class=\"gb-inside-container\">\n<div class=\"gb-grid-wrapper gb-grid-wrapper-393850cd\">\n<div class=\"gb-grid-column gb-grid-column-e93ec16f\"><div class=\"gb-container gb-container-e93ec16f\"><div class=\"gb-inside-container\">\n\n<figure class=\"wp-block-image size-large\"><img loading=\"lazy\" decoding=\"async\" width=\"583\" height=\"400\" src=\"https:\/\/brissac.net\/wp-content\/uploads\/2016\/06\/chateau-brissac-gravure-contact.jpg\" alt=\"\" class=\"wp-image-299\" srcset=\"https:\/\/brissac.net\/wp-content\/uploads\/2016\/06\/chateau-brissac-gravure-contact.jpg 583w, https:\/\/brissac.net\/wp-content\/uploads\/2016\/06\/chateau-brissac-gravure-contact-300x206.jpg 300w\" sizes=\"auto, (max-width: 583px) 100vw, 583px\" \/><\/figure>\n\n<\/div><\/div><\/div>\n\n<div class=\"gb-grid-column gb-grid-column-f1a38561\"><div class=\"gb-container gb-container-f1a38561\"><div class=\"gb-inside-container\">\n\n<h2 class=\"gb-headline gb-headline-d6171e9e gb-headline-text\"><em><em>Home of the dukes of Brissac, the highest castle of France raises its monumental facades from its large landscaped park<\/em><\/em><\/h2>\n\n<\/div><\/div><\/div>\n\n<div class=\"gb-grid-column gb-grid-column-d919c111\"><div class=\"gb-container gb-container-d919c111\"><div class=\"gb-inside-container\"><\/div><\/div><\/div>\n<\/div>\n\n<div class=\"gb-grid-wrapper gb-grid-wrapper-2806e79a\">\n<div class=\"gb-grid-column gb-grid-column-5a9c18e0\"><div class=\"gb-container gb-container-5a9c18e0\"><div class=\"gb-inside-container\">\n\n<h3 class=\"gb-headline gb-headline-836ec989 gb-headline-text\">Opening and rates<\/h3>\n\n\n\n<p class=\"has-text-align-center\">The castle and landscaped park <br>are open everyday <br>except Tuesdays<br><strong>10am &#8211; 1pm \/<\/strong> <strong>2pm \u2013 6pm<\/strong><br>(Last access 1 hour before closing)<\/p>\n\n\n<div class=\"gb-button-wrapper gb-button-wrapper-c8da4172\">\n\n<a class=\"gb-button gb-button-4c0fd0f0\" href=\"https:\/\/brissac.net\/en\/opening-and-rates\/\"><span class=\"gb-button-text\">READ more<\/span><span class=\"gb-icon\"><svg aria-hidden=\"true\" height=\"1em\" width=\"1em\" viewBox=\"0 0 256 512\" xmlns=\"http:\/\/www.w3.org\/2000\/svg\"><path fill=\"currentColor\" d=\"M224.3 273l-136 136c-9.4 9.4-24.6 9.4-33.9 0l-22.6-22.6c-9.4-9.4-9.4-24.6 0-33.9l96.4-96.4-96.4-96.4c-9.4-9.4-9.4-24.6 0-33.9L54.3 103c9.4-9.4 24.6-9.4 33.9 0l136 136c9.5 9.4 9.5 24.6.1 34z\"><\/path><\/svg><\/span><\/a>\n\n<\/div>\n<\/div><\/div><\/div>\n\n<div class=\"gb-grid-column gb-grid-column-4e191642\"><div class=\"gb-container gb-container-4e191642\"><div class=\"gb-inside-container\">\n\n<h3 class=\"gb-headline gb-headline-ad91db79 gb-headline-text\">Reservation<\/h3>\n\n\n\n<p class=\"has-text-align-center\">It is not necessary to reserve for the visit of the castle. <\/p>\n\n\n\n<p class=\"gb-headline gb-headline-bc5ec142 gb-headline-text\">Tickets are only available <br>on sale at the venue<\/p>\n\n<\/div><\/div><\/div>\n\n<div class=\"gb-grid-column gb-grid-column-d33fdc04\"><div class=\"gb-container gb-container-d33fdc04\"><div class=\"gb-inside-container\">\n\n<h3 class=\"gb-headline gb-headline-ae3721c2 gb-headline-text\">Group<\/h3>\n\n\n\n<p class=\"has-text-align-center\">Schedule a visit to Ch\u00e2teau de Brissac during your Angevin stay, whether you are an Association, a Coach operator, a School Group, it means discovering a major tourist site in the Loire Valley among the most unusual and spectacular<\/p>\n\n\n<div class=\"gb-button-wrapper gb-button-wrapper-5f19c798\">\n\n<a class=\"gb-button gb-button-495c4087\" href=\"https:\/\/brissac.net\/en\/accueil-groupes\/\"><span class=\"gb-button-text\">read more<\/span><span class=\"gb-icon\"><svg aria-hidden=\"true\" height=\"1em\" width=\"1em\" viewBox=\"0 0 256 512\" xmlns=\"http:\/\/www.w3.org\/2000\/svg\"><path fill=\"currentColor\" d=\"M224.3 273l-136 136c-9.4 9.4-24.6 9.4-33.9 0l-22.6-22.6c-9.4-9.4-9.4-24.6 0-33.9l96.4-96.4-96.4-96.4c-9.4-9.4-9.4-24.6 0-33.9L54.3 103c9.4-9.4 24.6-9.4 33.9 0l136 136c9.5 9.4 9.5 24.6.1 34z\"><\/path><\/svg><\/span><\/a>\n\n<\/div>\n<\/div><\/div><\/div>\n<\/div>\n\n<div class=\"gb-container gb-container-765c031d\" id=\"contact\"><div class=\"gb-inside-container\">\n<div class=\"gb-grid-wrapper gb-grid-wrapper-6b873f42\">\n<div class=\"gb-grid-column gb-grid-column-225273a6\"><div class=\"gb-container gb-container-225273a6\"><div class=\"gb-inside-container\">\n\n<p class=\"gb-headline gb-headline-2968f893 gb-headline-text\">Tallest Castle in France, Brissac with its 7 floors and 204 rooms, deserves its nickname \u201cGiant of the Loire Valley\u201d.<\/p>\n\n\n<div class=\"gb-button-wrapper gb-button-wrapper-ec0afb82\">\n\n<a class=\"gb-button gb-button-29dacaa5\" href=\"https:\/\/brissac.net\/en\/virtual-tour\/\"><span class=\"gb-button-text\">Virtual visit<\/span><span class=\"gb-icon\"><svg aria-hidden=\"true\" role=\"img\" height=\"1em\" width=\"1em\" viewBox=\"0 0 256 512\" xmlns=\"http:\/\/www.w3.org\/2000\/svg\"><path fill=\"currentColor\" d=\"M224.3 273l-136 136c-9.4 9.4-24.6 9.4-33.9 0l-22.6-22.6c-9.4-9.4-9.4-24.6 0-33.9l96.4-96.4-96.4-96.4c-9.4-9.4-9.4-24.6 0-33.9L54.3 103c9.4-9.4 24.6-9.4 33.9 0l136 136c9.5 9.4 9.5 24.6.1 34z\"><\/path><\/svg><\/span><\/a>\n\n<\/div>\n<\/div><\/div><\/div>\n<\/div>\n<\/div><\/div>\n<\/div><\/div>\n\n<div class=\"gb-container gb-container-ecc39757 alignfull\"><div class=\"gb-inside-container\">\n\n<iframe class=\"visitdrone\" src=\"https:\/\/www.google.com\/maps\/embed?pb=!4v1620721023546!6m8!1m7!1sCAoSLEFGMVFpcE5RYWJVYzhScTVUamYwTUZ1Q0RnX19OQW54X2pYcC1wLTJDSy1B!2m2!1d47.35223788869!2d-0.45061431466388!3f56.71874397666969!4f-26.697613749323935!5f0.7820865974627469\" style=\"border:0\" allowfullscreen=\"\" width=\"100%\" frameborder=\"0\"><\/iframe>\n\n<\/div><\/div>\n\n<div class=\"gb-container gb-container-fbe5f22f\"><div class=\"gb-inside-container\">\n<div class=\"gb-grid-wrapper gb-grid-wrapper-9f3701c8\">\n<div class=\"gb-grid-column gb-grid-column-c4aa0912\"><div class=\"gb-container gb-container-c4aa0912\"><div class=\"gb-inside-container\">\n\n<h3 class=\"gb-headline gb-headline-4f9fc026 gb-headline-text\">Be host of Brissac for an unforgettable experience<\/h3>\n\n\n\n<p class=\"gb-headline gb-headline-ebd4049e gb-headline-text\">For your own comfort and safety, the visit of Brissac is free and documented.<br>Take your time and allow 1 hour and 15 minutes for your visit.<\/p>\n\n\n<div class=\"gb-button-wrapper gb-button-wrapper-afd6bfe8\">\n\n<a class=\"gb-button gb-button-4a2206cd\" href=\"https:\/\/brissac.net\/en\/the-castle\/\"><span class=\"gb-button-text\">The castle<\/span><span class=\"gb-icon\"><svg aria-hidden=\"true\" role=\"img\" height=\"1em\" width=\"1em\" viewBox=\"0 0 256 512\" xmlns=\"http:\/\/www.w3.org\/2000\/svg\"><path fill=\"currentColor\" d=\"M224.3 273l-136 136c-9.4 9.4-24.6 9.4-33.9 0l-22.6-22.6c-9.4-9.4-9.4-24.6 0-33.9l96.4-96.4-96.4-96.4c-9.4-9.4-9.4-24.6 0-33.9L54.3 103c9.4-9.4 24.6-9.4 33.9 0l136 136c9.5 9.4 9.5 24.6.1 34z\"><\/path><\/svg><\/span><\/a>\n\n\n\n<a class=\"gb-button gb-button-b90c680f\" href=\"https:\/\/brissac.net\/en\/the-landscaped-park\/\"><span class=\"gb-button-text\">The landscaped park<\/span><span class=\"gb-icon\"><svg aria-hidden=\"true\" role=\"img\" height=\"1em\" width=\"1em\" viewBox=\"0 0 256 512\" xmlns=\"http:\/\/www.w3.org\/2000\/svg\"><path fill=\"currentColor\" d=\"M224.3 273l-136 136c-9.4 9.4-24.6 9.4-33.9 0l-22.6-22.6c-9.4-9.4-9.4-24.6 0-33.9l96.4-96.4-96.4-96.4c-9.4-9.4-9.4-24.6 0-33.9L54.3 103c9.4-9.4 24.6-9.4 33.9 0l136 136c9.5 9.4 9.5 24.6.1 34z\"><\/path><\/svg><\/span><\/a>\n\n<\/div>\n<\/div><\/div><\/div>\n\n<div class=\"gb-grid-column gb-grid-column-bce4c6a6\"><div class=\"gb-container gb-container-bce4c6a6\"><div class=\"gb-inside-container\">\n\n<figure class=\"wp-block-embed is-type-video is-provider-youtube wp-block-embed-youtube wp-embed-aspect-16-9 wp-has-aspect-ratio\"><div class=\"wp-block-embed__wrapper\">\n<iframe loading=\"lazy\" title=\"Ch\u00e2teau de Brissac &quot;Le Clip&quot;\" width=\"1200\" height=\"675\" src=\"https:\/\/www.youtube.com\/embed\/hN24XgYNxDU?feature=oembed\" frameborder=\"0\" allow=\"accelerometer; autoplay; clipboard-write; encrypted-media; gyroscope; picture-in-picture; web-share\" referrerpolicy=\"strict-origin-when-cross-origin\" allowfullscreen><\/iframe>\n<\/div><\/figure>\n\n<\/div><\/div><\/div>\n<\/div>\n<\/div><\/div>\n\n<div class=\"gb-container gb-container-757b1d97\"><div class=\"gb-inside-container\">\n<div class=\"gb-grid-wrapper gb-grid-wrapper-b3ca67b6\">\n<div class=\"gb-grid-column gb-grid-column-b6949989\"><div class=\"gb-container gb-container-b6949989\"><div class=\"gb-inside-container\">\n<div class=\"gb-button-wrapper gb-button-wrapper-f864b2c3\">\n\n<a class=\"gb-button gb-button-27fe3024\" href=\"https:\/\/brissac.net\/en\/receptions\/\"><span class=\"gb-button-text\">receptions<\/span><span class=\"gb-icon\"><svg aria-hidden=\"true\" role=\"img\" height=\"1em\" width=\"1em\" viewBox=\"0 0 256 512\" xmlns=\"http:\/\/www.w3.org\/2000\/svg\"><path fill=\"currentColor\" d=\"M224.3 273l-136 136c-9.4 9.4-24.6 9.4-33.9 0l-22.6-22.6c-9.4-9.4-9.4-24.6 0-33.9l96.4-96.4-96.4-96.4c-9.4-9.4-9.4-24.6 0-33.9L54.3 103c9.4-9.4 24.6-9.4 33.9 0l136 136c9.5 9.4 9.5 24.6.1 34z\"><\/path><\/svg><\/span><\/a>\n\n<\/div>\n\n\n<p class=\"gb-headline gb-headline-d83d5b96 gb-headline-text\">Brissac opens its medieval kitchens and ceremonial lounges for group meals or the organization of receptions.<\/p>\n\n\n\n<figure class=\"wp-block-image size-large\"><a href=\"https:\/\/brissac.net\/en\/receptions\/\"><img loading=\"lazy\" decoding=\"async\" width=\"800\" height=\"600\" src=\"https:\/\/brissac.net\/wp-content\/uploads\/2020\/01\/Cuisine-dressees-cheminee-chateau-brissac.jpg\" alt=\"\" class=\"wp-image-931\" srcset=\"https:\/\/brissac.net\/wp-content\/uploads\/2020\/01\/Cuisine-dressees-cheminee-chateau-brissac.jpg 800w, https:\/\/brissac.net\/wp-content\/uploads\/2020\/01\/Cuisine-dressees-cheminee-chateau-brissac-300x225.jpg 300w, https:\/\/brissac.net\/wp-content\/uploads\/2020\/01\/Cuisine-dressees-cheminee-chateau-brissac-768x576.jpg 768w\" sizes=\"auto, (max-width: 800px) 100vw, 800px\" \/><\/a><\/figure>\n\n<\/div><\/div><\/div>\n\n<div class=\"gb-grid-column gb-grid-column-f71d4bc5\"><div class=\"gb-container gb-container-f71d4bc5\"><div class=\"gb-inside-container\">\n<div class=\"gb-button-wrapper gb-button-wrapper-738e7e65\">\n\n<a class=\"gb-button gb-button-eb1e9eeb\" href=\"https:\/\/brissac.net\/en\/bed-and-breakfast\/\"><span class=\"gb-button-text\">bed and breakfast<\/span><span class=\"gb-icon\"><svg aria-hidden=\"true\" role=\"img\" height=\"1em\" width=\"1em\" viewBox=\"0 0 256 512\" xmlns=\"http:\/\/www.w3.org\/2000\/svg\"><path fill=\"currentColor\" d=\"M224.3 273l-136 136c-9.4 9.4-24.6 9.4-33.9 0l-22.6-22.6c-9.4-9.4-9.4-24.6 0-33.9l96.4-96.4-96.4-96.4c-9.4-9.4-9.4-24.6 0-33.9L54.3 103c9.4-9.4 24.6-9.4 33.9 0l136 136c9.5 9.4 9.5 24.6.1 34z\"><\/path><\/svg><\/span><\/a>\n\n<\/div>\n\n\n<p class=\"gb-headline gb-headline-de539fd4 gb-headline-text\">In a historic room with walls hung with 17th century tapestries, enjoy an unusual and authentic stay.<\/p>\n\n\n\n<figure class=\"wp-block-image size-large\"><a href=\"https:\/\/brissac.net\/en\/bed-and-breakfast\/\"><img loading=\"lazy\" decoding=\"async\" width=\"1000\" height=\"750\" src=\"https:\/\/brissac.net\/wp-content\/uploads\/2016\/06\/chateau-brissac-chambre-hote.jpg\" alt=\"\" class=\"wp-image-193\" srcset=\"https:\/\/brissac.net\/wp-content\/uploads\/2016\/06\/chateau-brissac-chambre-hote.jpg 1000w, https:\/\/brissac.net\/wp-content\/uploads\/2016\/06\/chateau-brissac-chambre-hote-300x225.jpg 300w, https:\/\/brissac.net\/wp-content\/uploads\/2016\/06\/chateau-brissac-chambre-hote-768x576.jpg 768w, https:\/\/brissac.net\/wp-content\/uploads\/2016\/06\/chateau-brissac-chambre-hote-800x600.jpg 800w\" sizes=\"auto, (max-width: 1000px) 100vw, 1000px\" \/><\/a><\/figure>\n\n<\/div><\/div><\/div>\n<\/div>\n<\/div><\/div>","protected":false},"excerpt":{"rendered":"","protected":false},"author":1,"featured_media":0,"parent":0,"menu_order":0,"comment_status":"closed","ping_status":"closed","template":"","meta":{"footnotes":""},"class_list":["post-641","page","type-page","status-publish"],"yoast_head":"<!-- This site is optimized with the Yoast SEO plugin v27.3 - https:\/\/yoast.com\/product\/yoast-seo-wordpress\/ -->\n<title>Ch\u00e2teau de Brissac | Anjou - Val de Loire | Demeure des ducs de Brissac<\/title>\n<meta name=\"description\" content=\"Demeure des ducs de Brissac, le plus haut ch\u00e2teau de France \u00e9l\u00e8ve ses fa\u00e7ades monumentales depuis son parc paysager. Le ch\u00e2teau est ouvert \u00e0 la visite.\" \/>\n<meta name=\"robots\" content=\"index, follow, max-snippet:-1, max-image-preview:large, max-video-preview:-1\" \/>\n<link rel=\"canonical\" href=\"https:\/\/brissac.net\/en\/\" \/>\n<meta property=\"og:locale\" content=\"en_US\" \/>\n<meta property=\"og:type\" content=\"article\" \/>\n<meta property=\"og:title\" content=\"Ch\u00e2teau de Brissac | Anjou - Val de Loire | Demeure des ducs de Brissac\" \/>\n<meta property=\"og:description\" content=\"Demeure des ducs de Brissac, le plus haut ch\u00e2teau de France \u00e9l\u00e8ve ses fa\u00e7ades monumentales depuis son parc paysager. Le ch\u00e2teau est ouvert \u00e0 la visite.\" \/>\n<meta property=\"og:url\" content=\"https:\/\/brissac.net\/en\/\" \/>\n<meta property=\"og:site_name\" content=\"Ch\u00e2teau de Brissac\" \/>\n<meta property=\"article:publisher\" content=\"https:\/\/www.facebook.com\/chateau.brissac\/\" \/>\n<meta property=\"article:modified_time\" content=\"2026-03-20T10:58:24+00:00\" \/>\n<meta property=\"og:image\" content=\"https:\/\/brissac.net\/wp-content\/uploads\/2016\/06\/chateau-brissac-gravure-contact.jpg\" \/>\n\t<meta property=\"og:image:width\" content=\"583\" \/>\n\t<meta property=\"og:image:height\" content=\"400\" \/>\n\t<meta property=\"og:image:type\" content=\"image\/jpeg\" \/>\n<meta name=\"twitter:card\" content=\"summary_large_image\" \/>\n<meta name=\"twitter:label1\" content=\"Est. reading time\" \/>\n\t<meta name=\"twitter:data1\" content=\"2 minutes\" \/>\n<script type=\"application\/ld+json\" class=\"yoast-schema-graph\">{\"@context\":\"https:\\\/\\\/schema.org\",\"@graph\":[{\"@type\":\"WebPage\",\"@id\":\"https:\\\/\\\/brissac.net\\\/en\\\/\",\"url\":\"https:\\\/\\\/brissac.net\\\/en\\\/\",\"name\":\"Ch\u00e2teau de Brissac | Anjou - Val de Loire | Demeure des ducs de Brissac\",\"isPartOf\":{\"@id\":\"https:\\\/\\\/brissac.net\\\/#website\"},\"primaryImageOfPage\":{\"@id\":\"https:\\\/\\\/brissac.net\\\/en\\\/#primaryimage\"},\"image\":{\"@id\":\"https:\\\/\\\/brissac.net\\\/en\\\/#primaryimage\"},\"thumbnailUrl\":\"https:\\\/\\\/brissac.net\\\/wp-content\\\/uploads\\\/2016\\\/06\\\/chateau-brissac-gravure-contact.jpg\",\"datePublished\":\"2016-06-23T13:36:40+00:00\",\"dateModified\":\"2026-03-20T10:58:24+00:00\",\"description\":\"Demeure des ducs de Brissac, le plus haut ch\u00e2teau de France \u00e9l\u00e8ve ses fa\u00e7ades monumentales depuis son parc paysager. Le ch\u00e2teau est ouvert \u00e0 la visite.\",\"breadcrumb\":{\"@id\":\"https:\\\/\\\/brissac.net\\\/en\\\/#breadcrumb\"},\"inLanguage\":\"en-US\",\"potentialAction\":[{\"@type\":\"ReadAction\",\"target\":[\"https:\\\/\\\/brissac.net\\\/en\\\/\"]}]},{\"@type\":\"ImageObject\",\"inLanguage\":\"en-US\",\"@id\":\"https:\\\/\\\/brissac.net\\\/en\\\/#primaryimage\",\"url\":\"https:\\\/\\\/brissac.net\\\/wp-content\\\/uploads\\\/2016\\\/06\\\/chateau-brissac-gravure-contact.jpg\",\"contentUrl\":\"https:\\\/\\\/brissac.net\\\/wp-content\\\/uploads\\\/2016\\\/06\\\/chateau-brissac-gravure-contact.jpg\"},{\"@type\":\"BreadcrumbList\",\"@id\":\"https:\\\/\\\/brissac.net\\\/en\\\/#breadcrumb\",\"itemListElement\":[{\"@type\":\"ListItem\",\"position\":1,\"name\":\"Accueil\",\"item\":\"https:\\\/\\\/brissac.net\\\/en\\\/\"},{\"@type\":\"ListItem\",\"position\":2,\"name\":\"Home\"}]},{\"@type\":\"WebSite\",\"@id\":\"https:\\\/\\\/brissac.net\\\/#website\",\"url\":\"https:\\\/\\\/brissac.net\\\/\",\"name\":\"Ch\u00e2teau de Brissac\",\"description\":\"Anjou - Val de Loire\",\"publisher\":{\"@id\":\"https:\\\/\\\/brissac.net\\\/#organization\"},\"potentialAction\":[{\"@type\":\"SearchAction\",\"target\":{\"@type\":\"EntryPoint\",\"urlTemplate\":\"https:\\\/\\\/brissac.net\\\/?s={search_term_string}\"},\"query-input\":{\"@type\":\"PropertyValueSpecification\",\"valueRequired\":true,\"valueName\":\"search_term_string\"}}],\"inLanguage\":\"en-US\"},{\"@type\":\"Organization\",\"@id\":\"https:\\\/\\\/brissac.net\\\/#organization\",\"name\":\"Ch\u00e2teau de Brissac\",\"url\":\"https:\\\/\\\/brissac.net\\\/\",\"logo\":{\"@type\":\"ImageObject\",\"inLanguage\":\"en-US\",\"@id\":\"https:\\\/\\\/brissac.net\\\/#\\\/schema\\\/logo\\\/image\\\/\",\"url\":\"https:\\\/\\\/brissac.net\\\/wp-content\\\/uploads\\\/2016\\\/06\\\/chateau-brissac-logo.png\",\"contentUrl\":\"https:\\\/\\\/brissac.net\\\/wp-content\\\/uploads\\\/2016\\\/06\\\/chateau-brissac-logo.png\",\"width\":459,\"height\":150,\"caption\":\"Ch\u00e2teau de Brissac\"},\"image\":{\"@id\":\"https:\\\/\\\/brissac.net\\\/#\\\/schema\\\/logo\\\/image\\\/\"},\"sameAs\":[\"https:\\\/\\\/www.facebook.com\\\/chateau.brissac\\\/\"]}]}<\/script>\n<!-- \/ Yoast SEO plugin. -->","yoast_head_json":{"title":"Ch\u00e2teau de Brissac | Anjou - Val de Loire | Demeure des ducs de Brissac","description":"Demeure des ducs de Brissac, le plus haut ch\u00e2teau de France \u00e9l\u00e8ve ses fa\u00e7ades monumentales depuis son parc paysager. Le ch\u00e2teau est ouvert \u00e0 la visite.","robots":{"index":"index","follow":"follow","max-snippet":"max-snippet:-1","max-image-preview":"max-image-preview:large","max-video-preview":"max-video-preview:-1"},"canonical":"https:\/\/brissac.net\/en\/","og_locale":"en_US","og_type":"article","og_title":"Ch\u00e2teau de Brissac | Anjou - Val de Loire | Demeure des ducs de Brissac","og_description":"Demeure des ducs de Brissac, le plus haut ch\u00e2teau de France \u00e9l\u00e8ve ses fa\u00e7ades monumentales depuis son parc paysager. Le ch\u00e2teau est ouvert \u00e0 la visite.","og_url":"https:\/\/brissac.net\/en\/","og_site_name":"Ch\u00e2teau de Brissac","article_publisher":"https:\/\/www.facebook.com\/chateau.brissac\/","article_modified_time":"2026-03-20T10:58:24+00:00","og_image":[{"width":583,"height":400,"url":"https:\/\/brissac.net\/wp-content\/uploads\/2016\/06\/chateau-brissac-gravure-contact.jpg","type":"image\/jpeg"}],"twitter_card":"summary_large_image","twitter_misc":{"Est. reading time":"2 minutes"},"schema":{"@context":"https:\/\/schema.org","@graph":[{"@type":"WebPage","@id":"https:\/\/brissac.net\/en\/","url":"https:\/\/brissac.net\/en\/","name":"Ch\u00e2teau de Brissac | Anjou - Val de Loire | Demeure des ducs de Brissac","isPartOf":{"@id":"https:\/\/brissac.net\/#website"},"primaryImageOfPage":{"@id":"https:\/\/brissac.net\/en\/#primaryimage"},"image":{"@id":"https:\/\/brissac.net\/en\/#primaryimage"},"thumbnailUrl":"https:\/\/brissac.net\/wp-content\/uploads\/2016\/06\/chateau-brissac-gravure-contact.jpg","datePublished":"2016-06-23T13:36:40+00:00","dateModified":"2026-03-20T10:58:24+00:00","description":"Demeure des ducs de Brissac, le plus haut ch\u00e2teau de France \u00e9l\u00e8ve ses fa\u00e7ades monumentales depuis son parc paysager. Le ch\u00e2teau est ouvert \u00e0 la visite.","breadcrumb":{"@id":"https:\/\/brissac.net\/en\/#breadcrumb"},"inLanguage":"en-US","potentialAction":[{"@type":"ReadAction","target":["https:\/\/brissac.net\/en\/"]}]},{"@type":"ImageObject","inLanguage":"en-US","@id":"https:\/\/brissac.net\/en\/#primaryimage","url":"https:\/\/brissac.net\/wp-content\/uploads\/2016\/06\/chateau-brissac-gravure-contact.jpg","contentUrl":"https:\/\/brissac.net\/wp-content\/uploads\/2016\/06\/chateau-brissac-gravure-contact.jpg"},{"@type":"BreadcrumbList","@id":"https:\/\/brissac.net\/en\/#breadcrumb","itemListElement":[{"@type":"ListItem","position":1,"name":"Accueil","item":"https:\/\/brissac.net\/en\/"},{"@type":"ListItem","position":2,"name":"Home"}]},{"@type":"WebSite","@id":"https:\/\/brissac.net\/#website","url":"https:\/\/brissac.net\/","name":"Ch\u00e2teau de Brissac","description":"Anjou - Val de Loire","publisher":{"@id":"https:\/\/brissac.net\/#organization"},"potentialAction":[{"@type":"SearchAction","target":{"@type":"EntryPoint","urlTemplate":"https:\/\/brissac.net\/?s={search_term_string}"},"query-input":{"@type":"PropertyValueSpecification","valueRequired":true,"valueName":"search_term_string"}}],"inLanguage":"en-US"},{"@type":"Organization","@id":"https:\/\/brissac.net\/#organization","name":"Ch\u00e2teau de Brissac","url":"https:\/\/brissac.net\/","logo":{"@type":"ImageObject","inLanguage":"en-US","@id":"https:\/\/brissac.net\/#\/schema\/logo\/image\/","url":"https:\/\/brissac.net\/wp-content\/uploads\/2016\/06\/chateau-brissac-logo.png","contentUrl":"https:\/\/brissac.net\/wp-content\/uploads\/2016\/06\/chateau-brissac-logo.png","width":459,"height":150,"caption":"Ch\u00e2teau de Brissac"},"image":{"@id":"https:\/\/brissac.net\/#\/schema\/logo\/image\/"},"sameAs":["https:\/\/www.facebook.com\/chateau.brissac\/"]}]}},"_links":{"self":[{"href":"https:\/\/brissac.net\/en\/wp-json\/wp\/v2\/pages\/641","targetHints":{"allow":["GET"]}}],"collection":[{"href":"https:\/\/brissac.net\/en\/wp-json\/wp\/v2\/pages"}],"about":[{"href":"https:\/\/brissac.net\/en\/wp-json\/wp\/v2\/types\/page"}],"author":[{"embeddable":true,"href":"https:\/\/brissac.net\/en\/wp-json\/wp\/v2\/users\/1"}],"replies":[{"embeddable":true,"href":"https:\/\/brissac.net\/en\/wp-json\/wp\/v2\/comments?post=641"}],"version-history":[{"count":26,"href":"https:\/\/brissac.net\/en\/wp-json\/wp\/v2\/pages\/641\/revisions"}],"predecessor-version":[{"id":3301,"href":"https:\/\/brissac.net\/en\/wp-json\/wp\/v2\/pages\/641\/revisions\/3301"}],"wp:attachment":[{"href":"https:\/\/brissac.net\/en\/wp-json\/wp\/v2\/media?parent=641"}],"curies":[{"name":"wp","href":"https:\/\/api.w.org\/{rel}","templated":true}]}}